{"id":1033,"date":"2024-10-19T18:21:15","date_gmt":"2024-10-19T16:21:15","guid":{"rendered":"https:\/\/aipratidilazise.com\/cookie-richtlinie\/"},"modified":"2025-03-12T11:03:22","modified_gmt":"2025-03-12T10:03:22","slug":"cookie-richtlinie","status":"publish","type":"page","link":"https:\/\/aipratidilazise.com\/de\/cookie-richtlinie\/","title":{"rendered":"Cookie-Richtlinie"},"content":{"rendered":"\t\t<div data-elementor-type=\"wp-page\" data-elementor-id=\"1033\" class=\"elementor elementor-1033 elementor-979\" data-elementor-post-type=\"page\">\n\t\t\t\t<div class=\"elementor-element elementor-element-a971409 e-flex e-con-boxed e-con e-parent\" data-id=\"a971409\" data-element_type=\"container\" data-settings=\"{&quot;background_background&quot;:&quot;classic&quot;}\">\n\t\t\t\t\t<div class=\"e-con-inner\">\n\t\t\t\t\t<\/div>\n\t\t\t\t<\/div>\n\t\t<div class=\"elementor-element elementor-element-39551ce2 e-flex e-con-boxed e-con e-parent\" data-id=\"39551ce2\" data-element_type=\"container\">\n\t\t\t\t\t<div class=\"e-con-inner\">\n\t\t\t\t<div class=\"elementor-element elementor-element-7075f4bc elementor-widget elementor-widget-text-editor\" data-id=\"7075f4bc\" data-element_type=\"widget\" data-widget_type=\"text-editor.default\">\n\t\t\t\t<div class=\"elementor-widget-container\">\n\t\t\t\t\t\t\t\t\t<h1><strong>Cookie-Richtlinie von Ai Prati di Lazise<\/strong><\/h1>\n\n<hr>\n\nDiese Website verwendet Cookies, um dem Benutzer eine korrekte Nutzung der Website und ein besseres Surferlebnis zu erm\u00f6glichen.\n<h4><b>Was sind Cookies?<\/b><\/h4>\nCookies sind kleine Textdateien, die vom Server der besuchten Website auf den Endger\u00e4ten der Benutzer gespeichert werden. Sie enthalten Informationen \u00fcber die Navigation des Benutzers, die von dem Server, der sie gesendet hat, in nachfolgenden Navigationssitzungen gelesen werden k\u00f6nnen. \n<h4><b>Arten von Cookies<\/b><\/h4>\n<b>Technische Cookies<\/b>: Diese werden verwendet, um die Computerauthentifizierung durchzuf\u00fchren, Sitzungen zu \u00fcberwachen und spezifische Informationen \u00fcber Benutzer zu speichern, die auf eine Webseite zugreifen.\n\nDiese Cookies sind oft n\u00fctzlich, weil sie das Surfen und die Nutzung des Webs schneller und bequemer machen k\u00f6nnen, da sie bestimmte Vorg\u00e4nge erleichtern.\n\n<b>Funktionale Cookies<\/b>: Sie erm\u00f6glichen es der Website, sich an die vom Benutzer getroffenen Auswahlen zu erinnern (z.B. die Sprache oder das geografische Gebiet, in dem sich der Benutzer befindet) und sie bei sp\u00e4teren Zugriffen erneut vorzuschlagen, um bessere, personalisierte Dienste anbieten zu k\u00f6nnen (z.B. k\u00f6nnen sie verwendet werden, um \u00e4hnliche Inhalte vorzuschlagen, wie sie zuvor vom Benutzer angefordert wurden).\n\n<b>Statistik-Cookies<\/b>: werden von Website-Betreibern verwendet, um in aggregierter Form Informationen \u00fcber die Anzahl der Nutzer und deren Besuch der Website zu sammeln und so allgemeine Statistiken \u00fcber den Dienst und seine Nutzung zu erstellen.\n\n<b>Profilierungs-Cookies<\/b>: Sie werden verwendet, um Benutzer w\u00e4hrend des Surfens zu \u00fcberwachen und zu profilieren, ihre Bewegungen und Web-Browsing- oder Konsumgewohnheiten zu untersuchen, auch um gezielte und personalisierte Service-Werbung zu senden.\n\nJe nachdem, welche Instanz Cookies auf dem Endger\u00e4t des Nutzers installiert, werden Cookies in <b>&#8218;Erstanbieter&#8216;-C<\/b> ookies oder <b>&#8218;Drittanbieter&#8216;-Cookies<\/b> unterschieden <b>.<\/b>\n\nErstanbieter-Cookies werden direkt vom Betreiber der Website selbst installiert.\n\nCookies von Drittanbietern hingegen sind Cookies, die von einer anderen Website als derjenigen, auf der der Benutzer surft, verwaltet werden, aber mit ihr verkn\u00fcpft sind, um bestimmte Arten von Inhalten zu verwalten. Dabei handelt es sich in der Regel um Bilder, T\u00f6ne, Links oder andere Elemente, die sich au\u00dferhalb der besuchten Website befinden. \n<h4><b>Beschreibung, wie Sie der Installation von Cookies zustimmen k\u00f6nnen<\/b><\/h4>\nWenn der Nutzer zum ersten Mal auf diese Website zugreift, findet er ein Banner mit einem kurzen Informationshinweis, der einen Link zu diesem erweiterten Informationshinweis enth\u00e4lt. In diesem erweiterten Hinweis findet der Nutzer weitere Informationen \u00fcber die Beschreibung und die Merkmale der verschiedenen Kategorien von Cookies, die vom Eigent\u00fcmer und von Dritten installiert werden, und er hat die M\u00f6glichkeit, selbst zu entscheiden, welche der Cookies er zulassen m\u00f6chte. F\u00fcr die Verwendung von technischen Cookies ist die Zustimmung des Benutzers nicht erforderlich. F\u00fcr andere Cookies ist jedoch die Zustimmung erforderlich. In jedem Fall kann der Nutzer jederzeit seine Pr\u00e4ferenzen in Bezug auf Cookies \u00e4ndern, auch indem er die Zustimmung zur Verwendung von Cookies (einschlie\u00dflich der von Dritten installierten Cookies) auf der Website verweigert.    \t\t\t\t\t\t\t\t<\/div>\n\t\t\t\t<\/div>\n\t\t\t\t<div class=\"elementor-element elementor-element-7ea9ad6 elementor-widget elementor-widget-html\" data-id=\"7ea9ad6\" data-element_type=\"widget\" data-widget_type=\"html.default\">\n\t\t\t\t<div class=\"elementor-widget-container\">\n\t\t\t\t\t<script>document.addEventListener(\"DOMContentLoaded\", function() {\n    function copyCookieYesContent() {\n        var cookieYesContent = document.querySelector('.cky-accordion-wrapper');\n        var myContainer = document.getElementById('cookie_utilizzati');\n\n        if (cookieYesContent && myContainer) {\n            \/\/ Copia il contenuto HTML\n            myContainer.innerHTML = cookieYesContent.innerHTML;\n\n            \/\/ Rimuovi gli elementi con le classi specificate\n            var classesToRemove = ['.cky-switch', '.cky-always-active', '.cky-accordion-header-des'];\n            classesToRemove.forEach(function(className) {\n                var elements = myContainer.querySelectorAll(className);\n                elements.forEach(function(element) {\n                    element.parentNode.removeChild(element);\n                });\n            });\n\n            \/\/ Mostra gli elementi con classe .cky-accordion-body\n            var accordionBodies = myContainer.querySelectorAll('.cky-accordion-body');\n            accordionBodies.forEach(function(element) {\n                element.style.display = 'block';\n            });\n        } else {\n            \/\/ Riprova dopo un breve ritardo se gli elementi non sono ancora disponibili\n            setTimeout(copyCookieYesContent, 500);\n        }\n    }\n\n    copyCookieYesContent();\n});\n<\/script>\t\t\t\t<\/div>\n\t\t\t\t<\/div>\n\t\t\t\t<div class=\"elementor-element elementor-element-bc6a3e7 elementor-widget elementor-widget-n-accordion\" data-id=\"bc6a3e7\" data-element_type=\"widget\" data-settings=\"{&quot;default_state&quot;:&quot;all_collapsed&quot;,&quot;max_items_expended&quot;:&quot;one&quot;,&quot;n_accordion_animation_duration&quot;:{&quot;unit&quot;:&quot;ms&quot;,&quot;size&quot;:400,&quot;sizes&quot;:[]}}\" data-widget_type=\"nested-accordion.default\">\n\t\t\t\t<div class=\"elementor-widget-container\">\n\t\t\t\t\t\t\t<div class=\"e-n-accordion\" aria-label=\"Accordion. Open links with Enter or Space, close with Escape, and navigate with Arrow Keys\">\n\t\t\t\t\t\t<details id=\"e-n-accordion-item-1970\" class=\"e-n-accordion-item\" >\n\t\t\t\t<summary class=\"e-n-accordion-item-title\" data-accordion-index=\"1\" tabindex=\"0\" aria-expanded=\"false\" aria-controls=\"e-n-accordion-item-1970\" >\n\t\t\t\t\t<span class='e-n-accordion-item-title-header'><div class=\"e-n-accordion-item-title-text\"> Auf dieser Website verwendete Cookies <\/div><\/span>\n\t\t\t\t\t\t\t<span class='e-n-accordion-item-title-icon'>\n\t\t\t<span class='e-opened' ><svg aria-hidden=\"true\" class=\"e-font-icon-svg e-fas-minus\" viewBox=\"0 0 448 512\" xmlns=\"http:\/\/www.w3.org\/2000\/svg\"><path d=\"M416 208H32c-17.67 0-32 14.33-32 32v32c0 17.67 14.33 32 32 32h384c17.67 0 32-14.33 32-32v-32c0-17.67-14.33-32-32-32z\"><\/path><\/svg><\/span>\n\t\t\t<span class='e-closed'><svg aria-hidden=\"true\" class=\"e-font-icon-svg e-fas-plus\" viewBox=\"0 0 448 512\" xmlns=\"http:\/\/www.w3.org\/2000\/svg\"><path d=\"M416 208H272V64c0-17.67-14.33-32-32-32h-32c-17.67 0-32 14.33-32 32v144H32c-17.67 0-32 14.33-32 32v32c0 17.67 14.33 32 32 32h144v144c0 17.67 14.33 32 32 32h32c17.67 0 32-14.33 32-32V304h144c17.67 0 32-14.33 32-32v-32c0-17.67-14.33-32-32-32z\"><\/path><\/svg><\/span>\n\t\t<\/span>\n\n\t\t\t\t\t\t<\/summary>\n\t\t\t\t<div role=\"region\" aria-labelledby=\"e-n-accordion-item-1970\" class=\"elementor-element elementor-element-2a0b2e4 e-con-full e-flex e-con e-child\" data-id=\"2a0b2e4\" data-element_type=\"container\" id=\"cookie_utilizzati\">\n\t\t\t\t<\/div>\n\t\t\t\t\t<\/details>\n\t\t\t\t\t<\/div>\n\t\t\t\t\t\t<\/div>\n\t\t\t\t<\/div>\n\t\t\t\t<div class=\"elementor-element elementor-element-6e4d416 elementor-widget elementor-widget-text-editor\" data-id=\"6e4d416\" data-element_type=\"widget\" data-widget_type=\"text-editor.default\">\n\t\t\t\t<div class=\"elementor-widget-container\">\n\t\t\t\t\t\t\t\t\t<h4><strong>Aktualisierungen der Cookie-Richtlinie<\/strong><\/h4>\nWir behalten uns das Recht vor, \u00c4nderungen an dieser Cookie-Richtlinie vorzunehmen. Wir laden Sie daher ein, diese Seite regelm\u00e4\u00dfig zu konsultieren, um sich \u00fcber etwaige \u00c4nderungen zu informieren. \n<h4><strong>Kontakt<\/strong><\/h4>\nWenn Sie Informationen oder Fragen zu dieser Cookie-Richtlinie haben, kontaktieren Sie uns bitte per E-Mail:\n\n<strong><a rel=\"noopener\">aipratidilazise@gmail.com<\/a><\/strong>\n\n<hr>\n\n<em>Zuletzt aktualisiert: 19. Oktober 2024<\/em>\t\t\t\t\t\t\t\t<\/div>\n\t\t\t\t<\/div>\n\t\t\t\t\t<\/div>\n\t\t\t\t<\/div>\n\t\t\t\t<\/div>\n\t\t","protected":false},"excerpt":{"rendered":"<p>Cookie-Richtlinie von Ai Prati di Lazise Diese Website verwendet Cookies, um dem Benutzer eine korrekte Nutzung der Website und ein besseres Surferlebnis zu erm\u00f6glichen. Was sind Cookies? Cookies sind kleine Textdateien, die vom Server der besuchten Website auf den Endger\u00e4ten der Benutzer gespeichert werden. Sie enthalten Informationen \u00fcber die Navigation des Benutzers, die von dem [&hellip;]<\/p>\n","protected":false},"author":1,"featured_media":0,"parent":0,"menu_order":0,"comment_status":"closed","ping_status":"closed","template":"","meta":{"footnotes":""},"class_list":["post-1033","page","type-page","status-publish","hentry"],"yoast_head":"<!-- This site is optimized with the Yoast SEO plugin v24.2 - https:\/\/yoast.com\/wordpress\/plugins\/seo\/ -->\n<title>Cookie-Richtlinie - Ai Prati di Lazise<\/title>\n<meta name=\"robots\" content=\"index, follow, max-snippet:-1, max-image-preview:large, max-video-preview:-1\" \/>\n<link rel=\"canonical\" href=\"https:\/\/aipratidilazise.com\/de\/cookie-richtlinie\/\" \/>\n<meta property=\"og:locale\" content=\"de_DE\" \/>\n<meta property=\"og:type\" content=\"article\" \/>\n<meta property=\"og:title\" content=\"Cookie-Richtlinie - Ai Prati di Lazise\" \/>\n<meta property=\"og:description\" content=\"Cookie-Richtlinie von Ai Prati di Lazise Diese Website verwendet Cookies, um dem Benutzer eine korrekte Nutzung der Website und ein besseres Surferlebnis zu erm\u00f6glichen. Was sind Cookies? Cookies sind kleine Textdateien, die vom Server der besuchten Website auf den Endger\u00e4ten der Benutzer gespeichert werden. Sie enthalten Informationen \u00fcber die Navigation des Benutzers, die von dem [&hellip;]\" \/>\n<meta property=\"og:url\" content=\"https:\/\/aipratidilazise.com\/de\/cookie-richtlinie\/\" \/>\n<meta property=\"og:site_name\" content=\"Ai Prati di Lazise\" \/>\n<meta property=\"article:publisher\" content=\"https:\/\/www.facebook.com\/pages\/Agriturismo-Ai-Prati\/651156518307877?sk=timeline\" \/>\n<meta property=\"article:modified_time\" content=\"2025-03-12T10:03:22+00:00\" \/>\n<meta name=\"twitter:card\" content=\"summary_large_image\" \/>\n<meta name=\"twitter:label1\" content=\"Gesch\u00e4tzte Lesezeit\" \/>\n\t<meta name=\"twitter:data1\" content=\"3\u00a0Minuten\" \/>\n<script type=\"application\/ld+json\" class=\"yoast-schema-graph\">{\"@context\":\"https:\/\/schema.org\",\"@graph\":[{\"@type\":\"WebPage\",\"@id\":\"https:\/\/aipratidilazise.com\/de\/cookie-richtlinie\/\",\"url\":\"https:\/\/aipratidilazise.com\/de\/cookie-richtlinie\/\",\"name\":\"Cookie-Richtlinie - Ai Prati di Lazise\",\"isPartOf\":{\"@id\":\"https:\/\/aipratidilazise.com\/de\/#website\"},\"datePublished\":\"2024-10-19T16:21:15+00:00\",\"dateModified\":\"2025-03-12T10:03:22+00:00\",\"breadcrumb\":{\"@id\":\"https:\/\/aipratidilazise.com\/de\/cookie-richtlinie\/#breadcrumb\"},\"inLanguage\":\"de\",\"potentialAction\":[{\"@type\":\"ReadAction\",\"target\":[\"https:\/\/aipratidilazise.com\/de\/cookie-richtlinie\/\"]}]},{\"@type\":\"BreadcrumbList\",\"@id\":\"https:\/\/aipratidilazise.com\/de\/cookie-richtlinie\/#breadcrumb\",\"itemListElement\":[{\"@type\":\"ListItem\",\"position\":1,\"name\":\"Home\",\"item\":\"https:\/\/aipratidilazise.com\/de\/\"},{\"@type\":\"ListItem\",\"position\":2,\"name\":\"Cookie-Richtlinie\"}]},{\"@type\":\"WebSite\",\"@id\":\"https:\/\/aipratidilazise.com\/de\/#website\",\"url\":\"https:\/\/aipratidilazise.com\/de\/\",\"name\":\"Ai Prati di Lazise\",\"description\":\"Agriturimo e Agricampeggio\",\"potentialAction\":[{\"@type\":\"SearchAction\",\"target\":{\"@type\":\"EntryPoint\",\"urlTemplate\":\"https:\/\/aipratidilazise.com\/de\/?s={search_term_string}\"},\"query-input\":{\"@type\":\"PropertyValueSpecification\",\"valueRequired\":true,\"valueName\":\"search_term_string\"}}],\"inLanguage\":\"de\"}]}<\/script>\n<!-- \/ Yoast SEO plugin. -->","yoast_head_json":{"title":"Cookie-Richtlinie - Ai Prati di Lazise","robots":{"index":"index","follow":"follow","max-snippet":"max-snippet:-1","max-image-preview":"max-image-preview:large","max-video-preview":"max-video-preview:-1"},"canonical":"https:\/\/aipratidilazise.com\/de\/cookie-richtlinie\/","og_locale":"de_DE","og_type":"article","og_title":"Cookie-Richtlinie - Ai Prati di Lazise","og_description":"Cookie-Richtlinie von Ai Prati di Lazise Diese Website verwendet Cookies, um dem Benutzer eine korrekte Nutzung der Website und ein besseres Surferlebnis zu erm\u00f6glichen. Was sind Cookies? Cookies sind kleine Textdateien, die vom Server der besuchten Website auf den Endger\u00e4ten der Benutzer gespeichert werden. Sie enthalten Informationen \u00fcber die Navigation des Benutzers, die von dem [&hellip;]","og_url":"https:\/\/aipratidilazise.com\/de\/cookie-richtlinie\/","og_site_name":"Ai Prati di Lazise","article_publisher":"https:\/\/www.facebook.com\/pages\/Agriturismo-Ai-Prati\/651156518307877?sk=timeline","article_modified_time":"2025-03-12T10:03:22+00:00","twitter_card":"summary_large_image","twitter_misc":{"Gesch\u00e4tzte Lesezeit":"3\u00a0Minuten"},"schema":{"@context":"https:\/\/schema.org","@graph":[{"@type":"WebPage","@id":"https:\/\/aipratidilazise.com\/de\/cookie-richtlinie\/","url":"https:\/\/aipratidilazise.com\/de\/cookie-richtlinie\/","name":"Cookie-Richtlinie - Ai Prati di Lazise","isPartOf":{"@id":"https:\/\/aipratidilazise.com\/de\/#website"},"datePublished":"2024-10-19T16:21:15+00:00","dateModified":"2025-03-12T10:03:22+00:00","breadcrumb":{"@id":"https:\/\/aipratidilazise.com\/de\/cookie-richtlinie\/#breadcrumb"},"inLanguage":"de","potentialAction":[{"@type":"ReadAction","target":["https:\/\/aipratidilazise.com\/de\/cookie-richtlinie\/"]}]},{"@type":"BreadcrumbList","@id":"https:\/\/aipratidilazise.com\/de\/cookie-richtlinie\/#breadcrumb","itemListElement":[{"@type":"ListItem","position":1,"name":"Home","item":"https:\/\/aipratidilazise.com\/de\/"},{"@type":"ListItem","position":2,"name":"Cookie-Richtlinie"}]},{"@type":"WebSite","@id":"https:\/\/aipratidilazise.com\/de\/#website","url":"https:\/\/aipratidilazise.com\/de\/","name":"Ai Prati di Lazise","description":"Agriturimo e Agricampeggio","potentialAction":[{"@type":"SearchAction","target":{"@type":"EntryPoint","urlTemplate":"https:\/\/aipratidilazise.com\/de\/?s={search_term_string}"},"query-input":{"@type":"PropertyValueSpecification","valueRequired":true,"valueName":"search_term_string"}}],"inLanguage":"de"}]}},"_links":{"self":[{"href":"https:\/\/aipratidilazise.com\/de\/wp-json\/wp\/v2\/pages\/1033","targetHints":{"allow":["GET"]}}],"collection":[{"href":"https:\/\/aipratidilazise.com\/de\/wp-json\/wp\/v2\/pages"}],"about":[{"href":"https:\/\/aipratidilazise.com\/de\/wp-json\/wp\/v2\/types\/page"}],"author":[{"embeddable":true,"href":"https:\/\/aipratidilazise.com\/de\/wp-json\/wp\/v2\/users\/1"}],"replies":[{"embeddable":true,"href":"https:\/\/aipratidilazise.com\/de\/wp-json\/wp\/v2\/comments?post=1033"}],"version-history":[{"count":2,"href":"https:\/\/aipratidilazise.com\/de\/wp-json\/wp\/v2\/pages\/1033\/revisions"}],"predecessor-version":[{"id":2518,"href":"https:\/\/aipratidilazise.com\/de\/wp-json\/wp\/v2\/pages\/1033\/revisions\/2518"}],"wp:attachment":[{"href":"https:\/\/aipratidilazise.com\/de\/wp-json\/wp\/v2\/media?parent=1033"}],"curies":[{"name":"wp","href":"https:\/\/api.w.org\/{rel}","templated":true}]}}