{"id":1633,"date":"2025-02-18T08:36:16","date_gmt":"2025-02-18T07:36:16","guid":{"rendered":"https:\/\/aipratidilazise.com\/nachhaltigkeit\/"},"modified":"2025-02-26T10:59:43","modified_gmt":"2025-02-26T09:59:43","slug":"nachhaltigkeit","status":"publish","type":"page","link":"https:\/\/aipratidilazise.com\/de\/nachhaltigkeit\/","title":{"rendered":"Nachhaltigkeit"},"content":{"rendered":"\t\t<div data-elementor-type=\"wp-page\" data-elementor-id=\"1633\" class=\"elementor elementor-1633 elementor-1628\" data-elementor-post-type=\"page\">\n\t\t\t\t<div class=\"elementor-element elementor-element-f91b1f7 e-flex e-con-boxed e-con e-parent\" data-id=\"f91b1f7\" data-element_type=\"container\" data-settings=\"{&quot;background_background&quot;:&quot;classic&quot;}\">\n\t\t\t\t\t<div class=\"e-con-inner\">\n\t\t<div class=\"elementor-element elementor-element-fb31a1b e-con-full e-flex e-con e-child\" data-id=\"fb31a1b\" data-element_type=\"container\">\n\t\t\t\t<div class=\"elementor-element elementor-element-42cf4b5 elementor-widget elementor-widget-heading\" data-id=\"42cf4b5\" data-element_type=\"widget\" data-widget_type=\"heading.default\">\n\t\t\t\t<div class=\"elementor-widget-container\">\n\t\t\t\t\t<h2 class=\"elementor-heading-title elementor-size-default\">Willkommen auf den Wiesen von Lazise<\/h2>\t\t\t\t<\/div>\n\t\t\t\t<\/div>\n\t\t\t\t<div class=\"elementor-element elementor-element-659e504 elementor-widget elementor-widget-heading\" data-id=\"659e504\" data-element_type=\"widget\" data-widget_type=\"heading.default\">\n\t\t\t\t<div class=\"elementor-widget-container\">\n\t\t\t\t\t<h2 class=\"elementor-heading-title elementor-size-default\">Nachhaltigkeit<\/h2>\t\t\t\t<\/div>\n\t\t\t\t<\/div>\n\t\t\t\t<div class=\"elementor-element elementor-element-ae1fa6a elementor-widget elementor-widget-spacer\" data-id=\"ae1fa6a\" data-element_type=\"widget\" data-widget_type=\"spacer.default\">\n\t\t\t\t<div class=\"elementor-widget-container\">\n\t\t\t\t\t\t\t<div class=\"elementor-spacer\">\n\t\t\t<div class=\"elementor-spacer-inner\"><\/div>\n\t\t<\/div>\n\t\t\t\t\t\t<\/div>\n\t\t\t\t<\/div>\n\t\t\t\t<\/div>\n\t\t\t\t\t<\/div>\n\t\t\t\t<\/div>\n\t\t<div class=\"elementor-element elementor-element-1499a48 e-flex e-con-boxed e-con e-parent\" data-id=\"1499a48\" data-element_type=\"container\">\n\t\t\t\t\t<div class=\"e-con-inner\">\n\t\t\t\t<div class=\"elementor-element elementor-element-10832d3 elementor-widget elementor-widget-heading\" data-id=\"10832d3\" data-element_type=\"widget\" data-widget_type=\"heading.default\">\n\t\t\t\t<div class=\"elementor-widget-container\">\n\t\t\t\t\t<h2 class=\"elementor-heading-title elementor-size-default\">Unser Fokus auf Nachhaltigkeit<\/h2>\t\t\t\t<\/div>\n\t\t\t\t<\/div>\n\t\t\t\t<div class=\"elementor-element elementor-element-68c36e2 elementor-widget elementor-widget-text-editor\" data-id=\"68c36e2\" data-element_type=\"widget\" data-widget_type=\"text-editor.default\">\n\t\t\t\t<div class=\"elementor-widget-container\">\n\t\t\t\t\t\t\t\t\t<p>Auf der Farm glauben wir, dass die Sch\u00f6nheit der Natur f\u00fcr zuk\u00fcnftige<br \/>Generationen erhalten werden muss. Aus diesem Grund haben wir eine Reihe von nachhaltigen Praktiken eingef\u00fchrt, die unser<br \/>Engagement konkret und t\u00e4glich machen. <\/p>\n\t\t\t\t\t\t\t\t<\/div>\n\t\t\t\t<\/div>\n\t\t\t\t\t<\/div>\n\t\t\t\t<\/div>\n\t\t<div class=\"elementor-element elementor-element-a2414b5 e-flex e-con-boxed e-con e-parent\" data-id=\"a2414b5\" data-element_type=\"container\">\n\t\t\t\t\t<div class=\"e-con-inner\">\n\t\t\t\t<div class=\"elementor-element elementor-element-20f3417 elementor-widget elementor-widget-heading\" data-id=\"20f3417\" data-element_type=\"widget\" data-widget_type=\"heading.default\">\n\t\t\t\t<div class=\"elementor-widget-container\">\n\t\t\t\t\t<h2 class=\"elementor-heading-title elementor-size-default\">Saubere Energie<\/h2>\t\t\t\t<\/div>\n\t\t\t\t<\/div>\n\t\t\t\t<div class=\"elementor-element elementor-element-15d38c1 elementor-widget elementor-widget-text-editor\" data-id=\"15d38c1\" data-element_type=\"widget\" data-widget_type=\"text-editor.default\">\n\t\t\t\t<div class=\"elementor-widget-container\">\n\t\t\t\t\t\t\t\t\t\nWir haben eine 11-kW-Photovoltaikanlage installiert, die es uns erm\u00f6glicht, erneuerbaren Strom f\u00fcr unsere Einrichtung zu produzieren.\nAuf diese Weise reduzieren wir unsere Auswirkungen auf die Umwelt und nutzen die Kraft der Sonne, um unseren t\u00e4glichen Bedarf zu decken.\nDie Energie, die wir nicht selbst erzeugen k\u00f6nnen, stammt jedoch garantiert aus nachhaltigen Quellen, dank unseres Engagements f\u00fcr eine gr\u00fcne Zukunft.\n\nWir sind n\u00e4mlich mit dem Label Be ForGreen Be Sustainable zertifiziert, das die Verwendung von 100% erneuerbarer, r\u00fcckverfolgbarer und zertifizierter Energie innerhalb der Agrarenergiegemeinschaft bescheinigt.\n\nDieses Zertifikat, zusammen mit den Labels EKOenergy und Be ForGreen Be Sustainable, zeugt von unserem kontinuierlichen Engagement f\u00fcr Nachhaltigkeit und erm\u00f6glicht es uns, unsere \u00f6kologische Entscheidung mit Stolz zu kommunizieren.    \t\t\t\t\t\t\t\t<\/div>\n\t\t\t\t<\/div>\n\t\t\t\t\t<\/div>\n\t\t\t\t<\/div>\n\t\t<div class=\"elementor-element elementor-element-b5330ab e-flex e-con-boxed e-con e-parent\" data-id=\"b5330ab\" data-element_type=\"container\">\n\t\t\t\t\t<div class=\"e-con-inner\">\n\t\t\t\t<div class=\"elementor-element elementor-element-2574e13 elementor-widget elementor-widget-gallery\" data-id=\"2574e13\" data-element_type=\"widget\" data-settings=\"{&quot;columns&quot;:2,&quot;aspect_ratio&quot;:&quot;16:9&quot;,&quot;lazyload&quot;:&quot;yes&quot;,&quot;gallery_layout&quot;:&quot;grid&quot;,&quot;columns_tablet&quot;:2,&quot;columns_mobile&quot;:1,&quot;gap&quot;:{&quot;unit&quot;:&quot;px&quot;,&quot;size&quot;:10,&quot;sizes&quot;:[]},&quot;gap_laptop&quot;:{&quot;unit&quot;:&quot;px&quot;,&quot;size&quot;:10,&quot;sizes&quot;:[]},&quot;gap_tablet&quot;:{&quot;unit&quot;:&quot;px&quot;,&quot;size&quot;:10,&quot;sizes&quot;:[]},&quot;gap_mobile&quot;:{&quot;unit&quot;:&quot;px&quot;,&quot;size&quot;:10,&quot;sizes&quot;:[]},&quot;link_to&quot;:&quot;file&quot;,&quot;overlay_background&quot;:&quot;yes&quot;,&quot;content_hover_animation&quot;:&quot;fade-in&quot;}\" data-widget_type=\"gallery.default\">\n\t\t\t\t<div class=\"elementor-widget-container\">\n\t\t\t\t\t\t\t<div class=\"elementor-gallery__container\">\n\t\t\t\t\t\t\t<a class=\"e-gallery-item elementor-gallery-item elementor-animated-content\" href=\"https:\/\/aipratidilazise.com\/wp-content\/uploads\/2025\/02\/Immagine-2025-02-26-104935.png\" data-elementor-open-lightbox=\"yes\" data-elementor-lightbox-slideshow=\"2574e13\" data-elementor-lightbox-title=\"Immagine 2025-02-26 104935\" data-e-action-hash=\"#elementor-action%3Aaction%3Dlightbox%26settings%3DeyJpZCI6MjQzNiwidXJsIjoiaHR0cHM6XC9cL2FpcHJhdGlkaWxhemlzZS5jb21cL3dwLWNvbnRlbnRcL3VwbG9hZHNcLzIwMjVcLzAyXC9JbW1hZ2luZS0yMDI1LTAyLTI2LTEwNDkzNS5wbmciLCJzbGlkZXNob3ciOiIyNTc0ZTEzIn0%3D\">\n\t\t\t\t\t<div class=\"e-gallery-image elementor-gallery-item__image\" data-thumbnail=\"https:\/\/aipratidilazise.com\/wp-content\/uploads\/2025\/02\/Immagine-2025-02-26-104935-768x539.png\" data-width=\"768\" data-height=\"539\" aria-label=\"\" role=\"img\" ><\/div>\n\t\t\t\t\t\t\t\t\t\t\t<div class=\"elementor-gallery-item__overlay\"><\/div>\n\t\t\t\t\t\t\t\t\t\t\t\t\t\t<\/a>\n\t\t\t\t\t\t\t<a class=\"e-gallery-item elementor-gallery-item elementor-animated-content\" href=\"https:\/\/aipratidilazise.com\/wp-content\/uploads\/2025\/02\/DJI_0448.jpg\" data-elementor-open-lightbox=\"yes\" data-elementor-lightbox-slideshow=\"2574e13\" data-elementor-lightbox-title=\"DJI_0448\" data-e-action-hash=\"#elementor-action%3Aaction%3Dlightbox%26settings%3DeyJpZCI6MjQ0MSwidXJsIjoiaHR0cHM6XC9cL2FpcHJhdGlkaWxhemlzZS5jb21cL3dwLWNvbnRlbnRcL3VwbG9hZHNcLzIwMjVcLzAyXC9ESklfMDQ0OC5qcGciLCJzbGlkZXNob3ciOiIyNTc0ZTEzIn0%3D\">\n\t\t\t\t\t<div class=\"e-gallery-image elementor-gallery-item__image\" data-thumbnail=\"https:\/\/aipratidilazise.com\/wp-content\/uploads\/2025\/02\/DJI_0448-768x576.jpg\" data-width=\"768\" data-height=\"576\" aria-label=\"\" role=\"img\" ><\/div>\n\t\t\t\t\t\t\t\t\t\t\t<div class=\"elementor-gallery-item__overlay\"><\/div>\n\t\t\t\t\t\t\t\t\t\t\t\t\t\t<\/a>\n\t\t\t\t\t<\/div>\n\t\t\t\t\t<\/div>\n\t\t\t\t<\/div>\n\t\t\t\t\t<\/div>\n\t\t\t\t<\/div>\n\t\t<div class=\"elementor-element elementor-element-a9f9676 e-flex e-con-boxed e-con e-parent\" data-id=\"a9f9676\" data-element_type=\"container\">\n\t\t\t\t\t<div class=\"e-con-inner\">\n\t\t\t\t<div class=\"elementor-element elementor-element-bc584b4 elementor-widget elementor-widget-heading\" data-id=\"bc584b4\" data-element_type=\"widget\" data-widget_type=\"heading.default\">\n\t\t\t\t<div class=\"elementor-widget-container\">\n\t\t\t\t\t<h2 class=\"elementor-heading-title elementor-size-default\">Nachhaltiges Warmwasser<\/h2>\t\t\t\t<\/div>\n\t\t\t\t<\/div>\n\t\t\t\t<div class=\"elementor-element elementor-element-e6b4008 elementor-widget elementor-widget-text-editor\" data-id=\"e6b4008\" data-element_type=\"widget\" data-widget_type=\"text-editor.default\">\n\t\t\t\t<div class=\"elementor-widget-container\">\n\t\t\t\t\t\t\t\t\t\nF\u00fcr die Warmwasserbereitung verwenden wir thermische Solarpaneele, die Sonnenenergie nutzen, um Wasser auf umweltfreundliche und effiziente Weise zu erhitzen.\nSo k\u00f6nnen wir den Verbrauch nicht erneuerbarer Energie reduzieren und zur Nachhaltigkeit unserer Region beitragen. \t\t\t\t\t\t\t\t<\/div>\n\t\t\t\t<\/div>\n\t\t\t\t\t<\/div>\n\t\t\t\t<\/div>\n\t\t<div class=\"elementor-element elementor-element-bd326d6 e-flex e-con-boxed e-con e-parent\" data-id=\"bd326d6\" data-element_type=\"container\">\n\t\t\t\t\t<div class=\"e-con-inner\">\n\t\t\t\t<div class=\"elementor-element elementor-element-1a1378a elementor-widget elementor-widget-heading\" data-id=\"1a1378a\" data-element_type=\"widget\" data-widget_type=\"heading.default\">\n\t\t\t\t<div class=\"elementor-widget-container\">\n\t\t\t\t\t<h2 class=\"elementor-heading-title elementor-size-default\">Plastikfrei: eine kleine Geste f\u00fcr eine gro\u00dfe Ver\u00e4nderung<\/h2>\t\t\t\t<\/div>\n\t\t\t\t<\/div>\n\t\t\t\t<div class=\"elementor-element elementor-element-8d9386d elementor-widget elementor-widget-text-editor\" data-id=\"8d9386d\" data-element_type=\"widget\" data-widget_type=\"text-editor.default\">\n\t\t\t\t<div class=\"elementor-widget-container\">\n\t\t\t\t\t\t\t\t\t<p>Wir auf dem Agriturismo glauben fest daran, dass jede kleine Geste z\u00e4hlt. Aus diesem Grund<br \/>haben wir uns entschieden, plastikfrei zu sein: Wir stellen unseren G\u00e4sten kostenlos gefiltertes nat\u00fcrliches und kohlens\u00e4urehaltiges Wasser zur Verf\u00fcgung, um die Verwendung von Einweg-Plastikflaschen zu vermeiden und die Umweltverschmutzung zu reduzieren. <\/p>\n\t\t\t\t\t\t\t\t<\/div>\n\t\t\t\t<\/div>\n\t\t\t\t\t<\/div>\n\t\t\t\t<\/div>\n\t\t<div class=\"elementor-element elementor-element-664be96 e-flex e-con-boxed e-con e-parent\" data-id=\"664be96\" data-element_type=\"container\">\n\t\t\t\t\t<div class=\"e-con-inner\">\n\t\t\t\t<div class=\"elementor-element elementor-element-59366d0 elementor-widget elementor-widget-heading\" data-id=\"59366d0\" data-element_type=\"widget\" data-widget_type=\"heading.default\">\n\t\t\t\t<div class=\"elementor-widget-container\">\n\t\t\t\t\t<h2 class=\"elementor-heading-title elementor-size-default\">Respekt f\u00fcr die Erde<\/h2>\t\t\t\t<\/div>\n\t\t\t\t<\/div>\n\t\t\t\t<div class=\"elementor-element elementor-element-9ec8f36 elementor-widget elementor-widget-text-editor\" data-id=\"9ec8f36\" data-element_type=\"widget\" data-widget_type=\"text-editor.default\">\n\t\t\t\t<div class=\"elementor-widget-container\">\n\t\t\t\t\t\t\t\t\t<p>Wir verwenden keine Herbizide in den Weinbergen und bevorzugen nat\u00fcrliche Methoden zur Pflege und Erhaltung des<br \/>Bodens. Dieser Ansatz erm\u00f6glicht es uns, eine gesunde Umwelt zu erhalten und qualitativ hochwertige Trauben anzubauen,<br \/>ohne das umliegende \u00d6kosystem zu beeintr\u00e4chtigen. <\/p>\n\t\t\t\t\t\t\t\t<\/div>\n\t\t\t\t<\/div>\n\t\t\t\t\t<\/div>\n\t\t\t\t<\/div>\n\t\t<div class=\"elementor-element elementor-element-a300f45 e-flex e-con-boxed e-con e-parent\" data-id=\"a300f45\" data-element_type=\"container\">\n\t\t\t\t\t<div class=\"e-con-inner\">\n\t\t\t\t<div class=\"elementor-element elementor-element-268cc3f elementor-widget elementor-widget-heading\" data-id=\"268cc3f\" data-element_type=\"widget\" data-widget_type=\"heading.default\">\n\t\t\t\t<div class=\"elementor-widget-container\">\n\t\t\t\t\t<h2 class=\"elementor-heading-title elementor-size-default\">Ein emissionsarmer Garten<\/h2>\t\t\t\t<\/div>\n\t\t\t\t<\/div>\n\t\t\t\t<div class=\"elementor-element elementor-element-52f96ba elementor-widget elementor-widget-text-editor\" data-id=\"52f96ba\" data-element_type=\"widget\" data-widget_type=\"text-editor.default\">\n\t\t\t\t<div class=\"elementor-widget-container\">\n\t\t\t\t\t\t\t\t\t<p>Die Gartenpflege ist ein weiteres Beispiel f\u00fcr unser Engagement f\u00fcr die Umwelt. Wir verwenden<br \/>ausschlie\u00dflich batteriebetriebene Ger\u00e4te, die den Verbrauch fossiler Brennstoffe und die Emission von Treibhausgasen reduzieren und so f\u00fcr einen \u00fcppigen und nachhaltigen Garten sorgen. <\/p>\n\t\t\t\t\t\t\t\t<\/div>\n\t\t\t\t<\/div>\n\t\t\t\t\t<\/div>\n\t\t\t\t<\/div>\n\t\t<div class=\"elementor-element elementor-element-158af8d e-flex e-con-boxed e-con e-parent\" data-id=\"158af8d\" data-element_type=\"container\">\n\t\t\t\t\t<div class=\"e-con-inner\">\n\t\t\t\t<div class=\"elementor-element elementor-element-4436214 elementor-widget elementor-widget-heading\" data-id=\"4436214\" data-element_type=\"widget\" data-widget_type=\"heading.default\">\n\t\t\t\t<div class=\"elementor-widget-container\">\n\t\t\t\t\t<h2 class=\"elementor-heading-title elementor-size-default\">F\u00f6rderung der getrennten Abfallsammlung<\/h2>\t\t\t\t<\/div>\n\t\t\t\t<\/div>\n\t\t\t\t<div class=\"elementor-element elementor-element-c8eb7d6 elementor-widget elementor-widget-text-editor\" data-id=\"c8eb7d6\" data-element_type=\"widget\" data-widget_type=\"text-editor.default\">\n\t\t\t\t<div class=\"elementor-widget-container\">\n\t\t\t\t\t\t\t\t\tWir engagieren uns auch im Bereich der Abfallwirtschaft.\n\nUm die getrennte Sammlung von Abf\u00e4llen zu f\u00f6rdern, stellen wir unseren G\u00e4sten spezielle Beh\u00e4lter zur Verf\u00fcgung, um die Materialien zu trennen und die Abfallmenge zu reduzieren, die auf die M\u00fclldeponie gelangt. \t\t\t\t\t\t\t\t<\/div>\n\t\t\t\t<\/div>\n\t\t\t\t\t<\/div>\n\t\t\t\t<\/div>\n\t\t<div class=\"elementor-element elementor-element-dba43e8 e-flex e-con-boxed e-con e-parent\" data-id=\"dba43e8\" data-element_type=\"container\">\n\t\t\t\t\t<div class=\"e-con-inner\">\n\t\t\t\t<div class=\"elementor-element elementor-element-c175a52 elementor-widget elementor-widget-heading\" data-id=\"c175a52\" data-element_type=\"widget\" data-widget_type=\"heading.default\">\n\t\t\t\t<div class=\"elementor-widget-container\">\n\t\t\t\t\t<h2 class=\"elementor-heading-title elementor-size-default\">Ladeger\u00e4t f\u00fcr Elektroautos<\/h2>\t\t\t\t<\/div>\n\t\t\t\t<\/div>\n\t\t\t\t<div class=\"elementor-element elementor-element-1f90314 elementor-widget elementor-widget-text-editor\" data-id=\"1f90314\" data-element_type=\"widget\" data-widget_type=\"text-editor.default\">\n\t\t\t\t<div class=\"elementor-widget-container\">\n\t\t\t\t\t\t\t\t\tWir sind uns der Bedeutung eines nachhaltigen Verkehrs zunehmend bewusst.\n\nAus diesem Grund stellen wir ein Ladeger\u00e4t f\u00fcr Elektroautos zur Verf\u00fcgung und bieten unseren G\u00e4sten die M\u00f6glichkeit, ihr Fahrzeug w\u00e4hrend ihres Aufenthalts bequem aufzuladen. \t\t\t\t\t\t\t\t<\/div>\n\t\t\t\t<\/div>\n\t\t\t\t\t<\/div>\n\t\t\t\t<\/div>\n\t\t\t\t<\/div>\n\t\t","protected":false},"excerpt":{"rendered":"<p>Willkommen auf den Wiesen von Lazise Nachhaltigkeit Unser Fokus auf Nachhaltigkeit Auf der Farm glauben wir, dass die Sch\u00f6nheit der Natur f\u00fcr zuk\u00fcnftigeGenerationen erhalten werden muss. Aus diesem Grund haben wir eine Reihe von nachhaltigen Praktiken eingef\u00fchrt, die unserEngagement konkret und t\u00e4glich machen. Saubere Energie Wir haben eine 11-kW-Photovoltaikanlage installiert, die es uns erm\u00f6glicht, erneuerbaren [&hellip;]<\/p>\n","protected":false},"author":1,"featured_media":0,"parent":0,"menu_order":0,"comment_status":"closed","ping_status":"closed","template":"","meta":{"footnotes":""},"class_list":["post-1633","page","type-page","status-publish","hentry"],"yoast_head":"<!-- This site is optimized with the Yoast SEO plugin v24.2 - https:\/\/yoast.com\/wordpress\/plugins\/seo\/ -->\n<title>Nachhaltigkeit - Ai Prati di Lazise<\/title>\n<meta name=\"robots\" content=\"index, follow, max-snippet:-1, max-image-preview:large, max-video-preview:-1\" \/>\n<link rel=\"canonical\" href=\"https:\/\/aipratidilazise.com\/de\/nachhaltigkeit\/\" \/>\n<meta property=\"og:locale\" content=\"de_DE\" \/>\n<meta property=\"og:type\" content=\"article\" \/>\n<meta property=\"og:title\" content=\"Nachhaltigkeit - Ai Prati di Lazise\" \/>\n<meta property=\"og:description\" content=\"Willkommen auf den Wiesen von Lazise Nachhaltigkeit Unser Fokus auf Nachhaltigkeit Auf der Farm glauben wir, dass die Sch\u00f6nheit der Natur f\u00fcr zuk\u00fcnftigeGenerationen erhalten werden muss. Aus diesem Grund haben wir eine Reihe von nachhaltigen Praktiken eingef\u00fchrt, die unserEngagement konkret und t\u00e4glich machen. Saubere Energie Wir haben eine 11-kW-Photovoltaikanlage installiert, die es uns erm\u00f6glicht, erneuerbaren [&hellip;]\" \/>\n<meta property=\"og:url\" content=\"https:\/\/aipratidilazise.com\/de\/nachhaltigkeit\/\" \/>\n<meta property=\"og:site_name\" content=\"Ai Prati di Lazise\" \/>\n<meta property=\"article:publisher\" content=\"https:\/\/www.facebook.com\/pages\/Agriturismo-Ai-Prati\/651156518307877?sk=timeline\" \/>\n<meta property=\"article:modified_time\" content=\"2025-02-26T09:59:43+00:00\" \/>\n<meta name=\"twitter:card\" content=\"summary_large_image\" \/>\n<meta name=\"twitter:label1\" content=\"Gesch\u00e4tzte Lesezeit\" \/>\n\t<meta name=\"twitter:data1\" content=\"2\u00a0Minuten\" \/>\n<script type=\"application\/ld+json\" class=\"yoast-schema-graph\">{\"@context\":\"https:\/\/schema.org\",\"@graph\":[{\"@type\":\"WebPage\",\"@id\":\"https:\/\/aipratidilazise.com\/de\/nachhaltigkeit\/\",\"url\":\"https:\/\/aipratidilazise.com\/de\/nachhaltigkeit\/\",\"name\":\"Nachhaltigkeit - Ai Prati di Lazise\",\"isPartOf\":{\"@id\":\"https:\/\/aipratidilazise.com\/de\/#website\"},\"datePublished\":\"2025-02-18T07:36:16+00:00\",\"dateModified\":\"2025-02-26T09:59:43+00:00\",\"breadcrumb\":{\"@id\":\"https:\/\/aipratidilazise.com\/de\/nachhaltigkeit\/#breadcrumb\"},\"inLanguage\":\"de\",\"potentialAction\":[{\"@type\":\"ReadAction\",\"target\":[\"https:\/\/aipratidilazise.com\/de\/nachhaltigkeit\/\"]}]},{\"@type\":\"BreadcrumbList\",\"@id\":\"https:\/\/aipratidilazise.com\/de\/nachhaltigkeit\/#breadcrumb\",\"itemListElement\":[{\"@type\":\"ListItem\",\"position\":1,\"name\":\"Home\",\"item\":\"https:\/\/aipratidilazise.com\/de\/\"},{\"@type\":\"ListItem\",\"position\":2,\"name\":\"Nachhaltigkeit\"}]},{\"@type\":\"WebSite\",\"@id\":\"https:\/\/aipratidilazise.com\/de\/#website\",\"url\":\"https:\/\/aipratidilazise.com\/de\/\",\"name\":\"Ai Prati di Lazise\",\"description\":\"Agriturimo e Agricampeggio\",\"potentialAction\":[{\"@type\":\"SearchAction\",\"target\":{\"@type\":\"EntryPoint\",\"urlTemplate\":\"https:\/\/aipratidilazise.com\/de\/?s={search_term_string}\"},\"query-input\":{\"@type\":\"PropertyValueSpecification\",\"valueRequired\":true,\"valueName\":\"search_term_string\"}}],\"inLanguage\":\"de\"}]}<\/script>\n<!-- \/ Yoast SEO plugin. -->","yoast_head_json":{"title":"Nachhaltigkeit - Ai Prati di Lazise","robots":{"index":"index","follow":"follow","max-snippet":"max-snippet:-1","max-image-preview":"max-image-preview:large","max-video-preview":"max-video-preview:-1"},"canonical":"https:\/\/aipratidilazise.com\/de\/nachhaltigkeit\/","og_locale":"de_DE","og_type":"article","og_title":"Nachhaltigkeit - Ai Prati di Lazise","og_description":"Willkommen auf den Wiesen von Lazise Nachhaltigkeit Unser Fokus auf Nachhaltigkeit Auf der Farm glauben wir, dass die Sch\u00f6nheit der Natur f\u00fcr zuk\u00fcnftigeGenerationen erhalten werden muss. Aus diesem Grund haben wir eine Reihe von nachhaltigen Praktiken eingef\u00fchrt, die unserEngagement konkret und t\u00e4glich machen. Saubere Energie Wir haben eine 11-kW-Photovoltaikanlage installiert, die es uns erm\u00f6glicht, erneuerbaren [&hellip;]","og_url":"https:\/\/aipratidilazise.com\/de\/nachhaltigkeit\/","og_site_name":"Ai Prati di Lazise","article_publisher":"https:\/\/www.facebook.com\/pages\/Agriturismo-Ai-Prati\/651156518307877?sk=timeline","article_modified_time":"2025-02-26T09:59:43+00:00","twitter_card":"summary_large_image","twitter_misc":{"Gesch\u00e4tzte Lesezeit":"2\u00a0Minuten"},"schema":{"@context":"https:\/\/schema.org","@graph":[{"@type":"WebPage","@id":"https:\/\/aipratidilazise.com\/de\/nachhaltigkeit\/","url":"https:\/\/aipratidilazise.com\/de\/nachhaltigkeit\/","name":"Nachhaltigkeit - Ai Prati di Lazise","isPartOf":{"@id":"https:\/\/aipratidilazise.com\/de\/#website"},"datePublished":"2025-02-18T07:36:16+00:00","dateModified":"2025-02-26T09:59:43+00:00","breadcrumb":{"@id":"https:\/\/aipratidilazise.com\/de\/nachhaltigkeit\/#breadcrumb"},"inLanguage":"de","potentialAction":[{"@type":"ReadAction","target":["https:\/\/aipratidilazise.com\/de\/nachhaltigkeit\/"]}]},{"@type":"BreadcrumbList","@id":"https:\/\/aipratidilazise.com\/de\/nachhaltigkeit\/#breadcrumb","itemListElement":[{"@type":"ListItem","position":1,"name":"Home","item":"https:\/\/aipratidilazise.com\/de\/"},{"@type":"ListItem","position":2,"name":"Nachhaltigkeit"}]},{"@type":"WebSite","@id":"https:\/\/aipratidilazise.com\/de\/#website","url":"https:\/\/aipratidilazise.com\/de\/","name":"Ai Prati di Lazise","description":"Agriturimo e Agricampeggio","potentialAction":[{"@type":"SearchAction","target":{"@type":"EntryPoint","urlTemplate":"https:\/\/aipratidilazise.com\/de\/?s={search_term_string}"},"query-input":{"@type":"PropertyValueSpecification","valueRequired":true,"valueName":"search_term_string"}}],"inLanguage":"de"}]}},"_links":{"self":[{"href":"https:\/\/aipratidilazise.com\/de\/wp-json\/wp\/v2\/pages\/1633","targetHints":{"allow":["GET"]}}],"collection":[{"href":"https:\/\/aipratidilazise.com\/de\/wp-json\/wp\/v2\/pages"}],"about":[{"href":"https:\/\/aipratidilazise.com\/de\/wp-json\/wp\/v2\/types\/page"}],"author":[{"embeddable":true,"href":"https:\/\/aipratidilazise.com\/de\/wp-json\/wp\/v2\/users\/1"}],"replies":[{"embeddable":true,"href":"https:\/\/aipratidilazise.com\/de\/wp-json\/wp\/v2\/comments?post=1633"}],"version-history":[{"count":9,"href":"https:\/\/aipratidilazise.com\/de\/wp-json\/wp\/v2\/pages\/1633\/revisions"}],"predecessor-version":[{"id":2454,"href":"https:\/\/aipratidilazise.com\/de\/wp-json\/wp\/v2\/pages\/1633\/revisions\/2454"}],"wp:attachment":[{"href":"https:\/\/aipratidilazise.com\/de\/wp-json\/wp\/v2\/media?parent=1633"}],"curies":[{"name":"wp","href":"https:\/\/api.w.org\/{rel}","templated":true}]}}