{"id":626,"date":"2024-09-24T16:25:16","date_gmt":"2024-09-24T14:25:16","guid":{"rendered":"https:\/\/aipratidilazise.com\/homepage\/"},"modified":"2025-05-31T08:52:08","modified_gmt":"2025-05-31T06:52:08","slug":"homepage","status":"publish","type":"page","link":"https:\/\/aipratidilazise.com\/de\/","title":{"rendered":"Homepage"},"content":{"rendered":"\t\t<div data-elementor-type=\"wp-page\" data-elementor-id=\"626\" class=\"elementor elementor-626 elementor-2\" data-elementor-post-type=\"page\">\n\t\t\t\t<div class=\"elementor-element elementor-element-f52a915 e-flex e-con-boxed e-con e-parent\" data-id=\"f52a915\" data-element_type=\"container\" data-settings=\"{&quot;background_background&quot;:&quot;classic&quot;}\">\n\t\t\t\t\t<div class=\"e-con-inner\">\n\t\t<div class=\"elementor-element elementor-element-064ab09 e-con-full e-flex e-con e-child\" data-id=\"064ab09\" data-element_type=\"container\">\n\t\t\t\t<div class=\"elementor-element elementor-element-610aaaa elementor-widget elementor-widget-heading\" data-id=\"610aaaa\" data-element_type=\"widget\" data-widget_type=\"heading.default\">\n\t\t\t\t<div class=\"elementor-widget-container\">\n\t\t\t\t\t<h2 class=\"elementor-heading-title elementor-size-default\">DER IDEALE ORT ZUM ENTSPANNEN<\/h2>\t\t\t\t<\/div>\n\t\t\t\t<\/div>\n\t\t\t\t<div class=\"elementor-element elementor-element-fb6ed28 elementor-widget elementor-widget-heading\" data-id=\"fb6ed28\" data-element_type=\"widget\" data-widget_type=\"heading.default\">\n\t\t\t\t<div class=\"elementor-widget-container\">\n\t\t\t\t\t<h2 class=\"elementor-heading-title elementor-size-default\">Ein perfekter Urlaub auf dem Agriturismo Ai Prati di Lazise<\/h2>\t\t\t\t<\/div>\n\t\t\t\t<\/div>\n\t\t\t\t<div class=\"elementor-element elementor-element-7bd7ac7 elementor-widget elementor-widget-spacer\" data-id=\"7bd7ac7\" data-element_type=\"widget\" data-widget_type=\"spacer.default\">\n\t\t\t\t<div class=\"elementor-widget-container\">\n\t\t\t\t\t\t\t<div class=\"elementor-spacer\">\n\t\t\t<div class=\"elementor-spacer-inner\"><\/div>\n\t\t<\/div>\n\t\t\t\t\t\t<\/div>\n\t\t\t\t<\/div>\n\t\t\t\t<div class=\"elementor-element elementor-element-3ea31e9 elementor-widget elementor-widget-heading\" data-id=\"3ea31e9\" data-element_type=\"widget\" data-widget_type=\"heading.default\">\n\t\t\t\t<div class=\"elementor-widget-container\">\n\t\t\t\t\t<h2 class=\"elementor-heading-title elementor-size-default\">\numgeben von Weinst\u00f6cken und Olivenhainen, k\u00f6nnen Sie hier einen unvergesslichen Aufenthalt inmitten der Natur erleben<\/h2>\t\t\t\t<\/div>\n\t\t\t\t<\/div>\n\t\t\t\t<\/div>\n\t\t\t\t\t<\/div>\n\t\t\t\t<\/div>\n\t\t<div class=\"elementor-element elementor-element-96267df e-flex e-con-boxed e-con e-parent\" data-id=\"96267df\" data-element_type=\"container\">\n\t\t\t\t\t<div class=\"e-con-inner\">\n\t\t\t\t<div class=\"elementor-element elementor-element-6933572 elementor-widget elementor-widget-heading\" data-id=\"6933572\" data-element_type=\"widget\" data-widget_type=\"heading.default\">\n\t\t\t\t<div class=\"elementor-widget-container\">\n\t\t\t\t\t<h2 class=\"elementor-heading-title elementor-size-default\"><a href=\"https:\/\/agriturismo-ai-prati.amenitiz.io\/de\/booking\/room#DatesGuests-BE\">JETZT BUCHEN<\/a><\/h2>\t\t\t\t<\/div>\n\t\t\t\t<\/div>\n\t\t\t\t<div class=\"elementor-element elementor-element-0fa4506 elementor-widget elementor-widget-heading\" data-id=\"0fa4506\" data-element_type=\"widget\" data-widget_type=\"heading.default\">\n\t\t\t\t<div class=\"elementor-widget-container\">\n\t\t\t\t\t<h2 class=\"elementor-heading-title elementor-size-default\">Der Bauernhof Ai Prati ist ein charmantes, familiengef\u00fchrtes Haus, das von der Familie\nFilippi mit Leidenschaft gef\u00fchrt wird. Es bietet eine Oase der Ruhe, in der Sie einen erholsamen Urlaub <br>in Kontakt mit der Natur genie\u00dfen k\u00f6nnen. <\/h2>\t\t\t\t<\/div>\n\t\t\t\t<\/div>\n\t\t\t\t\t<\/div>\n\t\t\t\t<\/div>\n\t\t<div class=\"elementor-element elementor-element-0386611 e-con-full e-flex e-con e-parent\" data-id=\"0386611\" data-element_type=\"container\" id=\"youtube-video\">\n\t\t<div class=\"elementor-element elementor-element-24b1abf e-flex e-con-boxed e-con e-child\" data-id=\"24b1abf\" data-element_type=\"container\" data-settings=\"{&quot;background_background&quot;:&quot;video&quot;,&quot;background_video_link&quot;:&quot;https:\\\/\\\/youtu.be\\\/gmj4zXVP5N8&quot;,&quot;background_play_on_mobile&quot;:&quot;yes&quot;,&quot;background_privacy_mode&quot;:&quot;yes&quot;}\">\n\t\t\t\t\t<div class=\"e-con-inner\">\n\t\t<div class=\"elementor-background-video-container\">\n\t\t\t\t\t\t\t<div class=\"elementor-background-video-embed\"><\/div>\n\t\t\t\t\t\t<\/div>\t\t\t<\/div>\n\t\t\t\t<\/div>\n\t\t\t\t<div class=\"elementor-element elementor-element-9b1e08e elementor-widget__width-inherit elementor-absolute elementor-widget elementor-widget-heading\" data-id=\"9b1e08e\" data-element_type=\"widget\" data-settings=\"{&quot;_position&quot;:&quot;absolute&quot;}\" data-widget_type=\"heading.default\">\n\t\t\t\t<div class=\"elementor-widget-container\">\n\t\t\t\t\t<h2 class=\"elementor-heading-title elementor-size-default\">Cookies akzeptieren und Seite neu laden, um Videos zu sehen<\/h2>\t\t\t\t<\/div>\n\t\t\t\t<\/div>\n\t\t\t\t<\/div>\n\t\t<div class=\"elementor-element elementor-element-486ec64 e-flex e-con-boxed e-con e-parent\" data-id=\"486ec64\" data-element_type=\"container\">\n\t\t\t\t\t<div class=\"e-con-inner\">\n\t\t\t\t\t<\/div>\n\t\t\t\t<\/div>\n\t\t<div class=\"elementor-element elementor-element-b968b58 e-flex e-con-boxed e-con e-parent\" data-id=\"b968b58\" data-element_type=\"container\">\n\t\t\t\t\t<div class=\"e-con-inner\">\n\t\t<div class=\"elementor-element elementor-element-0455bc2 e-con-full e-flex e-con e-child\" data-id=\"0455bc2\" data-element_type=\"container\">\n\t\t\t\t<div class=\"elementor-element elementor-element-1b7b627 elementor-widget elementor-widget-heading\" data-id=\"1b7b627\" data-element_type=\"widget\" data-widget_type=\"heading.default\">\n\t\t\t\t<div class=\"elementor-widget-container\">\n\t\t\t\t\t<h2 class=\"elementor-heading-title elementor-size-default\">\nWir bieten 8 gem\u00fctliche Zimmer, eine familienfreundliche Wohnung, 7 Mobilheime f\u00fcr ein einzigartiges Erlebnis und 8 Wohnmobilstellpl\u00e4tze mit eigenem Bad, die f\u00fcr diejenigen gedacht sind, die Komfort und Nachhaltigkeit suchen.<\/h2>\t\t\t\t<\/div>\n\t\t\t\t<\/div>\n\t\t\t\t<\/div>\n\t\t\t\t\t<\/div>\n\t\t\t\t<\/div>\n\t\t<div class=\"elementor-element elementor-element-0780ccc e-con-full e-flex e-con e-parent\" data-id=\"0780ccc\" data-element_type=\"container\">\n\t\t<div class=\"elementor-element elementor-element-c159f29 e-con-full e-flex e-con e-child\" data-id=\"c159f29\" data-element_type=\"container\">\n\t\t\t\t<div class=\"elementor-element elementor-element-e7edf9f elementor-pagination-position-outside elementor-widget elementor-widget-image-carousel\" data-id=\"e7edf9f\" data-element_type=\"widget\" data-settings=\"{&quot;slides_to_show&quot;:&quot;3&quot;,&quot;navigation&quot;:&quot;dots&quot;,&quot;autoplay&quot;:&quot;yes&quot;,&quot;pause_on_hover&quot;:&quot;yes&quot;,&quot;pause_on_interaction&quot;:&quot;yes&quot;,&quot;autoplay_speed&quot;:5000,&quot;infinite&quot;:&quot;yes&quot;,&quot;speed&quot;:500,&quot;image_spacing_custom&quot;:{&quot;unit&quot;:&quot;px&quot;,&quot;size&quot;:20,&quot;sizes&quot;:[]},&quot;image_spacing_custom_laptop&quot;:{&quot;unit&quot;:&quot;px&quot;,&quot;size&quot;:&quot;&quot;,&quot;sizes&quot;:[]},&quot;image_spacing_custom_tablet&quot;:{&quot;unit&quot;:&quot;px&quot;,&quot;size&quot;:&quot;&quot;,&quot;sizes&quot;:[]},&quot;image_spacing_custom_mobile&quot;:{&quot;unit&quot;:&quot;px&quot;,&quot;size&quot;:&quot;&quot;,&quot;sizes&quot;:[]}}\" data-widget_type=\"image-carousel.default\">\n\t\t\t\t<div class=\"elementor-widget-container\">\n\t\t\t\t\t\t\t<div class=\"elementor-image-carousel-wrapper swiper\" role=\"region\" aria-roledescription=\"carousel\" aria-label=\"Carosello d&#039;immagini\" dir=\"ltr\">\n\t\t\t<div class=\"elementor-image-carousel swiper-wrapper\" aria-live=\"off\">\n\t\t\t\t\t\t\t\t<div class=\"swiper-slide\" role=\"group\" aria-roledescription=\"slide\" aria-label=\"1 von 4\"><figure class=\"swiper-slide-inner\"><img decoding=\"async\" class=\"swiper-slide-image\" src=\"https:\/\/aipratidilazise.com\/wp-content\/uploads\/2024\/09\/Ai-Prati-Lavanda-2-e1739979906438.jpg\" alt=\"Ai-Prati-Lavanda-2\" \/><\/figure><\/div><div class=\"swiper-slide\" role=\"group\" aria-roledescription=\"slide\" aria-label=\"2 von 4\"><figure class=\"swiper-slide-inner\"><img decoding=\"async\" class=\"swiper-slide-image\" src=\"https:\/\/aipratidilazise.com\/wp-content\/uploads\/2025\/02\/1facciata-1.jpg\" alt=\"1facciata\" \/><\/figure><\/div><div class=\"swiper-slide\" role=\"group\" aria-roledescription=\"slide\" aria-label=\"3 von 4\"><figure class=\"swiper-slide-inner\"><img decoding=\"async\" class=\"swiper-slide-image\" src=\"https:\/\/aipratidilazise.com\/wp-content\/uploads\/2024\/09\/DSC00901-HDR-2048x1152-1.jpg\" alt=\"DSC00901-HDR-2048x1152\" \/><\/figure><\/div><div class=\"swiper-slide\" role=\"group\" aria-roledescription=\"slide\" aria-label=\"4 von 4\"><figure class=\"swiper-slide-inner\"><img decoding=\"async\" class=\"swiper-slide-image\" src=\"https:\/\/aipratidilazise.com\/wp-content\/uploads\/2024\/09\/Ai-Prati-Lavanda-2-e1739979906438.jpg\" alt=\"Ai-Prati-Lavanda-2\" \/><\/figure><\/div>\t\t\t<\/div>\n\t\t\t\t\t\t\t\n\t\t\t\t\t\t\t\t\t<div class=\"swiper-pagination\"><\/div>\n\t\t\t\t\t\t\t\t\t<\/div>\n\t\t\t\t\t\t<\/div>\n\t\t\t\t<\/div>\n\t\t\t\t<\/div>\n\t\t\t\t<\/div>\n\t\t<div class=\"elementor-element elementor-element-54deff8 e-flex e-con-boxed e-con e-parent\" data-id=\"54deff8\" data-element_type=\"container\">\n\t\t\t\t\t<div class=\"e-con-inner\">\n\t\t\t\t<div class=\"elementor-element elementor-element-baa6090 elementor-widget elementor-widget-heading\" data-id=\"baa6090\" data-element_type=\"widget\" data-widget_type=\"heading.default\">\n\t\t\t\t<div class=\"elementor-widget-container\">\n\t\t\t\t\t<h2 class=\"elementor-heading-title elementor-size-default\">\nIn der N\u00e4he des Bauernhauses gibt es mehrere Wanderwege, auf denen Sie die Sch\u00f6nheit der Natur erkunden oder nahe gelegene Sehensw\u00fcrdigkeiten entdecken k\u00f6nnen:<\/h2>\t\t\t\t<\/div>\n\t\t\t\t<\/div>\n\t\t\t\t<div class=\"elementor-element elementor-element-8721581 elementor-widget elementor-widget-text-editor\" data-id=\"8721581\" data-element_type=\"widget\" data-widget_type=\"text-editor.default\">\n\t\t\t\t<div class=\"elementor-widget-container\">\n\t\t\t\t\t\t\t\t\t<p>&#8211; Gardasee (4 km) &#8211; Col\u00e0 Thermal Park (2,5 km) &#8211; Natura Viva Zoo Safari (3,5 km) &#8211; Canevaworld, Movieland, Medieval Times und Rockstar Caf\u00e9 (5 km) &#8211; Gardaland und Sealife (7 km) &#8211; Sigurt\u00e0 Park (18 km) &#8211; Jungle Adventure (22 km)<\/p>\n\t\t\t\t\t\t\t\t<\/div>\n\t\t\t\t<\/div>\n\t\t\t\t\t<\/div>\n\t\t\t\t<\/div>\n\t\t\t\t<\/div>\n\t\t","protected":false},"excerpt":{"rendered":"<p>DER IDEALE ORT ZUM ENTSPANNEN Ein perfekter Urlaub auf dem Agriturismo Ai Prati di Lazise umgeben von Weinst\u00f6cken und Olivenhainen, k\u00f6nnen Sie hier einen unvergesslichen Aufenthalt inmitten der Natur erleben JETZT BUCHEN Der Bauernhof Ai Prati ist ein charmantes, familiengef\u00fchrtes Haus, das von der Familie Filippi mit Leidenschaft gef\u00fchrt wird. Es bietet eine Oase der [&hellip;]<\/p>\n","protected":false},"author":1,"featured_media":0,"parent":0,"menu_order":0,"comment_status":"closed","ping_status":"closed","template":"","meta":{"footnotes":""},"class_list":["post-626","page","type-page","status-publish","hentry"],"yoast_head":"<!-- This site is optimized with the Yoast SEO plugin v24.2 - https:\/\/yoast.com\/wordpress\/plugins\/seo\/ -->\n<title>Homepage - Ai Prati di Lazise<\/title>\n<meta name=\"robots\" content=\"index, follow, max-snippet:-1, max-image-preview:large, max-video-preview:-1\" \/>\n<link rel=\"canonical\" href=\"https:\/\/aipratidilazise.com\/de\/\" \/>\n<meta property=\"og:locale\" content=\"de_DE\" \/>\n<meta property=\"og:type\" content=\"article\" \/>\n<meta property=\"og:title\" content=\"Homepage - Ai Prati di Lazise\" \/>\n<meta property=\"og:description\" content=\"DER IDEALE ORT ZUM ENTSPANNEN Ein perfekter Urlaub auf dem Agriturismo Ai Prati di Lazise umgeben von Weinst\u00f6cken und Olivenhainen, k\u00f6nnen Sie hier einen unvergesslichen Aufenthalt inmitten der Natur erleben JETZT BUCHEN Der Bauernhof Ai Prati ist ein charmantes, familiengef\u00fchrtes Haus, das von der Familie Filippi mit Leidenschaft gef\u00fchrt wird. Es bietet eine Oase der [&hellip;]\" \/>\n<meta property=\"og:url\" content=\"https:\/\/aipratidilazise.com\/de\/\" \/>\n<meta property=\"og:site_name\" content=\"Ai Prati di Lazise\" \/>\n<meta property=\"article:publisher\" content=\"https:\/\/www.facebook.com\/pages\/Agriturismo-Ai-Prati\/651156518307877?sk=timeline\" \/>\n<meta property=\"article:modified_time\" content=\"2025-05-31T06:52:08+00:00\" \/>\n<meta property=\"og:image\" content=\"https:\/\/aipratidilazise.com\/wp-content\/uploads\/2024\/09\/Ai-Prati-Lavanda-2-e1739979906438.jpg\" \/>\n<meta name=\"twitter:card\" content=\"summary_large_image\" \/>\n<meta name=\"twitter:label1\" content=\"Gesch\u00e4tzte Lesezeit\" \/>\n\t<meta name=\"twitter:data1\" content=\"1\u00a0Minute\" \/>\n<script type=\"application\/ld+json\" class=\"yoast-schema-graph\">{\"@context\":\"https:\/\/schema.org\",\"@graph\":[{\"@type\":\"WebPage\",\"@id\":\"https:\/\/aipratidilazise.com\/de\/\",\"url\":\"https:\/\/aipratidilazise.com\/de\/\",\"name\":\"Homepage - Ai Prati di Lazise\",\"isPartOf\":{\"@id\":\"https:\/\/aipratidilazise.com\/de\/#website\"},\"primaryImageOfPage\":{\"@id\":\"https:\/\/aipratidilazise.com\/de\/#primaryimage\"},\"image\":{\"@id\":\"https:\/\/aipratidilazise.com\/de\/#primaryimage\"},\"thumbnailUrl\":\"https:\/\/aipratidilazise.com\/wp-content\/uploads\/2024\/09\/Ai-Prati-Lavanda-2-e1739979906438.jpg\",\"datePublished\":\"2024-09-24T14:25:16+00:00\",\"dateModified\":\"2025-05-31T06:52:08+00:00\",\"breadcrumb\":{\"@id\":\"https:\/\/aipratidilazise.com\/de\/#breadcrumb\"},\"inLanguage\":\"de\",\"potentialAction\":[{\"@type\":\"ReadAction\",\"target\":[\"https:\/\/aipratidilazise.com\/de\/\"]}]},{\"@type\":\"ImageObject\",\"inLanguage\":\"de\",\"@id\":\"https:\/\/aipratidilazise.com\/de\/#primaryimage\",\"url\":\"https:\/\/aipratidilazise.com\/wp-content\/uploads\/2024\/09\/Ai-Prati-Lavanda-2-e1739979906438.jpg\",\"contentUrl\":\"https:\/\/aipratidilazise.com\/wp-content\/uploads\/2024\/09\/Ai-Prati-Lavanda-2-e1739979906438.jpg\"},{\"@type\":\"BreadcrumbList\",\"@id\":\"https:\/\/aipratidilazise.com\/de\/#breadcrumb\",\"itemListElement\":[{\"@type\":\"ListItem\",\"position\":1,\"name\":\"Home\",\"item\":\"https:\/\/aipratidilazise.com\/de\/\"},{\"@type\":\"ListItem\",\"position\":2,\"name\":\"Homepage\"}]},{\"@type\":\"WebSite\",\"@id\":\"https:\/\/aipratidilazise.com\/de\/#website\",\"url\":\"https:\/\/aipratidilazise.com\/de\/\",\"name\":\"Ai Prati di Lazise\",\"description\":\"Agriturimo e Agricampeggio\",\"potentialAction\":[{\"@type\":\"SearchAction\",\"target\":{\"@type\":\"EntryPoint\",\"urlTemplate\":\"https:\/\/aipratidilazise.com\/de\/?s={search_term_string}\"},\"query-input\":{\"@type\":\"PropertyValueSpecification\",\"valueRequired\":true,\"valueName\":\"search_term_string\"}}],\"inLanguage\":\"de\"}]}<\/script>\n<!-- \/ Yoast SEO plugin. -->","yoast_head_json":{"title":"Homepage - Ai Prati di Lazise","robots":{"index":"index","follow":"follow","max-snippet":"max-snippet:-1","max-image-preview":"max-image-preview:large","max-video-preview":"max-video-preview:-1"},"canonical":"https:\/\/aipratidilazise.com\/de\/","og_locale":"de_DE","og_type":"article","og_title":"Homepage - Ai Prati di Lazise","og_description":"DER IDEALE ORT ZUM ENTSPANNEN Ein perfekter Urlaub auf dem Agriturismo Ai Prati di Lazise umgeben von Weinst\u00f6cken und Olivenhainen, k\u00f6nnen Sie hier einen unvergesslichen Aufenthalt inmitten der Natur erleben JETZT BUCHEN Der Bauernhof Ai Prati ist ein charmantes, familiengef\u00fchrtes Haus, das von der Familie Filippi mit Leidenschaft gef\u00fchrt wird. Es bietet eine Oase der [&hellip;]","og_url":"https:\/\/aipratidilazise.com\/de\/","og_site_name":"Ai Prati di Lazise","article_publisher":"https:\/\/www.facebook.com\/pages\/Agriturismo-Ai-Prati\/651156518307877?sk=timeline","article_modified_time":"2025-05-31T06:52:08+00:00","og_image":[{"url":"https:\/\/aipratidilazise.com\/wp-content\/uploads\/2024\/09\/Ai-Prati-Lavanda-2-e1739979906438.jpg","type":"","width":"","height":""}],"twitter_card":"summary_large_image","twitter_misc":{"Gesch\u00e4tzte Lesezeit":"1\u00a0Minute"},"schema":{"@context":"https:\/\/schema.org","@graph":[{"@type":"WebPage","@id":"https:\/\/aipratidilazise.com\/de\/","url":"https:\/\/aipratidilazise.com\/de\/","name":"Homepage - Ai Prati di Lazise","isPartOf":{"@id":"https:\/\/aipratidilazise.com\/de\/#website"},"primaryImageOfPage":{"@id":"https:\/\/aipratidilazise.com\/de\/#primaryimage"},"image":{"@id":"https:\/\/aipratidilazise.com\/de\/#primaryimage"},"thumbnailUrl":"https:\/\/aipratidilazise.com\/wp-content\/uploads\/2024\/09\/Ai-Prati-Lavanda-2-e1739979906438.jpg","datePublished":"2024-09-24T14:25:16+00:00","dateModified":"2025-05-31T06:52:08+00:00","breadcrumb":{"@id":"https:\/\/aipratidilazise.com\/de\/#breadcrumb"},"inLanguage":"de","potentialAction":[{"@type":"ReadAction","target":["https:\/\/aipratidilazise.com\/de\/"]}]},{"@type":"ImageObject","inLanguage":"de","@id":"https:\/\/aipratidilazise.com\/de\/#primaryimage","url":"https:\/\/aipratidilazise.com\/wp-content\/uploads\/2024\/09\/Ai-Prati-Lavanda-2-e1739979906438.jpg","contentUrl":"https:\/\/aipratidilazise.com\/wp-content\/uploads\/2024\/09\/Ai-Prati-Lavanda-2-e1739979906438.jpg"},{"@type":"BreadcrumbList","@id":"https:\/\/aipratidilazise.com\/de\/#breadcrumb","itemListElement":[{"@type":"ListItem","position":1,"name":"Home","item":"https:\/\/aipratidilazise.com\/de\/"},{"@type":"ListItem","position":2,"name":"Homepage"}]},{"@type":"WebSite","@id":"https:\/\/aipratidilazise.com\/de\/#website","url":"https:\/\/aipratidilazise.com\/de\/","name":"Ai Prati di Lazise","description":"Agriturimo e Agricampeggio","potentialAction":[{"@type":"SearchAction","target":{"@type":"EntryPoint","urlTemplate":"https:\/\/aipratidilazise.com\/de\/?s={search_term_string}"},"query-input":{"@type":"PropertyValueSpecification","valueRequired":true,"valueName":"search_term_string"}}],"inLanguage":"de"}]}},"_links":{"self":[{"href":"https:\/\/aipratidilazise.com\/de\/wp-json\/wp\/v2\/pages\/626","targetHints":{"allow":["GET"]}}],"collection":[{"href":"https:\/\/aipratidilazise.com\/de\/wp-json\/wp\/v2\/pages"}],"about":[{"href":"https:\/\/aipratidilazise.com\/de\/wp-json\/wp\/v2\/types\/page"}],"author":[{"embeddable":true,"href":"https:\/\/aipratidilazise.com\/de\/wp-json\/wp\/v2\/users\/1"}],"replies":[{"embeddable":true,"href":"https:\/\/aipratidilazise.com\/de\/wp-json\/wp\/v2\/comments?post=626"}],"version-history":[{"count":16,"href":"https:\/\/aipratidilazise.com\/de\/wp-json\/wp\/v2\/pages\/626\/revisions"}],"predecessor-version":[{"id":2536,"href":"https:\/\/aipratidilazise.com\/de\/wp-json\/wp\/v2\/pages\/626\/revisions\/2536"}],"wp:attachment":[{"href":"https:\/\/aipratidilazise.com\/de\/wp-json\/wp\/v2\/media?parent=626"}],"curies":[{"name":"wp","href":"https:\/\/api.w.org\/{rel}","templated":true}]}}