{"id":820,"date":"2024-09-24T16:25:16","date_gmt":"2024-09-24T14:25:16","guid":{"rendered":"https:\/\/aipratidilazise.com\/datenschutzbestimmungen\/"},"modified":"2024-10-19T18:04:16","modified_gmt":"2024-10-19T16:04:16","slug":"datenschutzbestimmungen","status":"publish","type":"page","link":"https:\/\/aipratidilazise.com\/de\/datenschutzbestimmungen\/","title":{"rendered":"Datenschutzbestimmungen"},"content":{"rendered":"\t\t<div data-elementor-type=\"wp-page\" data-elementor-id=\"820\" class=\"elementor elementor-820 elementor-3\" data-elementor-post-type=\"page\">\n\t\t\t\t<div class=\"elementor-element elementor-element-a971409 e-flex e-con-boxed e-con e-parent\" data-id=\"a971409\" data-element_type=\"container\" data-settings=\"{&quot;background_background&quot;:&quot;classic&quot;}\">\n\t\t\t\t\t<div class=\"e-con-inner\">\n\t\t\t\t\t<\/div>\n\t\t\t\t<\/div>\n\t\t<div class=\"elementor-element elementor-element-39551ce2 e-flex e-con-boxed e-con e-parent\" data-id=\"39551ce2\" data-element_type=\"container\">\n\t\t\t\t\t<div class=\"e-con-inner\">\n\t\t\t\t<div class=\"elementor-element elementor-element-7075f4bc elementor-widget elementor-widget-text-editor\" data-id=\"7075f4bc\" data-element_type=\"widget\" data-widget_type=\"text-editor.default\">\n\t\t\t\t<div class=\"elementor-widget-container\">\n\t\t\t\t\t\t\t\t\t<h1><strong>Datenschutzbestimmungen von Ai Prati di Lazise<\/strong><\/h1>\n<hr>\n<h4><strong>Datenkontrolleur<\/strong><\/h4>\n<p>Ai Prati di Lazise E-Mail des Eigent\u00fcmers:<a rel=\"noopener\">aipratidilazise@gmail.com Agriturismo Ai Prati P.IVA 03251560235<\/a><\/p>\n<h4> <\/h4>\n<h4><strong>Arten von gesammelten Daten<\/strong><\/h4>\n<ul>\n<li><strong>Name<\/strong><\/li>\n<li><strong>E-Mail Adresse<\/strong><\/li>\n<li><strong>Cookies und Tracking-Tools<\/strong><\/li>\n<li><strong>IP-Adressen<\/strong><\/li>\n<li><strong>Browser- und Ger\u00e4teinformationen<\/strong><\/li>\n<li><strong>Verwendungsdaten<\/strong><\/li>\n<\/ul>\n<h4> <\/h4>\n<h4><strong>Behandlungsmethoden<\/strong><\/h4>\n<p>Die Verarbeitung personenbezogener Daten erfolgt mit Hilfe automatisierter Tools und geeigneter Sicherheitsma\u00dfnahmen, um den unbefugten Zugriff, die Offenlegung, \u00c4nderung oder Zerst\u00f6rung der Daten zu verhindern. Die Verarbeitung erfolgt durch den Data Controller und speziell beauftragte Personen. <\/p>\n<h4> <\/h4>\n<h4><strong>Rechtsgrundlage f\u00fcr die Verarbeitung<\/strong><\/h4>\n<p>Der f\u00fcr die Verarbeitung Verantwortliche verarbeitet die personenbezogenen Daten des Benutzers auf den folgenden Rechtsgrundlagen:<\/p>\n<ul>\n<li>Zustimmung der <strong>betroffenen Person<\/strong>: Der Nutzer hat seine Zustimmung zur Verarbeitung seiner pers\u00f6nlichen Daten f\u00fcr einen oder mehrere bestimmte Zwecke gegeben.<\/li>\n<li>Berechtigtes <strong>Interesse des f\u00fcr die Verarbeitung Verantwortlichen<\/strong>: Die Verarbeitung ist f\u00fcr die Verfolgung des berechtigten Interesses des f\u00fcr die Verarbeitung Verantwortlichen oder eines Dritten erforderlich.<\/li>\n<\/ul>\n<h4><strong>Ort der Verarbeitung<\/strong><\/h4>\n<p>Die Daten werden am operativen Hauptsitz des f\u00fcr die Datenverarbeitung Verantwortlichen und an jedem anderen Ort verarbeitet, an dem sich die an der Verarbeitung beteiligten Parteien befinden. Die personenbezogenen Daten des Nutzers k\u00f6nnen in ein anderes Land als das Land, in dem der Nutzer ans\u00e4ssig ist, \u00fcbertragen werden, insbesondere in die Vereinigten Staaten von Amerika f\u00fcr Dienstleistungen von Dritten wie Google Analytics. <\/p>\n<h4> <\/h4>\n<h4><strong>Dauer der Lagerung<\/strong><\/h4>\n<p>Personenbezogene Daten werden nur so lange verarbeitet und gespeichert, wie es f\u00fcr den Zweck, f\u00fcr den sie erhoben wurden, erforderlich ist:<\/p>\n<ul>\n<li><strong>\u00dcber das Kontaktformular erfasste Daten<\/strong>: werden so lange aufbewahrt, wie es f\u00fcr die Beantwortung der Anfragen des Nutzers erforderlich ist.<\/li>\n<li><strong>Zu statistischen Zwecken erhobene Daten<\/strong>: werden gem\u00e4\u00df den von den verwendeten Drittdiensten festgelegten Bedingungen gespeichert.<\/li>\n<\/ul>\n<p>Nach Ablauf der Aufbewahrungsfrist werden die personenbezogenen Daten gel\u00f6scht. Nach Ablauf dieser Frist k\u00f6nnen daher das Recht auf Zugang, L\u00f6schung, Berichtigung und das Recht auf Daten\u00fcbertragbarkeit nicht mehr ausge\u00fcbt werden. <\/p>\n<h4> <\/h4>\n<h4><strong>Zweck der Verarbeitung der gesammelten Daten (einschlie\u00dflich Dienstleistungen Dritter)<\/strong><\/h4>\n<p>Die Benutzerdaten werden erhoben, damit der f\u00fcr die Verarbeitung Verantwortliche seine Dienstleistungen erbringen kann, sowie f\u00fcr die folgenden Zwecke:<\/p>\n<ol>\n<li>\n<p><strong>Kontaktaufnahme mit dem Benutzer<\/strong><\/p>\n<ul>\n<li><strong>Kontakt-Formular<\/strong>\n<ul>\n<li><strong>Was ist der Service<\/strong>: Er erm\u00f6glicht es dem Nutzer, den Controller zu kontaktieren, indem er Name und E-Mail-Adresse angibt.<\/li>\n<li><strong>Zweck<\/strong>: Beantwortung der Anfragen des Benutzers.<\/li>\n<li><strong>Vom Dienst verarbeitete personenbezogene Daten<\/strong>: Name, E-Mail-Adresse.<\/li>\n<li><strong>Ort der Verarbeitung<\/strong>: Italien.<\/li>\n<li><strong>Stellt einen Verkauf gem\u00e4\u00df den Gesetzen der Vereinigten Staaten wie dem CPRA und dem VCDPA dar<\/strong>: Nein.<\/li>\n<\/ul>\n<\/li>\n<\/ul>\n<\/li>\n<li>\n<p><strong>Statistik<\/strong><\/p>\n<ul>\n<li>\n<p><strong>Google Analytics<\/strong><\/p>\n<ul>\n<li><strong>Was ist das f\u00fcr ein Dienst<\/strong>: Ein Webanalysedienst, der von Google LLC (&#8222;Google&#8220;) bereitgestellt wird. Google verwendet die gesammelten Daten, um die Nutzung dieser Website zu verfolgen und zu untersuchen. <\/li>\n<li><strong>Zweck<\/strong>: Analyse der Interaktionen des Benutzers mit der Website, um die angebotenen Dienste zu verbessern.<\/li>\n<li><strong>Durch den Dienst verarbeitete personenbezogene Daten<\/strong>: Cookies, Nutzungsdaten, IP-Adressen.<\/li>\n<li><strong>Ort der Verarbeitung<\/strong>: Vereinigte Staaten; Irland.<\/li>\n<li><strong>Stellt einen Verkauf nach US-Gesetzen wie CPRA und VCDPA dar<\/strong>: Ja.<\/li>\n<\/ul>\n<\/li>\n<li>\n<p><strong>Google Suchkonsole<\/strong><\/p>\n<ul>\n<li><strong>Was ist das f\u00fcr ein Service<\/strong>: Ein kostenloses Tool, das von Google angeboten wird, um die Pr\u00e4senz der Website in den Suchergebnissen zu \u00fcberwachen.<\/li>\n<li><strong>Zweck<\/strong>: Optimierung der Sichtbarkeit der Website.<\/li>\n<li><strong>Durch den Dienst verarbeitete personenbezogene Daten<\/strong>: Nutzungsdaten, Cookies.<\/li>\n<li><strong>Ort der Verarbeitung<\/strong>: Vereinigte Staaten.<\/li>\n<li><strong>Stellt einen Verkauf nach US-Gesetzen wie CPRA und VCDPA dar<\/strong>: Ja.<\/li>\n<\/ul>\n<\/li>\n<\/ul>\n<\/li>\n<li>\n<p><strong>Tag Management<\/strong><\/p>\n<ul>\n<li><strong>Google Tag Manager<\/strong>\n<ul>\n<li><strong>Was ist das f\u00fcr ein Service<\/strong>: Tag Management System von Google LLC.<\/li>\n<li><strong>Zweck<\/strong>: Zentrale Verwaltung von Tags oder Skripten, die auf der Website verwendet werden.<\/li>\n<li><strong>Durch den Dienst verarbeitete personenbezogene Daten<\/strong>: Cookie, Nutzungsdaten.<\/li>\n<li><strong>Ort der Verarbeitung<\/strong>: Vereinigte Staaten.<\/li>\n<li><strong>Stellt einen Verkauf nach US-Gesetzen wie CPRA und VCDPA dar<\/strong>: Ja.<\/li>\n<\/ul>\n<\/li>\n<\/ul>\n<\/li>\n<\/ol>\n<h4> <\/h4>\n<h4><strong>Benutzerrechte<\/strong><\/h4>\n<p>Der Nutzer kann bestimmte Rechte in Bezug auf seine vom Datenverantwortlichen verarbeiteten Daten aus\u00fcben. Insbesondere hat der Benutzer das Recht auf: <\/p>\n<ul>\n<li>Sie k\u00f6nnen <strong>Ihre Zustimmung jederzeit widerrufen<\/strong>.<\/li>\n<li><strong>Widerspruch gegen die Verarbeitung<\/strong> der eigenen Daten einlegen.<\/li>\n<li><strong>Zugang zu den eigenen Daten<\/strong>, um Informationen \u00fcber bestimmte Aspekte der Verarbeitung zu erhalten.<\/li>\n<li><strong>Pr\u00fcfen und beantragen Sie die Berichtigung<\/strong> von Daten.<\/li>\n<li><strong>Erreichen Sie eine Einschr\u00e4nkung der Verarbeitung<\/strong>, wenn bestimmte Bedingungen erf\u00fcllt sind.<\/li>\n<li><strong>die L\u00f6schung oder Entfernung<\/strong> Ihrer pers\u00f6nlichen Daten <strong>zu erwirken<\/strong>.<\/li>\n<li><strong>Ihre Daten erhalten<\/strong> oder sie an einen anderen Inhaber \u00fcbertragen lassen.<\/li>\n<li><strong>Beschweren Sie sich<\/strong> bei der zust\u00e4ndigen Aufsichtsbeh\u00f6rde.<\/li>\n<\/ul>\n<p>Um seine Rechte auszu\u00fcben, kann der Nutzer eine Anfrage an die E-Mail-Adresse des f\u00fcr die Verarbeitung Verantwortlichen richten: <strong><a rel=\"noopener\">aipratidilazise@gmail.com<\/a><\/strong><\/p>\n<hr>\n<p><em>Zuletzt aktualisiert: 19. Oktober 2024<\/em><\/p>\n\t\t\t\t\t\t\t\t<\/div>\n\t\t\t\t<\/div>\n\t\t\t\t\t<\/div>\n\t\t\t\t<\/div>\n\t\t\t\t<\/div>\n\t\t","protected":false},"excerpt":{"rendered":"<p>Datenschutzbestimmungen von Ai Prati di Lazise Datenkontrolleur Ai Prati di Lazise E-Mail des Eigent\u00fcmers:aipratidilazise@gmail.com Agriturismo Ai Prati P.IVA 03251560235 Arten von gesammelten Daten Name E-Mail Adresse Cookies und Tracking-Tools IP-Adressen Browser- und Ger\u00e4teinformationen Verwendungsdaten Behandlungsmethoden Die Verarbeitung personenbezogener Daten erfolgt mit Hilfe automatisierter Tools und geeigneter Sicherheitsma\u00dfnahmen, um den unbefugten Zugriff, die Offenlegung, \u00c4nderung oder [&hellip;]<\/p>\n","protected":false},"author":1,"featured_media":0,"parent":0,"menu_order":0,"comment_status":"closed","ping_status":"open","template":"","meta":{"footnotes":""},"class_list":["post-820","page","type-page","status-publish","hentry"],"yoast_head":"<!-- This site is optimized with the Yoast SEO plugin v24.2 - https:\/\/yoast.com\/wordpress\/plugins\/seo\/ -->\n<title>Datenschutzbestimmungen - Ai Prati di Lazise<\/title>\n<meta name=\"robots\" content=\"index, follow, max-snippet:-1, max-image-preview:large, max-video-preview:-1\" \/>\n<link rel=\"canonical\" href=\"https:\/\/aipratidilazise.com\/de\/datenschutzbestimmungen\/\" \/>\n<meta property=\"og:locale\" content=\"de_DE\" \/>\n<meta property=\"og:type\" content=\"article\" \/>\n<meta property=\"og:title\" content=\"Datenschutzbestimmungen - Ai Prati di Lazise\" \/>\n<meta property=\"og:description\" content=\"Datenschutzbestimmungen von Ai Prati di Lazise Datenkontrolleur Ai Prati di Lazise E-Mail des Eigent\u00fcmers:aipratidilazise@gmail.com Agriturismo Ai Prati P.IVA 03251560235 Arten von gesammelten Daten Name E-Mail Adresse Cookies und Tracking-Tools IP-Adressen Browser- und Ger\u00e4teinformationen Verwendungsdaten Behandlungsmethoden Die Verarbeitung personenbezogener Daten erfolgt mit Hilfe automatisierter Tools und geeigneter Sicherheitsma\u00dfnahmen, um den unbefugten Zugriff, die Offenlegung, \u00c4nderung oder [&hellip;]\" \/>\n<meta property=\"og:url\" content=\"https:\/\/aipratidilazise.com\/de\/datenschutzbestimmungen\/\" \/>\n<meta property=\"og:site_name\" content=\"Ai Prati di Lazise\" \/>\n<meta property=\"article:publisher\" content=\"https:\/\/www.facebook.com\/pages\/Agriturismo-Ai-Prati\/651156518307877?sk=timeline\" \/>\n<meta property=\"article:modified_time\" content=\"2024-10-19T16:04:16+00:00\" \/>\n<meta name=\"twitter:card\" content=\"summary_large_image\" \/>\n<meta name=\"twitter:label1\" content=\"Gesch\u00e4tzte Lesezeit\" \/>\n\t<meta name=\"twitter:data1\" content=\"4\u00a0Minuten\" \/>\n<script type=\"application\/ld+json\" class=\"yoast-schema-graph\">{\"@context\":\"https:\/\/schema.org\",\"@graph\":[{\"@type\":\"WebPage\",\"@id\":\"https:\/\/aipratidilazise.com\/de\/datenschutzbestimmungen\/\",\"url\":\"https:\/\/aipratidilazise.com\/de\/datenschutzbestimmungen\/\",\"name\":\"Datenschutzbestimmungen - Ai Prati di Lazise\",\"isPartOf\":{\"@id\":\"https:\/\/aipratidilazise.com\/de\/#website\"},\"datePublished\":\"2024-09-24T14:25:16+00:00\",\"dateModified\":\"2024-10-19T16:04:16+00:00\",\"breadcrumb\":{\"@id\":\"https:\/\/aipratidilazise.com\/de\/datenschutzbestimmungen\/#breadcrumb\"},\"inLanguage\":\"de\",\"potentialAction\":[{\"@type\":\"ReadAction\",\"target\":[\"https:\/\/aipratidilazise.com\/de\/datenschutzbestimmungen\/\"]}]},{\"@type\":\"BreadcrumbList\",\"@id\":\"https:\/\/aipratidilazise.com\/de\/datenschutzbestimmungen\/#breadcrumb\",\"itemListElement\":[{\"@type\":\"ListItem\",\"position\":1,\"name\":\"Home\",\"item\":\"https:\/\/aipratidilazise.com\/de\/\"},{\"@type\":\"ListItem\",\"position\":2,\"name\":\"Datenschutzbestimmungen\"}]},{\"@type\":\"WebSite\",\"@id\":\"https:\/\/aipratidilazise.com\/de\/#website\",\"url\":\"https:\/\/aipratidilazise.com\/de\/\",\"name\":\"Ai Prati di Lazise\",\"description\":\"Agriturimo e Agricampeggio\",\"potentialAction\":[{\"@type\":\"SearchAction\",\"target\":{\"@type\":\"EntryPoint\",\"urlTemplate\":\"https:\/\/aipratidilazise.com\/de\/?s={search_term_string}\"},\"query-input\":{\"@type\":\"PropertyValueSpecification\",\"valueRequired\":true,\"valueName\":\"search_term_string\"}}],\"inLanguage\":\"de\"}]}<\/script>\n<!-- \/ Yoast SEO plugin. -->","yoast_head_json":{"title":"Datenschutzbestimmungen - Ai Prati di Lazise","robots":{"index":"index","follow":"follow","max-snippet":"max-snippet:-1","max-image-preview":"max-image-preview:large","max-video-preview":"max-video-preview:-1"},"canonical":"https:\/\/aipratidilazise.com\/de\/datenschutzbestimmungen\/","og_locale":"de_DE","og_type":"article","og_title":"Datenschutzbestimmungen - Ai Prati di Lazise","og_description":"Datenschutzbestimmungen von Ai Prati di Lazise Datenkontrolleur Ai Prati di Lazise E-Mail des Eigent\u00fcmers:aipratidilazise@gmail.com Agriturismo Ai Prati P.IVA 03251560235 Arten von gesammelten Daten Name E-Mail Adresse Cookies und Tracking-Tools IP-Adressen Browser- und Ger\u00e4teinformationen Verwendungsdaten Behandlungsmethoden Die Verarbeitung personenbezogener Daten erfolgt mit Hilfe automatisierter Tools und geeigneter Sicherheitsma\u00dfnahmen, um den unbefugten Zugriff, die Offenlegung, \u00c4nderung oder [&hellip;]","og_url":"https:\/\/aipratidilazise.com\/de\/datenschutzbestimmungen\/","og_site_name":"Ai Prati di Lazise","article_publisher":"https:\/\/www.facebook.com\/pages\/Agriturismo-Ai-Prati\/651156518307877?sk=timeline","article_modified_time":"2024-10-19T16:04:16+00:00","twitter_card":"summary_large_image","twitter_misc":{"Gesch\u00e4tzte Lesezeit":"4\u00a0Minuten"},"schema":{"@context":"https:\/\/schema.org","@graph":[{"@type":"WebPage","@id":"https:\/\/aipratidilazise.com\/de\/datenschutzbestimmungen\/","url":"https:\/\/aipratidilazise.com\/de\/datenschutzbestimmungen\/","name":"Datenschutzbestimmungen - Ai Prati di Lazise","isPartOf":{"@id":"https:\/\/aipratidilazise.com\/de\/#website"},"datePublished":"2024-09-24T14:25:16+00:00","dateModified":"2024-10-19T16:04:16+00:00","breadcrumb":{"@id":"https:\/\/aipratidilazise.com\/de\/datenschutzbestimmungen\/#breadcrumb"},"inLanguage":"de","potentialAction":[{"@type":"ReadAction","target":["https:\/\/aipratidilazise.com\/de\/datenschutzbestimmungen\/"]}]},{"@type":"BreadcrumbList","@id":"https:\/\/aipratidilazise.com\/de\/datenschutzbestimmungen\/#breadcrumb","itemListElement":[{"@type":"ListItem","position":1,"name":"Home","item":"https:\/\/aipratidilazise.com\/de\/"},{"@type":"ListItem","position":2,"name":"Datenschutzbestimmungen"}]},{"@type":"WebSite","@id":"https:\/\/aipratidilazise.com\/de\/#website","url":"https:\/\/aipratidilazise.com\/de\/","name":"Ai Prati di Lazise","description":"Agriturimo e Agricampeggio","potentialAction":[{"@type":"SearchAction","target":{"@type":"EntryPoint","urlTemplate":"https:\/\/aipratidilazise.com\/de\/?s={search_term_string}"},"query-input":{"@type":"PropertyValueSpecification","valueRequired":true,"valueName":"search_term_string"}}],"inLanguage":"de"}]}},"_links":{"self":[{"href":"https:\/\/aipratidilazise.com\/de\/wp-json\/wp\/v2\/pages\/820","targetHints":{"allow":["GET"]}}],"collection":[{"href":"https:\/\/aipratidilazise.com\/de\/wp-json\/wp\/v2\/pages"}],"about":[{"href":"https:\/\/aipratidilazise.com\/de\/wp-json\/wp\/v2\/types\/page"}],"author":[{"embeddable":true,"href":"https:\/\/aipratidilazise.com\/de\/wp-json\/wp\/v2\/users\/1"}],"replies":[{"embeddable":true,"href":"https:\/\/aipratidilazise.com\/de\/wp-json\/wp\/v2\/comments?post=820"}],"version-history":[{"count":4,"href":"https:\/\/aipratidilazise.com\/de\/wp-json\/wp\/v2\/pages\/820\/revisions"}],"predecessor-version":[{"id":974,"href":"https:\/\/aipratidilazise.com\/de\/wp-json\/wp\/v2\/pages\/820\/revisions\/974"}],"wp:attachment":[{"href":"https:\/\/aipratidilazise.com\/de\/wp-json\/wp\/v2\/media?parent=820"}],"curies":[{"name":"wp","href":"https:\/\/api.w.org\/{rel}","templated":true}]}}