{"id":882,"date":"2024-10-19T16:12:36","date_gmt":"2024-10-19T14:12:36","guid":{"rendered":"https:\/\/aipratidilazise.com\/weisser-schaumwein\/"},"modified":"2024-10-19T16:18:18","modified_gmt":"2024-10-19T14:18:18","slug":"weisser-schaumwein","status":"publish","type":"page","link":"https:\/\/aipratidilazise.com\/de\/weisser-schaumwein\/","title":{"rendered":"Wei\u00dfer Schaumwein"},"content":{"rendered":"\t\t<div data-elementor-type=\"wp-page\" data-elementor-id=\"882\" class=\"elementor elementor-882 elementor-877\" data-elementor-post-type=\"page\">\n\t\t\t\t<div class=\"elementor-element elementor-element-9313c52 e-flex e-con-boxed e-con e-parent\" data-id=\"9313c52\" data-element_type=\"container\">\n\t\t\t\t\t<div class=\"e-con-inner\">\n\t\t\t\t<div class=\"elementor-element elementor-element-e2bc6d4 elementor-widget elementor-widget-heading\" data-id=\"e2bc6d4\" data-element_type=\"widget\" data-widget_type=\"heading.default\">\n\t\t\t\t<div class=\"elementor-widget-container\">\n\t\t\t\t\t<h2 class=\"elementor-heading-title elementor-size-default\">Wei\u00dfer Schaumwein<\/h2>\t\t\t\t<\/div>\n\t\t\t\t<\/div>\n\t\t\t\t<div class=\"elementor-element elementor-element-f0e5a13 elementor-widget elementor-widget-heading\" data-id=\"f0e5a13\" data-element_type=\"widget\" data-widget_type=\"heading.default\">\n\t\t\t\t<div class=\"elementor-widget-container\">\n\t\t\t\t\t<p class=\"elementor-heading-title elementor-size-default\">Wei\u00dfer Schaumwein 'Filips Country<\/p>\t\t\t\t<\/div>\n\t\t\t\t<\/div>\n\t\t\t\t\t<\/div>\n\t\t\t\t<\/div>\n\t\t<div class=\"elementor-element elementor-element-d31c0a8 e-flex e-con-boxed e-con e-parent\" data-id=\"d31c0a8\" data-element_type=\"container\">\n\t\t\t\t\t<div class=\"e-con-inner\">\n\t\t\t\t<div class=\"elementor-element elementor-element-7b7a77a elementor-widget elementor-widget-heading\" data-id=\"7b7a77a\" data-element_type=\"widget\" data-widget_type=\"heading.default\">\n\t\t\t\t<div class=\"elementor-widget-container\">\n\t\t\t\t\t<h4 class=\"elementor-heading-title elementor-size-default\">Liste der Inhaltsstoffe<\/h4>\t\t\t\t<\/div>\n\t\t\t\t<\/div>\n\t\t\t\t<div class=\"elementor-element elementor-element-848acd5 elementor-icon-list--layout-traditional elementor-list-item-link-full_width elementor-widget elementor-widget-icon-list\" data-id=\"848acd5\" data-element_type=\"widget\" data-widget_type=\"icon-list.default\">\n\t\t\t\t<div class=\"elementor-widget-container\">\n\t\t\t\t\t\t\t<ul class=\"elementor-icon-list-items\">\n\t\t\t\t\t\t\t<li class=\"elementor-icon-list-item\">\n\t\t\t\t\t\t\t\t\t\t\t<span class=\"elementor-icon-list-icon\">\n\t\t\t\t\t\t\t<svg aria-hidden=\"true\" class=\"e-font-icon-svg e-fas-minus\" viewBox=\"0 0 448 512\" xmlns=\"http:\/\/www.w3.org\/2000\/svg\"><path d=\"M416 208H32c-17.67 0-32 14.33-32 32v32c0 17.67 14.33 32 32 32h384c17.67 0 32-14.33 32-32v-32c0-17.67-14.33-32-32-32z\"><\/path><\/svg>\t\t\t\t\t\t<\/span>\n\t\t\t\t\t\t\t\t\t\t<span class=\"elementor-icon-list-text\">Weintrauben<\/span>\n\t\t\t\t\t\t\t\t\t<\/li>\n\t\t\t\t\t\t\t\t<li class=\"elementor-icon-list-item\">\n\t\t\t\t\t\t\t\t\t\t\t<span class=\"elementor-icon-list-icon\">\n\t\t\t\t\t\t\t<svg aria-hidden=\"true\" class=\"e-font-icon-svg e-fas-minus\" viewBox=\"0 0 448 512\" xmlns=\"http:\/\/www.w3.org\/2000\/svg\"><path d=\"M416 208H32c-17.67 0-32 14.33-32 32v32c0 17.67 14.33 32 32 32h384c17.67 0 32-14.33 32-32v-32c0-17.67-14.33-32-32-32z\"><\/path><\/svg>\t\t\t\t\t\t<\/span>\n\t\t\t\t\t\t\t\t\t\t<span class=\"elementor-icon-list-text\">Rektifiziertes Traubenmostkonzentrat<\/span>\n\t\t\t\t\t\t\t\t\t<\/li>\n\t\t\t\t\t\t\t\t<li class=\"elementor-icon-list-item\">\n\t\t\t\t\t\t\t\t\t\t\t<span class=\"elementor-icon-list-icon\">\n\t\t\t\t\t\t\t<svg aria-hidden=\"true\" class=\"e-font-icon-svg e-fas-minus\" viewBox=\"0 0 448 512\" xmlns=\"http:\/\/www.w3.org\/2000\/svg\"><path d=\"M416 208H32c-17.67 0-32 14.33-32 32v32c0 17.67 14.33 32 32 32h384c17.67 0 32-14.33 32-32v-32c0-17.67-14.33-32-32-32z\"><\/path><\/svg>\t\t\t\t\t\t<\/span>\n\t\t\t\t\t\t\t\t\t\t<span class=\"elementor-icon-list-text\">Kaliummetabisulfit<\/span>\n\t\t\t\t\t\t\t\t\t<\/li>\n\t\t\t\t\t\t\t\t<li class=\"elementor-icon-list-item\">\n\t\t\t\t\t\t\t\t\t\t\t<span class=\"elementor-icon-list-icon\">\n\t\t\t\t\t\t\t<svg aria-hidden=\"true\" class=\"e-font-icon-svg e-fas-minus\" viewBox=\"0 0 448 512\" xmlns=\"http:\/\/www.w3.org\/2000\/svg\"><path d=\"M416 208H32c-17.67 0-32 14.33-32 32v32c0 17.67 14.33 32 32 32h384c17.67 0 32-14.33 32-32v-32c0-17.67-14.33-32-32-32z\"><\/path><\/svg>\t\t\t\t\t\t<\/span>\n\t\t\t\t\t\t\t\t\t\t<span class=\"elementor-icon-list-text\">L-Ascorbins\u00e4ure<\/span>\n\t\t\t\t\t\t\t\t\t<\/li>\n\t\t\t\t\t\t\t\t<li class=\"elementor-icon-list-item\">\n\t\t\t\t\t\t\t\t\t\t\t<span class=\"elementor-icon-list-icon\">\n\t\t\t\t\t\t\t<svg aria-hidden=\"true\" class=\"e-font-icon-svg e-fas-minus\" viewBox=\"0 0 448 512\" xmlns=\"http:\/\/www.w3.org\/2000\/svg\"><path d=\"M416 208H32c-17.67 0-32 14.33-32 32v32c0 17.67 14.33 32 32 32h384c17.67 0 32-14.33 32-32v-32c0-17.67-14.33-32-32-32z\"><\/path><\/svg>\t\t\t\t\t\t<\/span>\n\t\t\t\t\t\t\t\t\t\t<span class=\"elementor-icon-list-text\">Zitronens\u00e4ure  <\/span>\n\t\t\t\t\t\t\t\t\t<\/li>\n\t\t\t\t\t\t\t\t<li class=\"elementor-icon-list-item\">\n\t\t\t\t\t\t\t\t\t\t\t<span class=\"elementor-icon-list-icon\">\n\t\t\t\t\t\t\t<svg aria-hidden=\"true\" class=\"e-font-icon-svg e-fas-minus\" viewBox=\"0 0 448 512\" xmlns=\"http:\/\/www.w3.org\/2000\/svg\"><path d=\"M416 208H32c-17.67 0-32 14.33-32 32v32c0 17.67 14.33 32 32 32h384c17.67 0 32-14.33 32-32v-32c0-17.67-14.33-32-32-32z\"><\/path><\/svg>\t\t\t\t\t\t<\/span>\n\t\t\t\t\t\t\t\t\t\t<span class=\"elementor-icon-list-text\">Gummi Arabicum<\/span>\n\t\t\t\t\t\t\t\t\t<\/li>\n\t\t\t\t\t\t\t\t<li class=\"elementor-icon-list-item\">\n\t\t\t\t\t\t\t\t\t\t\t<span class=\"elementor-icon-list-icon\">\n\t\t\t\t\t\t\t<svg aria-hidden=\"true\" class=\"e-font-icon-svg e-fas-minus\" viewBox=\"0 0 448 512\" xmlns=\"http:\/\/www.w3.org\/2000\/svg\"><path d=\"M416 208H32c-17.67 0-32 14.33-32 32v32c0 17.67 14.33 32 32 32h384c17.67 0 32-14.33 32-32v-32c0-17.67-14.33-32-32-32z\"><\/path><\/svg>\t\t\t\t\t\t<\/span>\n\t\t\t\t\t\t\t\t\t\t<span class=\"elementor-icon-list-text\">Kalium-Polyaspartat<\/span>\n\t\t\t\t\t\t\t\t\t<\/li>\n\t\t\t\t\t\t\t\t<li class=\"elementor-icon-list-item\">\n\t\t\t\t\t\t\t\t\t\t\t<span class=\"elementor-icon-list-icon\">\n\t\t\t\t\t\t\t<svg aria-hidden=\"true\" class=\"e-font-icon-svg e-fas-minus\" viewBox=\"0 0 448 512\" xmlns=\"http:\/\/www.w3.org\/2000\/svg\"><path d=\"M416 208H32c-17.67 0-32 14.33-32 32v32c0 17.67 14.33 32 32 32h384c17.67 0 32-14.33 32-32v-32c0-17.67-14.33-32-32-32z\"><\/path><\/svg>\t\t\t\t\t\t<\/span>\n\t\t\t\t\t\t\t\t\t\t<span class=\"elementor-icon-list-text\">Hefe-Mannoproteine<\/span>\n\t\t\t\t\t\t\t\t\t<\/li>\n\t\t\t\t\t\t<\/ul>\n\t\t\t\t\t\t<\/div>\n\t\t\t\t<\/div>\n\t\t\t\t\t<\/div>\n\t\t\t\t<\/div>\n\t\t<div class=\"elementor-element elementor-element-3f0fa74 e-flex e-con-boxed e-con e-parent\" data-id=\"3f0fa74\" data-element_type=\"container\">\n\t\t\t\t\t<div class=\"e-con-inner\">\n\t\t\t\t<div class=\"elementor-element elementor-element-b4fbcfa elementor-widget elementor-widget-heading\" data-id=\"b4fbcfa\" data-element_type=\"widget\" data-widget_type=\"heading.default\">\n\t\t\t\t<div class=\"elementor-widget-container\">\n\t\t\t\t\t<h4 class=\"elementor-heading-title elementor-size-default\">Liste der Inhaltsstoffe<\/h4>\t\t\t\t<\/div>\n\t\t\t\t<\/div>\n\t\t<div class=\"elementor-element elementor-element-6def646 e-con-full e-flex e-con e-child\" data-id=\"6def646\" data-element_type=\"container\">\n\t\t\t\t<div class=\"elementor-element elementor-element-cf57553 elementor-widget elementor-widget-html\" data-id=\"cf57553\" data-element_type=\"widget\" data-widget_type=\"html.default\">\n\t\t\t\t<div class=\"elementor-widget-container\">\n\t\t\t\t\t<table>\n    <tr>\n        <td>N\u00e4hrstoff- oder Energieelemente<\/td>\n        <td>Referenz-Aufnahme<\/td>\n    <\/tr>\n    <tr>\n        <td>Energie<\/td>\n        <td>290Kj\/100ml - 70 Kcal\/100ml<\/td>\n    <\/tr>\n    <tr>\n        <td>Fett gesamt<\/td>\n        <td>0,0g<\/td>\n    <\/tr>\n    <tr>\n        <td>davon ges\u00e4ttigte Fetts\u00e4uren<\/td>\n        <td>0,0g<\/td>\n    <\/tr>\n    <tr>\n        <td>Kohlenhydrate<\/td>\n        <td>2,4g<\/td>\n    <\/tr>\n    <tr>\n        <td>davon Zucker<\/td>\n        <td>1,4g<\/td>\n    <\/tr>\n    <tr>\n        <td>Eiwei\u00df<\/td>\n        <td>0,0g<\/td>\n    <\/tr>\n    <tr>\n        <td>Salz<\/td>\n        <td>0,0g<\/td>\n    <\/tr>\n<\/table>\t\t\t\t<\/div>\n\t\t\t\t<\/div>\n\t\t\t\t<\/div>\n\t\t\t\t\t<\/div>\n\t\t\t\t<\/div>\n\t\t<div class=\"elementor-element elementor-element-4a146d2 e-flex e-con-boxed e-con e-parent\" data-id=\"4a146d2\" data-element_type=\"container\">\n\t\t\t\t\t<div class=\"e-con-inner\">\n\t\t\t\t<div class=\"elementor-element elementor-element-f282d3d elementor-widget elementor-widget-heading\" data-id=\"f282d3d\" data-element_type=\"widget\" data-widget_type=\"heading.default\">\n\t\t\t\t<div class=\"elementor-widget-container\">\n\t\t\t\t\t<h4 class=\"elementor-heading-title elementor-size-default\">Entsorgung der Verpackung<\/h4>\t\t\t\t<\/div>\n\t\t\t\t<\/div>\n\t\t<div class=\"elementor-element elementor-element-38ebd20 e-con-full e-flex e-con e-child\" data-id=\"38ebd20\" data-element_type=\"container\">\n\t\t\t\t<div class=\"elementor-element elementor-element-33d128a elementor-widget elementor-widget-html\" data-id=\"33d128a\" data-element_type=\"widget\" data-widget_type=\"html.default\">\n\t\t\t\t<div class=\"elementor-widget-container\">\n\t\t\t\t\t<table>\n    <tr>\n        <td>Flasche<\/td>\n        <td>GL71 - Gr\u00fcnes Glas<\/td>\n    <\/tr>\n    <tr>\n        <td>Stopper<\/td>\n        <td>FOR51 - Kork<\/td>\n    <\/tr>\n    <tr>\n        <td>Kapsel<\/td>\n        <td>C\/PVC90 - Kunststoff\/Aluminium<\/td>\n    <\/tr>\n    <tr>\n        <td>Entsorgungsmethode<\/td>\n        <td>Getrennte Sammlung<\/td>\n    <\/tr>\n    <tr>\n        <td colspan=\"2\">\nPr\u00fcfen Sie die Vorschriften Ihrer Gemeinde. Trennen Sie die Komponenten und liefern Sie sie ordnungsgem\u00e4\u00df<\/td>\n    <\/tr>\n<\/table>\t\t\t\t<\/div>\n\t\t\t\t<\/div>\n\t\t\t\t<\/div>\n\t\t\t\t\t<\/div>\n\t\t\t\t<\/div>\n\t\t\t\t<\/div>\n\t\t","protected":false},"excerpt":{"rendered":"<p>Wei\u00dfer Schaumwein Wei\u00dfer Schaumwein &#8218;Filips Country Liste der Inhaltsstoffe Weintrauben Rektifiziertes Traubenmostkonzentrat Kaliummetabisulfit L-Ascorbins\u00e4ure Zitronens\u00e4ure Gummi Arabicum Kalium-Polyaspartat Hefe-Mannoproteine Liste der Inhaltsstoffe N\u00e4hrstoff- oder Energieelemente Referenz-Aufnahme Energie 290Kj\/100ml &#8211; 70 Kcal\/100ml Fett gesamt 0,0g davon ges\u00e4ttigte Fetts\u00e4uren 0,0g Kohlenhydrate 2,4g davon Zucker 1,4g Eiwei\u00df 0,0g Salz 0,0g Entsorgung der Verpackung Flasche GL71 &#8211; Gr\u00fcnes Glas [&hellip;]<\/p>\n","protected":false},"author":1,"featured_media":0,"parent":0,"menu_order":0,"comment_status":"closed","ping_status":"closed","template":"elementor_canvas","meta":{"footnotes":""},"class_list":["post-882","page","type-page","status-publish","hentry"],"yoast_head":"<!-- This site is optimized with the Yoast SEO plugin v24.2 - https:\/\/yoast.com\/wordpress\/plugins\/seo\/ -->\n<title>Wei\u00dfer Schaumwein - Ai Prati di Lazise<\/title>\n<meta name=\"robots\" content=\"index, follow, max-snippet:-1, max-image-preview:large, max-video-preview:-1\" \/>\n<link rel=\"canonical\" href=\"https:\/\/aipratidilazise.com\/de\/weisser-schaumwein\/\" \/>\n<meta property=\"og:locale\" content=\"de_DE\" \/>\n<meta property=\"og:type\" content=\"article\" \/>\n<meta property=\"og:title\" content=\"Wei\u00dfer Schaumwein - Ai Prati di Lazise\" \/>\n<meta property=\"og:description\" content=\"Wei\u00dfer Schaumwein Wei\u00dfer Schaumwein &#8218;Filips Country Liste der Inhaltsstoffe Weintrauben Rektifiziertes Traubenmostkonzentrat Kaliummetabisulfit L-Ascorbins\u00e4ure Zitronens\u00e4ure Gummi Arabicum Kalium-Polyaspartat Hefe-Mannoproteine Liste der Inhaltsstoffe N\u00e4hrstoff- oder Energieelemente Referenz-Aufnahme Energie 290Kj\/100ml &#8211; 70 Kcal\/100ml Fett gesamt 0,0g davon ges\u00e4ttigte Fetts\u00e4uren 0,0g Kohlenhydrate 2,4g davon Zucker 1,4g Eiwei\u00df 0,0g Salz 0,0g Entsorgung der Verpackung Flasche GL71 &#8211; Gr\u00fcnes Glas [&hellip;]\" \/>\n<meta property=\"og:url\" content=\"https:\/\/aipratidilazise.com\/de\/weisser-schaumwein\/\" \/>\n<meta property=\"og:site_name\" content=\"Ai Prati di Lazise\" \/>\n<meta property=\"article:publisher\" content=\"https:\/\/www.facebook.com\/pages\/Agriturismo-Ai-Prati\/651156518307877?sk=timeline\" \/>\n<meta property=\"article:modified_time\" content=\"2024-10-19T14:18:18+00:00\" \/>\n<meta name=\"twitter:card\" content=\"summary_large_image\" \/>\n<script type=\"application\/ld+json\" class=\"yoast-schema-graph\">{\"@context\":\"https:\/\/schema.org\",\"@graph\":[{\"@type\":\"WebPage\",\"@id\":\"https:\/\/aipratidilazise.com\/de\/weisser-schaumwein\/\",\"url\":\"https:\/\/aipratidilazise.com\/de\/weisser-schaumwein\/\",\"name\":\"Wei\u00dfer Schaumwein - Ai Prati di Lazise\",\"isPartOf\":{\"@id\":\"https:\/\/aipratidilazise.com\/de\/#website\"},\"datePublished\":\"2024-10-19T14:12:36+00:00\",\"dateModified\":\"2024-10-19T14:18:18+00:00\",\"breadcrumb\":{\"@id\":\"https:\/\/aipratidilazise.com\/de\/weisser-schaumwein\/#breadcrumb\"},\"inLanguage\":\"de\",\"potentialAction\":[{\"@type\":\"ReadAction\",\"target\":[\"https:\/\/aipratidilazise.com\/de\/weisser-schaumwein\/\"]}]},{\"@type\":\"BreadcrumbList\",\"@id\":\"https:\/\/aipratidilazise.com\/de\/weisser-schaumwein\/#breadcrumb\",\"itemListElement\":[{\"@type\":\"ListItem\",\"position\":1,\"name\":\"Home\",\"item\":\"https:\/\/aipratidilazise.com\/de\/\"},{\"@type\":\"ListItem\",\"position\":2,\"name\":\"Wei\u00dfer Schaumwein\"}]},{\"@type\":\"WebSite\",\"@id\":\"https:\/\/aipratidilazise.com\/de\/#website\",\"url\":\"https:\/\/aipratidilazise.com\/de\/\",\"name\":\"Ai Prati di Lazise\",\"description\":\"Agriturimo e Agricampeggio\",\"potentialAction\":[{\"@type\":\"SearchAction\",\"target\":{\"@type\":\"EntryPoint\",\"urlTemplate\":\"https:\/\/aipratidilazise.com\/de\/?s={search_term_string}\"},\"query-input\":{\"@type\":\"PropertyValueSpecification\",\"valueRequired\":true,\"valueName\":\"search_term_string\"}}],\"inLanguage\":\"de\"}]}<\/script>\n<!-- \/ Yoast SEO plugin. -->","yoast_head_json":{"title":"Wei\u00dfer Schaumwein - Ai Prati di Lazise","robots":{"index":"index","follow":"follow","max-snippet":"max-snippet:-1","max-image-preview":"max-image-preview:large","max-video-preview":"max-video-preview:-1"},"canonical":"https:\/\/aipratidilazise.com\/de\/weisser-schaumwein\/","og_locale":"de_DE","og_type":"article","og_title":"Wei\u00dfer Schaumwein - Ai Prati di Lazise","og_description":"Wei\u00dfer Schaumwein Wei\u00dfer Schaumwein &#8218;Filips Country Liste der Inhaltsstoffe Weintrauben Rektifiziertes Traubenmostkonzentrat Kaliummetabisulfit L-Ascorbins\u00e4ure Zitronens\u00e4ure Gummi Arabicum Kalium-Polyaspartat Hefe-Mannoproteine Liste der Inhaltsstoffe N\u00e4hrstoff- oder Energieelemente Referenz-Aufnahme Energie 290Kj\/100ml &#8211; 70 Kcal\/100ml Fett gesamt 0,0g davon ges\u00e4ttigte Fetts\u00e4uren 0,0g Kohlenhydrate 2,4g davon Zucker 1,4g Eiwei\u00df 0,0g Salz 0,0g Entsorgung der Verpackung Flasche GL71 &#8211; Gr\u00fcnes Glas [&hellip;]","og_url":"https:\/\/aipratidilazise.com\/de\/weisser-schaumwein\/","og_site_name":"Ai Prati di Lazise","article_publisher":"https:\/\/www.facebook.com\/pages\/Agriturismo-Ai-Prati\/651156518307877?sk=timeline","article_modified_time":"2024-10-19T14:18:18+00:00","twitter_card":"summary_large_image","schema":{"@context":"https:\/\/schema.org","@graph":[{"@type":"WebPage","@id":"https:\/\/aipratidilazise.com\/de\/weisser-schaumwein\/","url":"https:\/\/aipratidilazise.com\/de\/weisser-schaumwein\/","name":"Wei\u00dfer Schaumwein - Ai Prati di Lazise","isPartOf":{"@id":"https:\/\/aipratidilazise.com\/de\/#website"},"datePublished":"2024-10-19T14:12:36+00:00","dateModified":"2024-10-19T14:18:18+00:00","breadcrumb":{"@id":"https:\/\/aipratidilazise.com\/de\/weisser-schaumwein\/#breadcrumb"},"inLanguage":"de","potentialAction":[{"@type":"ReadAction","target":["https:\/\/aipratidilazise.com\/de\/weisser-schaumwein\/"]}]},{"@type":"BreadcrumbList","@id":"https:\/\/aipratidilazise.com\/de\/weisser-schaumwein\/#breadcrumb","itemListElement":[{"@type":"ListItem","position":1,"name":"Home","item":"https:\/\/aipratidilazise.com\/de\/"},{"@type":"ListItem","position":2,"name":"Wei\u00dfer Schaumwein"}]},{"@type":"WebSite","@id":"https:\/\/aipratidilazise.com\/de\/#website","url":"https:\/\/aipratidilazise.com\/de\/","name":"Ai Prati di Lazise","description":"Agriturimo e Agricampeggio","potentialAction":[{"@type":"SearchAction","target":{"@type":"EntryPoint","urlTemplate":"https:\/\/aipratidilazise.com\/de\/?s={search_term_string}"},"query-input":{"@type":"PropertyValueSpecification","valueRequired":true,"valueName":"search_term_string"}}],"inLanguage":"de"}]}},"_links":{"self":[{"href":"https:\/\/aipratidilazise.com\/de\/wp-json\/wp\/v2\/pages\/882","targetHints":{"allow":["GET"]}}],"collection":[{"href":"https:\/\/aipratidilazise.com\/de\/wp-json\/wp\/v2\/pages"}],"about":[{"href":"https:\/\/aipratidilazise.com\/de\/wp-json\/wp\/v2\/types\/page"}],"author":[{"embeddable":true,"href":"https:\/\/aipratidilazise.com\/de\/wp-json\/wp\/v2\/users\/1"}],"replies":[{"embeddable":true,"href":"https:\/\/aipratidilazise.com\/de\/wp-json\/wp\/v2\/comments?post=882"}],"version-history":[{"count":1,"href":"https:\/\/aipratidilazise.com\/de\/wp-json\/wp\/v2\/pages\/882\/revisions"}],"predecessor-version":[{"id":883,"href":"https:\/\/aipratidilazise.com\/de\/wp-json\/wp\/v2\/pages\/882\/revisions\/883"}],"wp:attachment":[{"href":"https:\/\/aipratidilazise.com\/de\/wp-json\/wp\/v2\/media?parent=882"}],"curies":[{"name":"wp","href":"https:\/\/api.w.org\/{rel}","templated":true}]}}