{"id":1636,"date":"2025-02-18T08:36:16","date_gmt":"2025-02-18T07:36:16","guid":{"rendered":"https:\/\/aipratidilazise.com\/durabilite\/"},"modified":"2025-02-26T10:59:46","modified_gmt":"2025-02-26T09:59:46","slug":"durabilite","status":"publish","type":"page","link":"https:\/\/aipratidilazise.com\/fr\/durabilite\/","title":{"rendered":"Durabilit\u00e9"},"content":{"rendered":"\t\t<div data-elementor-type=\"wp-page\" data-elementor-id=\"1636\" class=\"elementor elementor-1636 elementor-1628\" data-elementor-post-type=\"page\">\n\t\t\t\t<div class=\"elementor-element elementor-element-f91b1f7 e-flex e-con-boxed e-con e-parent\" data-id=\"f91b1f7\" data-element_type=\"container\" data-settings=\"{&quot;background_background&quot;:&quot;classic&quot;}\">\n\t\t\t\t\t<div class=\"e-con-inner\">\n\t\t<div class=\"elementor-element elementor-element-fb31a1b e-con-full e-flex e-con e-child\" data-id=\"fb31a1b\" data-element_type=\"container\">\n\t\t\t\t<div class=\"elementor-element elementor-element-42cf4b5 elementor-widget elementor-widget-heading\" data-id=\"42cf4b5\" data-element_type=\"widget\" data-widget_type=\"heading.default\">\n\t\t\t\t<div class=\"elementor-widget-container\">\n\t\t\t\t\t<h2 class=\"elementor-heading-title elementor-size-default\">bienvenue dans les prairies de lazise<\/h2>\t\t\t\t<\/div>\n\t\t\t\t<\/div>\n\t\t\t\t<div class=\"elementor-element elementor-element-659e504 elementor-widget elementor-widget-heading\" data-id=\"659e504\" data-element_type=\"widget\" data-widget_type=\"heading.default\">\n\t\t\t\t<div class=\"elementor-widget-container\">\n\t\t\t\t\t<h2 class=\"elementor-heading-title elementor-size-default\">Durabilit\u00e9<\/h2>\t\t\t\t<\/div>\n\t\t\t\t<\/div>\n\t\t\t\t<div class=\"elementor-element elementor-element-ae1fa6a elementor-widget elementor-widget-spacer\" data-id=\"ae1fa6a\" data-element_type=\"widget\" data-widget_type=\"spacer.default\">\n\t\t\t\t<div class=\"elementor-widget-container\">\n\t\t\t\t\t\t\t<div class=\"elementor-spacer\">\n\t\t\t<div class=\"elementor-spacer-inner\"><\/div>\n\t\t<\/div>\n\t\t\t\t\t\t<\/div>\n\t\t\t\t<\/div>\n\t\t\t\t<\/div>\n\t\t\t\t\t<\/div>\n\t\t\t\t<\/div>\n\t\t<div class=\"elementor-element elementor-element-1499a48 e-flex e-con-boxed e-con e-parent\" data-id=\"1499a48\" data-element_type=\"container\">\n\t\t\t\t\t<div class=\"e-con-inner\">\n\t\t\t\t<div class=\"elementor-element elementor-element-10832d3 elementor-widget elementor-widget-heading\" data-id=\"10832d3\" data-element_type=\"widget\" data-widget_type=\"heading.default\">\n\t\t\t\t<div class=\"elementor-widget-container\">\n\t\t\t\t\t<h2 class=\"elementor-heading-title elementor-size-default\">L'accent mis sur le d\u00e9veloppement durable<\/h2>\t\t\t\t<\/div>\n\t\t\t\t<\/div>\n\t\t\t\t<div class=\"elementor-element elementor-element-68c36e2 elementor-widget elementor-widget-text-editor\" data-id=\"68c36e2\" data-element_type=\"widget\" data-widget_type=\"text-editor.default\">\n\t\t\t\t<div class=\"elementor-widget-container\">\n\t\t\t\t\t\t\t\t\t<p>\u00c0 la ferme, nous pensons que la beaut\u00e9 de la nature doit \u00eatre pr\u00e9serv\u00e9e pour les g\u00e9n\u00e9rations futures<br \/>. C&rsquo;est pourquoi nous avons adopt\u00e9 une s\u00e9rie de pratiques durables qui rendent notre engagement<br \/>concret et quotidien. <\/p>\n\t\t\t\t\t\t\t\t<\/div>\n\t\t\t\t<\/div>\n\t\t\t\t\t<\/div>\n\t\t\t\t<\/div>\n\t\t<div class=\"elementor-element elementor-element-a2414b5 e-flex e-con-boxed e-con e-parent\" data-id=\"a2414b5\" data-element_type=\"container\">\n\t\t\t\t\t<div class=\"e-con-inner\">\n\t\t\t\t<div class=\"elementor-element elementor-element-20f3417 elementor-widget elementor-widget-heading\" data-id=\"20f3417\" data-element_type=\"widget\" data-widget_type=\"heading.default\">\n\t\t\t\t<div class=\"elementor-widget-container\">\n\t\t\t\t\t<h2 class=\"elementor-heading-title elementor-size-default\">\u00c9nergie propre<\/h2>\t\t\t\t<\/div>\n\t\t\t\t<\/div>\n\t\t\t\t<div class=\"elementor-element elementor-element-15d38c1 elementor-widget elementor-widget-text-editor\" data-id=\"15d38c1\" data-element_type=\"widget\" data-widget_type=\"text-editor.default\">\n\t\t\t\t<div class=\"elementor-widget-container\">\n\t\t\t\t\t\t\t\t\t\nNous avons install\u00e9 des panneaux photovolta\u00efques de 11 kW, qui nous permettent de produire de l&rsquo;\u00e9lectricit\u00e9 renouvelable pour alimenter nos installations.\nNous r\u00e9duisons ainsi notre impact sur l&rsquo;environnement, en exploitant la puissance du soleil pour r\u00e9pondre \u00e0 nos besoins quotidiens.\nL&rsquo;\u00e9nergie que nous ne sommes pas en mesure de produire nous-m\u00eames est toutefois garantie par des sources durables, gr\u00e2ce \u00e0 notre engagement en faveur d&rsquo;un avenir vert.\n\nEn effet, nous sommes certifi\u00e9s par le label Be ForGreen Be Sustainable, qui atteste de l&rsquo;utilisation d&rsquo;une \u00e9nergie 100 % renouvelable, tra\u00e7able et certifi\u00e9e dans le cadre de la Communaut\u00e9 de l&rsquo;\u00e9nergie agricole (Energy 0 km).\n\nCe certificat, ainsi que les labels EKOenergy et Be ForGreen Be Sustainable, t\u00e9moignent de notre engagement permanent en faveur de la durabilit\u00e9 et nous permettent de communiquer fi\u00e8rement notre choix \u00e9cologique.    \t\t\t\t\t\t\t\t<\/div>\n\t\t\t\t<\/div>\n\t\t\t\t\t<\/div>\n\t\t\t\t<\/div>\n\t\t<div class=\"elementor-element elementor-element-b5330ab e-flex e-con-boxed e-con e-parent\" data-id=\"b5330ab\" data-element_type=\"container\">\n\t\t\t\t\t<div class=\"e-con-inner\">\n\t\t\t\t<div class=\"elementor-element elementor-element-2574e13 elementor-widget elementor-widget-gallery\" data-id=\"2574e13\" data-element_type=\"widget\" data-settings=\"{&quot;columns&quot;:2,&quot;aspect_ratio&quot;:&quot;16:9&quot;,&quot;lazyload&quot;:&quot;yes&quot;,&quot;gallery_layout&quot;:&quot;grid&quot;,&quot;columns_tablet&quot;:2,&quot;columns_mobile&quot;:1,&quot;gap&quot;:{&quot;unit&quot;:&quot;px&quot;,&quot;size&quot;:10,&quot;sizes&quot;:[]},&quot;gap_laptop&quot;:{&quot;unit&quot;:&quot;px&quot;,&quot;size&quot;:10,&quot;sizes&quot;:[]},&quot;gap_tablet&quot;:{&quot;unit&quot;:&quot;px&quot;,&quot;size&quot;:10,&quot;sizes&quot;:[]},&quot;gap_mobile&quot;:{&quot;unit&quot;:&quot;px&quot;,&quot;size&quot;:10,&quot;sizes&quot;:[]},&quot;link_to&quot;:&quot;file&quot;,&quot;overlay_background&quot;:&quot;yes&quot;,&quot;content_hover_animation&quot;:&quot;fade-in&quot;}\" data-widget_type=\"gallery.default\">\n\t\t\t\t<div class=\"elementor-widget-container\">\n\t\t\t\t\t\t\t<div class=\"elementor-gallery__container\">\n\t\t\t\t\t\t\t<a class=\"e-gallery-item elementor-gallery-item elementor-animated-content\" href=\"https:\/\/aipratidilazise.com\/wp-content\/uploads\/2025\/02\/Immagine-2025-02-26-104935.png\" data-elementor-open-lightbox=\"yes\" data-elementor-lightbox-slideshow=\"2574e13\" data-elementor-lightbox-title=\"Immagine 2025-02-26 104935\" data-e-action-hash=\"#elementor-action%3Aaction%3Dlightbox%26settings%3DeyJpZCI6MjQzNiwidXJsIjoiaHR0cHM6XC9cL2FpcHJhdGlkaWxhemlzZS5jb21cL3dwLWNvbnRlbnRcL3VwbG9hZHNcLzIwMjVcLzAyXC9JbW1hZ2luZS0yMDI1LTAyLTI2LTEwNDkzNS5wbmciLCJzbGlkZXNob3ciOiIyNTc0ZTEzIn0%3D\">\n\t\t\t\t\t<div class=\"e-gallery-image elementor-gallery-item__image\" data-thumbnail=\"https:\/\/aipratidilazise.com\/wp-content\/uploads\/2025\/02\/Immagine-2025-02-26-104935-768x539.png\" data-width=\"768\" data-height=\"539\" aria-label=\"\" role=\"img\" ><\/div>\n\t\t\t\t\t\t\t\t\t\t\t<div class=\"elementor-gallery-item__overlay\"><\/div>\n\t\t\t\t\t\t\t\t\t\t\t\t\t\t<\/a>\n\t\t\t\t\t\t\t<a class=\"e-gallery-item elementor-gallery-item elementor-animated-content\" href=\"https:\/\/aipratidilazise.com\/wp-content\/uploads\/2025\/02\/DJI_0448.jpg\" data-elementor-open-lightbox=\"yes\" data-elementor-lightbox-slideshow=\"2574e13\" data-elementor-lightbox-title=\"DJI_0448\" data-e-action-hash=\"#elementor-action%3Aaction%3Dlightbox%26settings%3DeyJpZCI6MjQ0MSwidXJsIjoiaHR0cHM6XC9cL2FpcHJhdGlkaWxhemlzZS5jb21cL3dwLWNvbnRlbnRcL3VwbG9hZHNcLzIwMjVcLzAyXC9ESklfMDQ0OC5qcGciLCJzbGlkZXNob3ciOiIyNTc0ZTEzIn0%3D\">\n\t\t\t\t\t<div class=\"e-gallery-image elementor-gallery-item__image\" data-thumbnail=\"https:\/\/aipratidilazise.com\/wp-content\/uploads\/2025\/02\/DJI_0448-768x576.jpg\" data-width=\"768\" data-height=\"576\" aria-label=\"\" role=\"img\" ><\/div>\n\t\t\t\t\t\t\t\t\t\t\t<div class=\"elementor-gallery-item__overlay\"><\/div>\n\t\t\t\t\t\t\t\t\t\t\t\t\t\t<\/a>\n\t\t\t\t\t<\/div>\n\t\t\t\t\t<\/div>\n\t\t\t\t<\/div>\n\t\t\t\t\t<\/div>\n\t\t\t\t<\/div>\n\t\t<div class=\"elementor-element elementor-element-a9f9676 e-flex e-con-boxed e-con e-parent\" data-id=\"a9f9676\" data-element_type=\"container\">\n\t\t\t\t\t<div class=\"e-con-inner\">\n\t\t\t\t<div class=\"elementor-element elementor-element-bc584b4 elementor-widget elementor-widget-heading\" data-id=\"bc584b4\" data-element_type=\"widget\" data-widget_type=\"heading.default\">\n\t\t\t\t<div class=\"elementor-widget-container\">\n\t\t\t\t\t<h2 class=\"elementor-heading-title elementor-size-default\">Eau chaude durable<\/h2>\t\t\t\t<\/div>\n\t\t\t\t<\/div>\n\t\t\t\t<div class=\"elementor-element elementor-element-e6b4008 elementor-widget elementor-widget-text-editor\" data-id=\"e6b4008\" data-element_type=\"widget\" data-widget_type=\"text-editor.default\">\n\t\t\t\t<div class=\"elementor-widget-container\">\n\t\t\t\t\t\t\t\t\t\nPour le chauffage de l&rsquo;eau, nous utilisons des panneaux solaires thermiques, qui utilisent l&rsquo;\u00e9nergie solaire pour chauffer l&rsquo;eau d&rsquo;une mani\u00e8re efficace et respectueuse de l&rsquo;environnement.\nCela nous permet de r\u00e9duire la consommation d&rsquo;\u00e9nergie non renouvelable et de contribuer \u00e0 la durabilit\u00e9 de notre r\u00e9gion. \t\t\t\t\t\t\t\t<\/div>\n\t\t\t\t<\/div>\n\t\t\t\t\t<\/div>\n\t\t\t\t<\/div>\n\t\t<div class=\"elementor-element elementor-element-bd326d6 e-flex e-con-boxed e-con e-parent\" data-id=\"bd326d6\" data-element_type=\"container\">\n\t\t\t\t\t<div class=\"e-con-inner\">\n\t\t\t\t<div class=\"elementor-element elementor-element-1a1378a elementor-widget elementor-widget-heading\" data-id=\"1a1378a\" data-element_type=\"widget\" data-widget_type=\"heading.default\">\n\t\t\t\t<div class=\"elementor-widget-container\">\n\t\t\t\t\t<h2 class=\"elementor-heading-title elementor-size-default\">Plastic Free : un petit geste pour un grand changement<\/h2>\t\t\t\t<\/div>\n\t\t\t\t<\/div>\n\t\t\t\t<div class=\"elementor-element elementor-element-8d9386d elementor-widget elementor-widget-text-editor\" data-id=\"8d9386d\" data-element_type=\"widget\" data-widget_type=\"text-editor.default\">\n\t\t\t\t<div class=\"elementor-widget-container\">\n\t\t\t\t\t\t\t\t\t<p>\u00c0 l&rsquo;agritourisme, nous croyons fermement que chaque petit geste compte. C&rsquo;est pour cette raison<br \/>que nous avons choisi d&rsquo;\u00eatre Plastic Free : nous mettons gratuitement \u00e0 la disposition de nos h\u00f4tes des distributeurs d&rsquo;eau naturelle filtr\u00e9e et d&rsquo;eau gazeuse, afin d&rsquo;\u00e9liminer l&rsquo;utilisation de bouteilles en plastique jetables et de r\u00e9duire la pollution. <\/p>\n\t\t\t\t\t\t\t\t<\/div>\n\t\t\t\t<\/div>\n\t\t\t\t\t<\/div>\n\t\t\t\t<\/div>\n\t\t<div class=\"elementor-element elementor-element-664be96 e-flex e-con-boxed e-con e-parent\" data-id=\"664be96\" data-element_type=\"container\">\n\t\t\t\t\t<div class=\"e-con-inner\">\n\t\t\t\t<div class=\"elementor-element elementor-element-59366d0 elementor-widget elementor-widget-heading\" data-id=\"59366d0\" data-element_type=\"widget\" data-widget_type=\"heading.default\">\n\t\t\t\t<div class=\"elementor-widget-container\">\n\t\t\t\t\t<h2 class=\"elementor-heading-title elementor-size-default\">Respect de la terre<\/h2>\t\t\t\t<\/div>\n\t\t\t\t<\/div>\n\t\t\t\t<div class=\"elementor-element elementor-element-9ec8f36 elementor-widget elementor-widget-text-editor\" data-id=\"9ec8f36\" data-element_type=\"widget\" data-widget_type=\"text-editor.default\">\n\t\t\t\t<div class=\"elementor-widget-container\">\n\t\t\t\t\t\t\t\t\t<p>Nous n&rsquo;utilisons pas d&rsquo;herbicides dans les vignobles, pr\u00e9f\u00e9rant des m\u00e9thodes naturelles pour soigner et pr\u00e9server le sol<br \/>. Cette approche nous permet de maintenir un environnement sain et de produire des raisins de haute qualit\u00e9,<br \/>sans compromettre l&rsquo;\u00e9cosyst\u00e8me environnant. <\/p>\n\t\t\t\t\t\t\t\t<\/div>\n\t\t\t\t<\/div>\n\t\t\t\t\t<\/div>\n\t\t\t\t<\/div>\n\t\t<div class=\"elementor-element elementor-element-a300f45 e-flex e-con-boxed e-con e-parent\" data-id=\"a300f45\" data-element_type=\"container\">\n\t\t\t\t\t<div class=\"e-con-inner\">\n\t\t\t\t<div class=\"elementor-element elementor-element-268cc3f elementor-widget elementor-widget-heading\" data-id=\"268cc3f\" data-element_type=\"widget\" data-widget_type=\"heading.default\">\n\t\t\t\t<div class=\"elementor-widget-container\">\n\t\t\t\t\t<h2 class=\"elementor-heading-title elementor-size-default\">Un jardin \u00e0 faibles \u00e9missions<\/h2>\t\t\t\t<\/div>\n\t\t\t\t<\/div>\n\t\t\t\t<div class=\"elementor-element elementor-element-52f96ba elementor-widget elementor-widget-text-editor\" data-id=\"52f96ba\" data-element_type=\"widget\" data-widget_type=\"text-editor.default\">\n\t\t\t\t<div class=\"elementor-widget-container\">\n\t\t\t\t\t\t\t\t\t<p>L&rsquo;entretien des jardins est un autre exemple de notre engagement en faveur de l&rsquo;environnement. Nous utilisons<br \/>des \u00e9quipements fonctionnant exclusivement sur batterie, ce qui r\u00e9duit l&rsquo;utilisation de combustibles fossiles et l&rsquo;\u00e9mission de gaz \u00e0 effet de serre, garantissant ainsi un jardin luxuriant et durable. <\/p>\n\t\t\t\t\t\t\t\t<\/div>\n\t\t\t\t<\/div>\n\t\t\t\t\t<\/div>\n\t\t\t\t<\/div>\n\t\t<div class=\"elementor-element elementor-element-158af8d e-flex e-con-boxed e-con e-parent\" data-id=\"158af8d\" data-element_type=\"container\">\n\t\t\t\t\t<div class=\"e-con-inner\">\n\t\t\t\t<div class=\"elementor-element elementor-element-4436214 elementor-widget elementor-widget-heading\" data-id=\"4436214\" data-element_type=\"widget\" data-widget_type=\"heading.default\">\n\t\t\t\t<div class=\"elementor-widget-container\">\n\t\t\t\t\t<h2 class=\"elementor-heading-title elementor-size-default\">Promouvoir la collecte s\u00e9lective des d\u00e9chets<\/h2>\t\t\t\t<\/div>\n\t\t\t\t<\/div>\n\t\t\t\t<div class=\"elementor-element elementor-element-c8eb7d6 elementor-widget elementor-widget-text-editor\" data-id=\"c8eb7d6\" data-element_type=\"widget\" data-widget_type=\"text-editor.default\">\n\t\t\t\t<div class=\"elementor-widget-container\">\n\t\t\t\t\t\t\t\t\tNous nous engageons \u00e9galement \u00e0 g\u00e9rer les d\u00e9chets.\n\nPour encourager la collecte s\u00e9lective des d\u00e9chets, nous mettons \u00e0 la disposition de nos h\u00f4tes des conteneurs sp\u00e9ciaux permettant de trier les mat\u00e9riaux et de r\u00e9duire la quantit\u00e9 de d\u00e9chets mis en d\u00e9charge. \t\t\t\t\t\t\t\t<\/div>\n\t\t\t\t<\/div>\n\t\t\t\t\t<\/div>\n\t\t\t\t<\/div>\n\t\t<div class=\"elementor-element elementor-element-dba43e8 e-flex e-con-boxed e-con e-parent\" data-id=\"dba43e8\" data-element_type=\"container\">\n\t\t\t\t\t<div class=\"e-con-inner\">\n\t\t\t\t<div class=\"elementor-element elementor-element-c175a52 elementor-widget elementor-widget-heading\" data-id=\"c175a52\" data-element_type=\"widget\" data-widget_type=\"heading.default\">\n\t\t\t\t<div class=\"elementor-widget-container\">\n\t\t\t\t\t<h2 class=\"elementor-heading-title elementor-size-default\">Chargeur de voiture \u00e9lectrique<\/h2>\t\t\t\t<\/div>\n\t\t\t\t<\/div>\n\t\t\t\t<div class=\"elementor-element elementor-element-1f90314 elementor-widget elementor-widget-text-editor\" data-id=\"1f90314\" data-element_type=\"widget\" data-widget_type=\"text-editor.default\">\n\t\t\t\t<div class=\"elementor-widget-container\">\n\t\t\t\t\t\t\t\t\tNous sommes de plus en plus conscients de l&rsquo;importance du transport durable.\n\nC&rsquo;est pourquoi nous mettons \u00e0 votre disposition un chargeur de voiture \u00e9lectrique, offrant \u00e0 nos h\u00f4tes la possibilit\u00e9 de recharger leur v\u00e9hicule en tout confort pendant leur s\u00e9jour. \t\t\t\t\t\t\t\t<\/div>\n\t\t\t\t<\/div>\n\t\t\t\t\t<\/div>\n\t\t\t\t<\/div>\n\t\t\t\t<\/div>\n\t\t","protected":false},"excerpt":{"rendered":"<p>bienvenue dans les prairies de lazise Durabilit\u00e9 L&rsquo;accent mis sur le d\u00e9veloppement durable \u00c0 la ferme, nous pensons que la beaut\u00e9 de la nature doit \u00eatre pr\u00e9serv\u00e9e pour les g\u00e9n\u00e9rations futures. C&rsquo;est pourquoi nous avons adopt\u00e9 une s\u00e9rie de pratiques durables qui rendent notre engagementconcret et quotidien. \u00c9nergie propre Nous avons install\u00e9 des panneaux photovolta\u00efques [&hellip;]<\/p>\n","protected":false},"author":1,"featured_media":0,"parent":0,"menu_order":0,"comment_status":"closed","ping_status":"closed","template":"","meta":{"footnotes":""},"class_list":["post-1636","page","type-page","status-publish","hentry"],"yoast_head":"<!-- This site is optimized with the Yoast SEO plugin v24.2 - https:\/\/yoast.com\/wordpress\/plugins\/seo\/ -->\n<title>Durabilit\u00e9 - Ai Prati di Lazise<\/title>\n<meta name=\"robots\" content=\"index, follow, max-snippet:-1, max-image-preview:large, max-video-preview:-1\" \/>\n<link rel=\"canonical\" href=\"https:\/\/aipratidilazise.com\/fr\/durabilite\/\" \/>\n<meta property=\"og:locale\" content=\"fr_FR\" \/>\n<meta property=\"og:type\" content=\"article\" \/>\n<meta property=\"og:title\" content=\"Durabilit\u00e9 - Ai Prati di Lazise\" \/>\n<meta property=\"og:description\" content=\"bienvenue dans les prairies de lazise Durabilit\u00e9 L&rsquo;accent mis sur le d\u00e9veloppement durable \u00c0 la ferme, nous pensons que la beaut\u00e9 de la nature doit \u00eatre pr\u00e9serv\u00e9e pour les g\u00e9n\u00e9rations futures. C&rsquo;est pourquoi nous avons adopt\u00e9 une s\u00e9rie de pratiques durables qui rendent notre engagementconcret et quotidien. \u00c9nergie propre Nous avons install\u00e9 des panneaux photovolta\u00efques [&hellip;]\" \/>\n<meta property=\"og:url\" content=\"https:\/\/aipratidilazise.com\/fr\/durabilite\/\" \/>\n<meta property=\"og:site_name\" content=\"Ai Prati di Lazise\" \/>\n<meta property=\"article:publisher\" content=\"https:\/\/www.facebook.com\/pages\/Agriturismo-Ai-Prati\/651156518307877?sk=timeline\" \/>\n<meta property=\"article:modified_time\" content=\"2025-02-26T09:59:46+00:00\" \/>\n<meta name=\"twitter:card\" content=\"summary_large_image\" \/>\n<meta name=\"twitter:label1\" content=\"Dur\u00e9e de lecture estim\u00e9e\" \/>\n\t<meta name=\"twitter:data1\" content=\"3 minutes\" \/>\n<script type=\"application\/ld+json\" class=\"yoast-schema-graph\">{\"@context\":\"https:\/\/schema.org\",\"@graph\":[{\"@type\":\"WebPage\",\"@id\":\"https:\/\/aipratidilazise.com\/fr\/durabilite\/\",\"url\":\"https:\/\/aipratidilazise.com\/fr\/durabilite\/\",\"name\":\"Durabilit\u00e9 - Ai Prati di Lazise\",\"isPartOf\":{\"@id\":\"https:\/\/aipratidilazise.com\/fr\/#website\"},\"datePublished\":\"2025-02-18T07:36:16+00:00\",\"dateModified\":\"2025-02-26T09:59:46+00:00\",\"breadcrumb\":{\"@id\":\"https:\/\/aipratidilazise.com\/fr\/durabilite\/#breadcrumb\"},\"inLanguage\":\"fr-FR\",\"potentialAction\":[{\"@type\":\"ReadAction\",\"target\":[\"https:\/\/aipratidilazise.com\/fr\/durabilite\/\"]}]},{\"@type\":\"BreadcrumbList\",\"@id\":\"https:\/\/aipratidilazise.com\/fr\/durabilite\/#breadcrumb\",\"itemListElement\":[{\"@type\":\"ListItem\",\"position\":1,\"name\":\"Home\",\"item\":\"https:\/\/aipratidilazise.com\/fr\/\"},{\"@type\":\"ListItem\",\"position\":2,\"name\":\"Durabilit\u00e9\"}]},{\"@type\":\"WebSite\",\"@id\":\"https:\/\/aipratidilazise.com\/fr\/#website\",\"url\":\"https:\/\/aipratidilazise.com\/fr\/\",\"name\":\"Ai Prati di Lazise\",\"description\":\"Agriturimo e Agricampeggio\",\"potentialAction\":[{\"@type\":\"SearchAction\",\"target\":{\"@type\":\"EntryPoint\",\"urlTemplate\":\"https:\/\/aipratidilazise.com\/fr\/?s={search_term_string}\"},\"query-input\":{\"@type\":\"PropertyValueSpecification\",\"valueRequired\":true,\"valueName\":\"search_term_string\"}}],\"inLanguage\":\"fr-FR\"}]}<\/script>\n<!-- \/ Yoast SEO plugin. -->","yoast_head_json":{"title":"Durabilit\u00e9 - Ai Prati di Lazise","robots":{"index":"index","follow":"follow","max-snippet":"max-snippet:-1","max-image-preview":"max-image-preview:large","max-video-preview":"max-video-preview:-1"},"canonical":"https:\/\/aipratidilazise.com\/fr\/durabilite\/","og_locale":"fr_FR","og_type":"article","og_title":"Durabilit\u00e9 - Ai Prati di Lazise","og_description":"bienvenue dans les prairies de lazise Durabilit\u00e9 L&rsquo;accent mis sur le d\u00e9veloppement durable \u00c0 la ferme, nous pensons que la beaut\u00e9 de la nature doit \u00eatre pr\u00e9serv\u00e9e pour les g\u00e9n\u00e9rations futures. C&rsquo;est pourquoi nous avons adopt\u00e9 une s\u00e9rie de pratiques durables qui rendent notre engagementconcret et quotidien. \u00c9nergie propre Nous avons install\u00e9 des panneaux photovolta\u00efques [&hellip;]","og_url":"https:\/\/aipratidilazise.com\/fr\/durabilite\/","og_site_name":"Ai Prati di Lazise","article_publisher":"https:\/\/www.facebook.com\/pages\/Agriturismo-Ai-Prati\/651156518307877?sk=timeline","article_modified_time":"2025-02-26T09:59:46+00:00","twitter_card":"summary_large_image","twitter_misc":{"Dur\u00e9e de lecture estim\u00e9e":"3 minutes"},"schema":{"@context":"https:\/\/schema.org","@graph":[{"@type":"WebPage","@id":"https:\/\/aipratidilazise.com\/fr\/durabilite\/","url":"https:\/\/aipratidilazise.com\/fr\/durabilite\/","name":"Durabilit\u00e9 - Ai Prati di Lazise","isPartOf":{"@id":"https:\/\/aipratidilazise.com\/fr\/#website"},"datePublished":"2025-02-18T07:36:16+00:00","dateModified":"2025-02-26T09:59:46+00:00","breadcrumb":{"@id":"https:\/\/aipratidilazise.com\/fr\/durabilite\/#breadcrumb"},"inLanguage":"fr-FR","potentialAction":[{"@type":"ReadAction","target":["https:\/\/aipratidilazise.com\/fr\/durabilite\/"]}]},{"@type":"BreadcrumbList","@id":"https:\/\/aipratidilazise.com\/fr\/durabilite\/#breadcrumb","itemListElement":[{"@type":"ListItem","position":1,"name":"Home","item":"https:\/\/aipratidilazise.com\/fr\/"},{"@type":"ListItem","position":2,"name":"Durabilit\u00e9"}]},{"@type":"WebSite","@id":"https:\/\/aipratidilazise.com\/fr\/#website","url":"https:\/\/aipratidilazise.com\/fr\/","name":"Ai Prati di Lazise","description":"Agriturimo e Agricampeggio","potentialAction":[{"@type":"SearchAction","target":{"@type":"EntryPoint","urlTemplate":"https:\/\/aipratidilazise.com\/fr\/?s={search_term_string}"},"query-input":{"@type":"PropertyValueSpecification","valueRequired":true,"valueName":"search_term_string"}}],"inLanguage":"fr-FR"}]}},"_links":{"self":[{"href":"https:\/\/aipratidilazise.com\/fr\/wp-json\/wp\/v2\/pages\/1636","targetHints":{"allow":["GET"]}}],"collection":[{"href":"https:\/\/aipratidilazise.com\/fr\/wp-json\/wp\/v2\/pages"}],"about":[{"href":"https:\/\/aipratidilazise.com\/fr\/wp-json\/wp\/v2\/types\/page"}],"author":[{"embeddable":true,"href":"https:\/\/aipratidilazise.com\/fr\/wp-json\/wp\/v2\/users\/1"}],"replies":[{"embeddable":true,"href":"https:\/\/aipratidilazise.com\/fr\/wp-json\/wp\/v2\/comments?post=1636"}],"version-history":[{"count":9,"href":"https:\/\/aipratidilazise.com\/fr\/wp-json\/wp\/v2\/pages\/1636\/revisions"}],"predecessor-version":[{"id":2456,"href":"https:\/\/aipratidilazise.com\/fr\/wp-json\/wp\/v2\/pages\/1636\/revisions\/2456"}],"wp:attachment":[{"href":"https:\/\/aipratidilazise.com\/fr\/wp-json\/wp\/v2\/media?parent=1636"}],"curies":[{"name":"wp","href":"https:\/\/api.w.org\/{rel}","templated":true}]}}