{"id":822,"date":"2024-09-24T16:25:16","date_gmt":"2024-09-24T14:25:16","guid":{"rendered":"https:\/\/aipratidilazise.com\/politique-de-confidentialite\/"},"modified":"2024-10-19T18:04:16","modified_gmt":"2024-10-19T16:04:16","slug":"politique-de-confidentialite","status":"publish","type":"page","link":"https:\/\/aipratidilazise.com\/fr\/politique-de-confidentialite\/","title":{"rendered":"Politique de confidentialit\u00e9"},"content":{"rendered":"\t\t<div data-elementor-type=\"wp-page\" data-elementor-id=\"822\" class=\"elementor elementor-822 elementor-3\" data-elementor-post-type=\"page\">\n\t\t\t\t<div class=\"elementor-element elementor-element-a971409 e-flex e-con-boxed e-con e-parent\" data-id=\"a971409\" data-element_type=\"container\" data-settings=\"{&quot;background_background&quot;:&quot;classic&quot;}\">\n\t\t\t\t\t<div class=\"e-con-inner\">\n\t\t\t\t\t<\/div>\n\t\t\t\t<\/div>\n\t\t<div class=\"elementor-element elementor-element-39551ce2 e-flex e-con-boxed e-con e-parent\" data-id=\"39551ce2\" data-element_type=\"container\">\n\t\t\t\t\t<div class=\"e-con-inner\">\n\t\t\t\t<div class=\"elementor-element elementor-element-7075f4bc elementor-widget elementor-widget-text-editor\" data-id=\"7075f4bc\" data-element_type=\"widget\" data-widget_type=\"text-editor.default\">\n\t\t\t\t<div class=\"elementor-widget-container\">\n\t\t\t\t\t\t\t\t\t<h1><strong>Politique de confidentialit\u00e9 de Ai Prati di Lazise<\/strong><\/h1>\n<hr>\n<h4><strong>Responsable du traitement des donn\u00e9es<\/strong><\/h4>\n<p>Ai Prati di Lazise Adresse \u00e9lectronique du propri\u00e9taire :<a rel=\"noopener\">aipratidilazise@gmail.com Agriturismo Ai Prati P.IVA 03251560235<\/a><\/p>\n<h4> <\/h4>\n<h4><strong>Types de donn\u00e9es collect\u00e9es<\/strong><\/h4>\n<ul>\n<li><strong>Nom<\/strong><\/li>\n<li><strong>Adresse \u00e9lectronique<\/strong><\/li>\n<li><strong>Cookies et outils de suivi<\/strong><\/li>\n<li><strong>Adresses IP<\/strong><\/li>\n<li><strong>Informations sur le navigateur et l&rsquo;appareil<\/strong><\/li>\n<li><strong>Donn\u00e9es d&rsquo;utilisation<\/strong><\/li>\n<\/ul>\n<h4> <\/h4>\n<h4><strong>Modes de traitement<\/strong><\/h4>\n<p>Les donn\u00e9es \u00e0 caract\u00e8re personnel sont trait\u00e9es \u00e0 l&rsquo;aide d&rsquo;outils automatis\u00e9s et avec des mesures de s\u00e9curit\u00e9 appropri\u00e9es pour emp\u00eacher l&rsquo;acc\u00e8s non autoris\u00e9, la divulgation, la modification ou la destruction des donn\u00e9es. Le traitement est effectu\u00e9 par le responsable du traitement et par des personnes sp\u00e9cialement d\u00e9sign\u00e9es. <\/p>\n<h4> <\/h4>\n<h4><strong>Base juridique du traitement<\/strong><\/h4>\n<p>Le contr\u00f4leur traite les donn\u00e9es personnelles relatives \u00e0 l&rsquo;utilisateur sur les bases juridiques suivantes :<\/p>\n<ul>\n<li>Consentement de la <strong>personne concern\u00e9e<\/strong>: l&rsquo;utilisateur a donn\u00e9 son consentement au traitement de ses donn\u00e9es \u00e0 caract\u00e8re personnel pour une ou plusieurs finalit\u00e9s sp\u00e9cifiques.<\/li>\n<li><strong>Int\u00e9r\u00eat<\/strong> l\u00e9gitime <strong>du responsable du traitement<\/strong>: le traitement est n\u00e9cessaire \u00e0 la poursuite de l&rsquo;int\u00e9r\u00eat l\u00e9gitime du responsable du traitement ou de tiers.<\/li>\n<\/ul>\n<h4><strong>Lieu de traitement<\/strong><\/h4>\n<p>Les donn\u00e9es sont trait\u00e9es au si\u00e8ge op\u00e9rationnel du contr\u00f4leur des donn\u00e9es et dans tout autre lieu o\u00f9 se trouvent les parties impliqu\u00e9es dans le traitement. Les Donn\u00e9es Personnelles de l&rsquo;Utilisateur peuvent \u00eatre transf\u00e9r\u00e9es dans un pays autre que celui o\u00f9 se trouve l&rsquo;Utilisateur, notamment aux Etats-Unis pour des services tiers tels que Google Analytics. <\/p>\n<h4> <\/h4>\n<h4><strong>P\u00e9riode de conservation<\/strong><\/h4>\n<p>Les donn\u00e9es \u00e0 caract\u00e8re personnel sont trait\u00e9es et conserv\u00e9es pendant la dur\u00e9e n\u00e9cessaire \u00e0 la r\u00e9alisation de l&rsquo;objectif pour lequel elles ont \u00e9t\u00e9 collect\u00e9es :<\/p>\n<ul>\n<li><strong>Donn\u00e9es collect\u00e9es par le biais du formulaire de contact<\/strong>: conserv\u00e9es pendant la dur\u00e9e n\u00e9cessaire pour r\u00e9pondre aux demandes de l&rsquo;utilisateur.<\/li>\n<li><strong>Donn\u00e9es collect\u00e9es \u00e0 des fins statistiques<\/strong>: conserv\u00e9es selon les modalit\u00e9s fix\u00e9es par les services tiers utilis\u00e9s.<\/li>\n<\/ul>\n<p>\u00c0 la fin de la p\u00e9riode de conservation, les donn\u00e9es \u00e0 caract\u00e8re personnel seront supprim\u00e9es. Par cons\u00e9quent, \u00e0 la fin de cette p\u00e9riode, le droit d&rsquo;acc\u00e8s, d&rsquo;annulation, de rectification et le droit \u00e0 la portabilit\u00e9 des donn\u00e9es ne peuvent plus \u00eatre exerc\u00e9s. <\/p>\n<h4> <\/h4>\n<h4><strong>Finalit\u00e9 du traitement des donn\u00e9es collect\u00e9es (y compris les services de tiers)<\/strong><\/h4>\n<p>Les donn\u00e9es de l&rsquo;utilisateur sont collect\u00e9es pour permettre au contr\u00f4leur de fournir ses services, ainsi qu&rsquo;aux fins suivantes :<\/p>\n<ol>\n<li>\n<p><strong>Contacter l&rsquo;utilisateur<\/strong><\/p>\n<ul>\n<li><strong>Formulaire de contact<\/strong>\n<ul>\n<li>En <strong>quoi consiste le service<\/strong>: il permet \u00e0 l&rsquo;utilisateur de contacter le contr\u00f4leur en indiquant son nom et son adresse \u00e9lectronique.<\/li>\n<li><strong>Objectif<\/strong>: r\u00e9pondre aux demandes de l&rsquo;utilisateur.<\/li>\n<li><strong>Donn\u00e9es personnelles trait\u00e9es par le service<\/strong>: nom, adresse \u00e9lectronique.<\/li>\n<li><strong>Lieu de transformation<\/strong>: Italie.<\/li>\n<li><strong>Constitue une vente en vertu des lois des \u00c9tats-Unis telles que la CPRA et la VCDPA<\/strong>: Non.<\/li>\n<\/ul>\n<\/li>\n<\/ul>\n<\/li>\n<li>\n<p><strong>Statistiques<\/strong><\/p>\n<ul>\n<li>\n<p><strong>Google Analytics<\/strong><\/p>\n<ul>\n<li><strong>En quoi consiste<\/strong> le service : Service d&rsquo;analyse du Web fourni par Google LLC (\u00ab\u00a0Google\u00a0\u00bb). Google utilise les donn\u00e9es collect\u00e9es pour suivre et examiner l&rsquo;utilisation de ce site web. <\/li>\n<li><strong>Objet<\/strong>: Analyse des interactions de l&rsquo;utilisateur avec le site afin d&rsquo;am\u00e9liorer les services offerts.<\/li>\n<li><strong>Donn\u00e9es personnelles trait\u00e9es par le service<\/strong>: cookies, donn\u00e9es d&rsquo;utilisation, adresses IP.<\/li>\n<li><strong>Lieu de transformation<\/strong>: \u00c9tats-Unis ; Irlande.<\/li>\n<li><strong>Constitue une vente au sens des lois am\u00e9ricaines telles que la CPRA et la VCDPA<\/strong>: Oui.<\/li>\n<\/ul>\n<\/li>\n<li>\n<p><strong>Google Search Console<\/strong><\/p>\n<ul>\n<li><strong>Qu&rsquo;est-ce que le service<\/strong>: outil gratuit offert par Google pour surveiller la pr\u00e9sence du site dans les r\u00e9sultats de recherche.<\/li>\n<li><strong>Objectif<\/strong>: Optimisation de la visibilit\u00e9 du site web.<\/li>\n<li><strong>Donn\u00e9es personnelles trait\u00e9es par le service<\/strong>: donn\u00e9es d&rsquo;utilisation, cookies.<\/li>\n<li><strong>Lieu de transformation<\/strong>: \u00c9tats-Unis.<\/li>\n<li><strong>Constitue une vente au sens des lois am\u00e9ricaines telles que la CPRA et la VCDPA<\/strong>: Oui.<\/li>\n<\/ul>\n<\/li>\n<\/ul>\n<\/li>\n<li>\n<p><strong>Gestion des balises<\/strong><\/p>\n<ul>\n<li><strong>Google Tag Manager<\/strong>\n<ul>\n<li><strong>En quoi consiste le service<\/strong>: syst\u00e8me de gestion des balises fourni par Google LLC.<\/li>\n<li><strong>Objet<\/strong>: Gestion centralis\u00e9e des balises ou scripts utilis\u00e9s sur le site.<\/li>\n<li><strong>Donn\u00e9es personnelles trait\u00e9es par le service<\/strong>: Cookie, Donn\u00e9es d&rsquo;utilisation.<\/li>\n<li><strong>Lieu de transformation<\/strong>: \u00c9tats-Unis.<\/li>\n<li><strong>Constitue une vente au sens des lois am\u00e9ricaines telles que la CPRA et la VCDPA<\/strong>: Oui.<\/li>\n<\/ul>\n<\/li>\n<\/ul>\n<\/li>\n<\/ol>\n<h4> <\/h4>\n<h4><strong>Droits de l&rsquo;utilisateur<\/strong><\/h4>\n<p>Les utilisateurs peuvent exercer certains droits concernant leurs donn\u00e9es trait\u00e9es par le contr\u00f4leur des donn\u00e9es. En particulier, l&rsquo;utilisateur a le droit de : <\/p>\n<ul>\n<li><strong>Retirer son consentement \u00e0<\/strong> tout moment.<\/li>\n<li><strong>S&rsquo;opposer au traitement de<\/strong> ses propres donn\u00e9es.<\/li>\n<li><strong>Acc\u00e8s \u00e0 ses propres donn\u00e9es<\/strong>, obtention d&rsquo;informations sur certains aspects du traitement.<\/li>\n<li><strong>V\u00e9rifier et demander la rectification<\/strong> des donn\u00e9es.<\/li>\n<li><strong>Obtenir la limitation du traitement<\/strong> lorsque certaines conditions sont remplies.<\/li>\n<li><strong>Obtenir la suppression ou le retrait de<\/strong> vos donn\u00e9es personnelles.<\/li>\n<li><strong>Recevoir leurs donn\u00e9es<\/strong> ou les faire transf\u00e9rer \u00e0 un autre d\u00e9tenteur.<\/li>\n<li><strong>D\u00e9posez une plainte<\/strong> aupr\u00e8s de l&rsquo;autorit\u00e9 de surveillance comp\u00e9tente.<\/li>\n<\/ul>\n<p>Pour exercer ses droits, l&rsquo;utilisateur peut adresser une demande \u00e0 l&rsquo;adresse \u00e9lectronique du contr\u00f4leur : <strong><a rel=\"noopener\">aipratidilazise@gmail.com<\/a><\/strong><\/p>\n<hr>\n<p><em>Derni\u00e8re mise \u00e0 jour : 19 octobre 2024<\/em><\/p>\n\t\t\t\t\t\t\t\t<\/div>\n\t\t\t\t<\/div>\n\t\t\t\t\t<\/div>\n\t\t\t\t<\/div>\n\t\t\t\t<\/div>\n\t\t","protected":false},"excerpt":{"rendered":"<p>Politique de confidentialit\u00e9 de Ai Prati di Lazise Responsable du traitement des donn\u00e9es Ai Prati di Lazise Adresse \u00e9lectronique du propri\u00e9taire :aipratidilazise@gmail.com Agriturismo Ai Prati P.IVA 03251560235 Types de donn\u00e9es collect\u00e9es Nom Adresse \u00e9lectronique Cookies et outils de suivi Adresses IP Informations sur le navigateur et l&rsquo;appareil Donn\u00e9es d&rsquo;utilisation Modes de traitement Les donn\u00e9es \u00e0 [&hellip;]<\/p>\n","protected":false},"author":1,"featured_media":0,"parent":0,"menu_order":0,"comment_status":"closed","ping_status":"open","template":"","meta":{"footnotes":""},"class_list":["post-822","page","type-page","status-publish","hentry"],"yoast_head":"<!-- This site is optimized with the Yoast SEO plugin v24.2 - https:\/\/yoast.com\/wordpress\/plugins\/seo\/ -->\n<title>Politique de confidentialit\u00e9 - Ai Prati di Lazise<\/title>\n<meta name=\"robots\" content=\"index, follow, max-snippet:-1, max-image-preview:large, max-video-preview:-1\" \/>\n<link rel=\"canonical\" href=\"https:\/\/aipratidilazise.com\/fr\/politique-de-confidentialite\/\" \/>\n<meta property=\"og:locale\" content=\"fr_FR\" \/>\n<meta property=\"og:type\" content=\"article\" \/>\n<meta property=\"og:title\" content=\"Politique de confidentialit\u00e9 - Ai Prati di Lazise\" \/>\n<meta property=\"og:description\" content=\"Politique de confidentialit\u00e9 de Ai Prati di Lazise Responsable du traitement des donn\u00e9es Ai Prati di Lazise Adresse \u00e9lectronique du propri\u00e9taire :aipratidilazise@gmail.com Agriturismo Ai Prati P.IVA 03251560235 Types de donn\u00e9es collect\u00e9es Nom Adresse \u00e9lectronique Cookies et outils de suivi Adresses IP Informations sur le navigateur et l&rsquo;appareil Donn\u00e9es d&rsquo;utilisation Modes de traitement Les donn\u00e9es \u00e0 [&hellip;]\" \/>\n<meta property=\"og:url\" content=\"https:\/\/aipratidilazise.com\/fr\/politique-de-confidentialite\/\" \/>\n<meta property=\"og:site_name\" content=\"Ai Prati di Lazise\" \/>\n<meta property=\"article:publisher\" content=\"https:\/\/www.facebook.com\/pages\/Agriturismo-Ai-Prati\/651156518307877?sk=timeline\" \/>\n<meta property=\"article:modified_time\" content=\"2024-10-19T16:04:16+00:00\" \/>\n<meta name=\"twitter:card\" content=\"summary_large_image\" \/>\n<meta name=\"twitter:label1\" content=\"Dur\u00e9e de lecture estim\u00e9e\" \/>\n\t<meta name=\"twitter:data1\" content=\"4 minutes\" \/>\n<script type=\"application\/ld+json\" class=\"yoast-schema-graph\">{\"@context\":\"https:\/\/schema.org\",\"@graph\":[{\"@type\":\"WebPage\",\"@id\":\"https:\/\/aipratidilazise.com\/fr\/politique-de-confidentialite\/\",\"url\":\"https:\/\/aipratidilazise.com\/fr\/politique-de-confidentialite\/\",\"name\":\"Politique de confidentialit\u00e9 - Ai Prati di Lazise\",\"isPartOf\":{\"@id\":\"https:\/\/aipratidilazise.com\/fr\/#website\"},\"datePublished\":\"2024-09-24T14:25:16+00:00\",\"dateModified\":\"2024-10-19T16:04:16+00:00\",\"breadcrumb\":{\"@id\":\"https:\/\/aipratidilazise.com\/fr\/politique-de-confidentialite\/#breadcrumb\"},\"inLanguage\":\"fr-FR\",\"potentialAction\":[{\"@type\":\"ReadAction\",\"target\":[\"https:\/\/aipratidilazise.com\/fr\/politique-de-confidentialite\/\"]}]},{\"@type\":\"BreadcrumbList\",\"@id\":\"https:\/\/aipratidilazise.com\/fr\/politique-de-confidentialite\/#breadcrumb\",\"itemListElement\":[{\"@type\":\"ListItem\",\"position\":1,\"name\":\"Home\",\"item\":\"https:\/\/aipratidilazise.com\/fr\/\"},{\"@type\":\"ListItem\",\"position\":2,\"name\":\"Politique de confidentialit\u00e9\"}]},{\"@type\":\"WebSite\",\"@id\":\"https:\/\/aipratidilazise.com\/fr\/#website\",\"url\":\"https:\/\/aipratidilazise.com\/fr\/\",\"name\":\"Ai Prati di Lazise\",\"description\":\"Agriturimo e Agricampeggio\",\"potentialAction\":[{\"@type\":\"SearchAction\",\"target\":{\"@type\":\"EntryPoint\",\"urlTemplate\":\"https:\/\/aipratidilazise.com\/fr\/?s={search_term_string}\"},\"query-input\":{\"@type\":\"PropertyValueSpecification\",\"valueRequired\":true,\"valueName\":\"search_term_string\"}}],\"inLanguage\":\"fr-FR\"}]}<\/script>\n<!-- \/ Yoast SEO plugin. -->","yoast_head_json":{"title":"Politique de confidentialit\u00e9 - Ai Prati di Lazise","robots":{"index":"index","follow":"follow","max-snippet":"max-snippet:-1","max-image-preview":"max-image-preview:large","max-video-preview":"max-video-preview:-1"},"canonical":"https:\/\/aipratidilazise.com\/fr\/politique-de-confidentialite\/","og_locale":"fr_FR","og_type":"article","og_title":"Politique de confidentialit\u00e9 - Ai Prati di Lazise","og_description":"Politique de confidentialit\u00e9 de Ai Prati di Lazise Responsable du traitement des donn\u00e9es Ai Prati di Lazise Adresse \u00e9lectronique du propri\u00e9taire :aipratidilazise@gmail.com Agriturismo Ai Prati P.IVA 03251560235 Types de donn\u00e9es collect\u00e9es Nom Adresse \u00e9lectronique Cookies et outils de suivi Adresses IP Informations sur le navigateur et l&rsquo;appareil Donn\u00e9es d&rsquo;utilisation Modes de traitement Les donn\u00e9es \u00e0 [&hellip;]","og_url":"https:\/\/aipratidilazise.com\/fr\/politique-de-confidentialite\/","og_site_name":"Ai Prati di Lazise","article_publisher":"https:\/\/www.facebook.com\/pages\/Agriturismo-Ai-Prati\/651156518307877?sk=timeline","article_modified_time":"2024-10-19T16:04:16+00:00","twitter_card":"summary_large_image","twitter_misc":{"Dur\u00e9e de lecture estim\u00e9e":"4 minutes"},"schema":{"@context":"https:\/\/schema.org","@graph":[{"@type":"WebPage","@id":"https:\/\/aipratidilazise.com\/fr\/politique-de-confidentialite\/","url":"https:\/\/aipratidilazise.com\/fr\/politique-de-confidentialite\/","name":"Politique de confidentialit\u00e9 - Ai Prati di Lazise","isPartOf":{"@id":"https:\/\/aipratidilazise.com\/fr\/#website"},"datePublished":"2024-09-24T14:25:16+00:00","dateModified":"2024-10-19T16:04:16+00:00","breadcrumb":{"@id":"https:\/\/aipratidilazise.com\/fr\/politique-de-confidentialite\/#breadcrumb"},"inLanguage":"fr-FR","potentialAction":[{"@type":"ReadAction","target":["https:\/\/aipratidilazise.com\/fr\/politique-de-confidentialite\/"]}]},{"@type":"BreadcrumbList","@id":"https:\/\/aipratidilazise.com\/fr\/politique-de-confidentialite\/#breadcrumb","itemListElement":[{"@type":"ListItem","position":1,"name":"Home","item":"https:\/\/aipratidilazise.com\/fr\/"},{"@type":"ListItem","position":2,"name":"Politique de confidentialit\u00e9"}]},{"@type":"WebSite","@id":"https:\/\/aipratidilazise.com\/fr\/#website","url":"https:\/\/aipratidilazise.com\/fr\/","name":"Ai Prati di Lazise","description":"Agriturimo e Agricampeggio","potentialAction":[{"@type":"SearchAction","target":{"@type":"EntryPoint","urlTemplate":"https:\/\/aipratidilazise.com\/fr\/?s={search_term_string}"},"query-input":{"@type":"PropertyValueSpecification","valueRequired":true,"valueName":"search_term_string"}}],"inLanguage":"fr-FR"}]}},"_links":{"self":[{"href":"https:\/\/aipratidilazise.com\/fr\/wp-json\/wp\/v2\/pages\/822","targetHints":{"allow":["GET"]}}],"collection":[{"href":"https:\/\/aipratidilazise.com\/fr\/wp-json\/wp\/v2\/pages"}],"about":[{"href":"https:\/\/aipratidilazise.com\/fr\/wp-json\/wp\/v2\/types\/page"}],"author":[{"embeddable":true,"href":"https:\/\/aipratidilazise.com\/fr\/wp-json\/wp\/v2\/users\/1"}],"replies":[{"embeddable":true,"href":"https:\/\/aipratidilazise.com\/fr\/wp-json\/wp\/v2\/comments?post=822"}],"version-history":[{"count":4,"href":"https:\/\/aipratidilazise.com\/fr\/wp-json\/wp\/v2\/pages\/822\/revisions"}],"predecessor-version":[{"id":975,"href":"https:\/\/aipratidilazise.com\/fr\/wp-json\/wp\/v2\/pages\/822\/revisions\/975"}],"wp:attachment":[{"href":"https:\/\/aipratidilazise.com\/fr\/wp-json\/wp\/v2\/media?parent=822"}],"curies":[{"name":"wp","href":"https:\/\/api.w.org\/{rel}","templated":true}]}}