{"id":884,"date":"2024-10-19T16:12:36","date_gmt":"2024-10-19T14:12:36","guid":{"rendered":"https:\/\/aipratidilazise.com\/vin-mousseux-blanc\/"},"modified":"2024-10-19T16:18:18","modified_gmt":"2024-10-19T14:18:18","slug":"vin-mousseux-blanc","status":"publish","type":"page","link":"https:\/\/aipratidilazise.com\/fr\/vin-mousseux-blanc\/","title":{"rendered":"Vin mousseux blanc"},"content":{"rendered":"\t\t<div data-elementor-type=\"wp-page\" data-elementor-id=\"884\" class=\"elementor elementor-884 elementor-877\" data-elementor-post-type=\"page\">\n\t\t\t\t<div class=\"elementor-element elementor-element-9313c52 e-flex e-con-boxed e-con e-parent\" data-id=\"9313c52\" data-element_type=\"container\">\n\t\t\t\t\t<div class=\"e-con-inner\">\n\t\t\t\t<div class=\"elementor-element elementor-element-e2bc6d4 elementor-widget elementor-widget-heading\" data-id=\"e2bc6d4\" data-element_type=\"widget\" data-widget_type=\"heading.default\">\n\t\t\t\t<div class=\"elementor-widget-container\">\n\t\t\t\t\t<h2 class=\"elementor-heading-title elementor-size-default\">Vin mousseux blanc<\/h2>\t\t\t\t<\/div>\n\t\t\t\t<\/div>\n\t\t\t\t<div class=\"elementor-element elementor-element-f0e5a13 elementor-widget elementor-widget-heading\" data-id=\"f0e5a13\" data-element_type=\"widget\" data-widget_type=\"heading.default\">\n\t\t\t\t<div class=\"elementor-widget-container\">\n\t\t\t\t\t<p class=\"elementor-heading-title elementor-size-default\">Vin mousseux blanc \"Filips Country<\/p>\t\t\t\t<\/div>\n\t\t\t\t<\/div>\n\t\t\t\t\t<\/div>\n\t\t\t\t<\/div>\n\t\t<div class=\"elementor-element elementor-element-d31c0a8 e-flex e-con-boxed e-con e-parent\" data-id=\"d31c0a8\" data-element_type=\"container\">\n\t\t\t\t\t<div class=\"e-con-inner\">\n\t\t\t\t<div class=\"elementor-element elementor-element-7b7a77a elementor-widget elementor-widget-heading\" data-id=\"7b7a77a\" data-element_type=\"widget\" data-widget_type=\"heading.default\">\n\t\t\t\t<div class=\"elementor-widget-container\">\n\t\t\t\t\t<h4 class=\"elementor-heading-title elementor-size-default\">Liste des ingr\u00e9dients<\/h4>\t\t\t\t<\/div>\n\t\t\t\t<\/div>\n\t\t\t\t<div class=\"elementor-element elementor-element-848acd5 elementor-icon-list--layout-traditional elementor-list-item-link-full_width elementor-widget elementor-widget-icon-list\" data-id=\"848acd5\" data-element_type=\"widget\" data-widget_type=\"icon-list.default\">\n\t\t\t\t<div class=\"elementor-widget-container\">\n\t\t\t\t\t\t\t<ul class=\"elementor-icon-list-items\">\n\t\t\t\t\t\t\t<li class=\"elementor-icon-list-item\">\n\t\t\t\t\t\t\t\t\t\t\t<span class=\"elementor-icon-list-icon\">\n\t\t\t\t\t\t\t<svg aria-hidden=\"true\" class=\"e-font-icon-svg e-fas-minus\" viewBox=\"0 0 448 512\" xmlns=\"http:\/\/www.w3.org\/2000\/svg\"><path d=\"M416 208H32c-17.67 0-32 14.33-32 32v32c0 17.67 14.33 32 32 32h384c17.67 0 32-14.33 32-32v-32c0-17.67-14.33-32-32-32z\"><\/path><\/svg>\t\t\t\t\t\t<\/span>\n\t\t\t\t\t\t\t\t\t\t<span class=\"elementor-icon-list-text\">Raisins<\/span>\n\t\t\t\t\t\t\t\t\t<\/li>\n\t\t\t\t\t\t\t\t<li class=\"elementor-icon-list-item\">\n\t\t\t\t\t\t\t\t\t\t\t<span class=\"elementor-icon-list-icon\">\n\t\t\t\t\t\t\t<svg aria-hidden=\"true\" class=\"e-font-icon-svg e-fas-minus\" viewBox=\"0 0 448 512\" xmlns=\"http:\/\/www.w3.org\/2000\/svg\"><path d=\"M416 208H32c-17.67 0-32 14.33-32 32v32c0 17.67 14.33 32 32 32h384c17.67 0 32-14.33 32-32v-32c0-17.67-14.33-32-32-32z\"><\/path><\/svg>\t\t\t\t\t\t<\/span>\n\t\t\t\t\t\t\t\t\t\t<span class=\"elementor-icon-list-text\">Mo\u00fbt de raisin concentr\u00e9 rectifi\u00e9<\/span>\n\t\t\t\t\t\t\t\t\t<\/li>\n\t\t\t\t\t\t\t\t<li class=\"elementor-icon-list-item\">\n\t\t\t\t\t\t\t\t\t\t\t<span class=\"elementor-icon-list-icon\">\n\t\t\t\t\t\t\t<svg aria-hidden=\"true\" class=\"e-font-icon-svg e-fas-minus\" viewBox=\"0 0 448 512\" xmlns=\"http:\/\/www.w3.org\/2000\/svg\"><path d=\"M416 208H32c-17.67 0-32 14.33-32 32v32c0 17.67 14.33 32 32 32h384c17.67 0 32-14.33 32-32v-32c0-17.67-14.33-32-32-32z\"><\/path><\/svg>\t\t\t\t\t\t<\/span>\n\t\t\t\t\t\t\t\t\t\t<span class=\"elementor-icon-list-text\">M\u00e9tabisulfite de potassium<\/span>\n\t\t\t\t\t\t\t\t\t<\/li>\n\t\t\t\t\t\t\t\t<li class=\"elementor-icon-list-item\">\n\t\t\t\t\t\t\t\t\t\t\t<span class=\"elementor-icon-list-icon\">\n\t\t\t\t\t\t\t<svg aria-hidden=\"true\" class=\"e-font-icon-svg e-fas-minus\" viewBox=\"0 0 448 512\" xmlns=\"http:\/\/www.w3.org\/2000\/svg\"><path d=\"M416 208H32c-17.67 0-32 14.33-32 32v32c0 17.67 14.33 32 32 32h384c17.67 0 32-14.33 32-32v-32c0-17.67-14.33-32-32-32z\"><\/path><\/svg>\t\t\t\t\t\t<\/span>\n\t\t\t\t\t\t\t\t\t\t<span class=\"elementor-icon-list-text\">Acide L-ascorbique<\/span>\n\t\t\t\t\t\t\t\t\t<\/li>\n\t\t\t\t\t\t\t\t<li class=\"elementor-icon-list-item\">\n\t\t\t\t\t\t\t\t\t\t\t<span class=\"elementor-icon-list-icon\">\n\t\t\t\t\t\t\t<svg aria-hidden=\"true\" class=\"e-font-icon-svg e-fas-minus\" viewBox=\"0 0 448 512\" xmlns=\"http:\/\/www.w3.org\/2000\/svg\"><path d=\"M416 208H32c-17.67 0-32 14.33-32 32v32c0 17.67 14.33 32 32 32h384c17.67 0 32-14.33 32-32v-32c0-17.67-14.33-32-32-32z\"><\/path><\/svg>\t\t\t\t\t\t<\/span>\n\t\t\t\t\t\t\t\t\t\t<span class=\"elementor-icon-list-text\">Acide citrique  <\/span>\n\t\t\t\t\t\t\t\t\t<\/li>\n\t\t\t\t\t\t\t\t<li class=\"elementor-icon-list-item\">\n\t\t\t\t\t\t\t\t\t\t\t<span class=\"elementor-icon-list-icon\">\n\t\t\t\t\t\t\t<svg aria-hidden=\"true\" class=\"e-font-icon-svg e-fas-minus\" viewBox=\"0 0 448 512\" xmlns=\"http:\/\/www.w3.org\/2000\/svg\"><path d=\"M416 208H32c-17.67 0-32 14.33-32 32v32c0 17.67 14.33 32 32 32h384c17.67 0 32-14.33 32-32v-32c0-17.67-14.33-32-32-32z\"><\/path><\/svg>\t\t\t\t\t\t<\/span>\n\t\t\t\t\t\t\t\t\t\t<span class=\"elementor-icon-list-text\">Gomme arabique<\/span>\n\t\t\t\t\t\t\t\t\t<\/li>\n\t\t\t\t\t\t\t\t<li class=\"elementor-icon-list-item\">\n\t\t\t\t\t\t\t\t\t\t\t<span class=\"elementor-icon-list-icon\">\n\t\t\t\t\t\t\t<svg aria-hidden=\"true\" class=\"e-font-icon-svg e-fas-minus\" viewBox=\"0 0 448 512\" xmlns=\"http:\/\/www.w3.org\/2000\/svg\"><path d=\"M416 208H32c-17.67 0-32 14.33-32 32v32c0 17.67 14.33 32 32 32h384c17.67 0 32-14.33 32-32v-32c0-17.67-14.33-32-32-32z\"><\/path><\/svg>\t\t\t\t\t\t<\/span>\n\t\t\t\t\t\t\t\t\t\t<span class=\"elementor-icon-list-text\">Polyaspartate de potassium<\/span>\n\t\t\t\t\t\t\t\t\t<\/li>\n\t\t\t\t\t\t\t\t<li class=\"elementor-icon-list-item\">\n\t\t\t\t\t\t\t\t\t\t\t<span class=\"elementor-icon-list-icon\">\n\t\t\t\t\t\t\t<svg aria-hidden=\"true\" class=\"e-font-icon-svg e-fas-minus\" viewBox=\"0 0 448 512\" xmlns=\"http:\/\/www.w3.org\/2000\/svg\"><path d=\"M416 208H32c-17.67 0-32 14.33-32 32v32c0 17.67 14.33 32 32 32h384c17.67 0 32-14.33 32-32v-32c0-17.67-14.33-32-32-32z\"><\/path><\/svg>\t\t\t\t\t\t<\/span>\n\t\t\t\t\t\t\t\t\t\t<span class=\"elementor-icon-list-text\">Mannoprot\u00e9ines de levure<\/span>\n\t\t\t\t\t\t\t\t\t<\/li>\n\t\t\t\t\t\t<\/ul>\n\t\t\t\t\t\t<\/div>\n\t\t\t\t<\/div>\n\t\t\t\t\t<\/div>\n\t\t\t\t<\/div>\n\t\t<div class=\"elementor-element elementor-element-3f0fa74 e-flex e-con-boxed e-con e-parent\" data-id=\"3f0fa74\" data-element_type=\"container\">\n\t\t\t\t\t<div class=\"e-con-inner\">\n\t\t\t\t<div class=\"elementor-element elementor-element-b4fbcfa elementor-widget elementor-widget-heading\" data-id=\"b4fbcfa\" data-element_type=\"widget\" data-widget_type=\"heading.default\">\n\t\t\t\t<div class=\"elementor-widget-container\">\n\t\t\t\t\t<h4 class=\"elementor-heading-title elementor-size-default\">Liste des ingr\u00e9dients<\/h4>\t\t\t\t<\/div>\n\t\t\t\t<\/div>\n\t\t<div class=\"elementor-element elementor-element-6def646 e-con-full e-flex e-con e-child\" data-id=\"6def646\" data-element_type=\"container\">\n\t\t\t\t<div class=\"elementor-element elementor-element-cf57553 elementor-widget elementor-widget-html\" data-id=\"cf57553\" data-element_type=\"widget\" data-widget_type=\"html.default\">\n\t\t\t\t<div class=\"elementor-widget-container\">\n\t\t\t\t\t<table>\n    <tr>\n        <td>\u00c9l\u00e9ments nutritifs ou \u00e9nerg\u00e9tiques<\/td>\n        <td>Apports de r\u00e9f\u00e9rence<\/td>\n    <\/tr>\n    <tr>\n        <td>\u00c9nergie<\/td>\n        <td>290Kj\/100ml - 70 Kcal\/100ml<\/td>\n    <\/tr>\n    <tr>\n        <td>Mati\u00e8res grasses totales<\/td>\n        <td>0,0g<\/td>\n    <\/tr>\n    <tr>\n        <td>dont acides gras satur\u00e9s<\/td>\n        <td>0,0g<\/td>\n    <\/tr>\n    <tr>\n        <td>Glucides<\/td>\n        <td>2,4g<\/td>\n    <\/tr>\n    <tr>\n        <td>dont sucres<\/td>\n        <td>1,4g<\/td>\n    <\/tr>\n    <tr>\n        <td>Prot\u00e9ines<\/td>\n        <td>0,0g<\/td>\n    <\/tr>\n    <tr>\n        <td>Sel<\/td>\n        <td>0,0g<\/td>\n    <\/tr>\n<\/table>\t\t\t\t<\/div>\n\t\t\t\t<\/div>\n\t\t\t\t<\/div>\n\t\t\t\t\t<\/div>\n\t\t\t\t<\/div>\n\t\t<div class=\"elementor-element elementor-element-4a146d2 e-flex e-con-boxed e-con e-parent\" data-id=\"4a146d2\" data-element_type=\"container\">\n\t\t\t\t\t<div class=\"e-con-inner\">\n\t\t\t\t<div class=\"elementor-element elementor-element-f282d3d elementor-widget elementor-widget-heading\" data-id=\"f282d3d\" data-element_type=\"widget\" data-widget_type=\"heading.default\">\n\t\t\t\t<div class=\"elementor-widget-container\">\n\t\t\t\t\t<h4 class=\"elementor-heading-title elementor-size-default\">\u00c9limination des emballages<\/h4>\t\t\t\t<\/div>\n\t\t\t\t<\/div>\n\t\t<div class=\"elementor-element elementor-element-38ebd20 e-con-full e-flex e-con e-child\" data-id=\"38ebd20\" data-element_type=\"container\">\n\t\t\t\t<div class=\"elementor-element elementor-element-33d128a elementor-widget elementor-widget-html\" data-id=\"33d128a\" data-element_type=\"widget\" data-widget_type=\"html.default\">\n\t\t\t\t<div class=\"elementor-widget-container\">\n\t\t\t\t\t<table>\n    <tr>\n        <td>Bouteille<\/td>\n        <td>GL71 - Verre vert<\/td>\n    <\/tr>\n    <tr>\n        <td>Bouchon<\/td>\n        <td>FOR51 - Li\u00e8ge<\/td>\n    <\/tr>\n    <tr>\n        <td>Capsule<\/td>\n        <td>C\/PVC90 - Plastique\/aluminium<\/td>\n    <\/tr>\n    <tr>\n        <td>M\u00e9thode d'\u00e9limination<\/td>\n        <td>Collecte s\u00e9par\u00e9e<\/td>\n    <\/tr>\n    <tr>\n        <td colspan=\"2\">\nV\u00e9rifiez les r\u00e8gles en vigueur dans votre commune. S\u00e9parez les composants et livrez-les correctement.<\/td>\n    <\/tr>\n<\/table>\t\t\t\t<\/div>\n\t\t\t\t<\/div>\n\t\t\t\t<\/div>\n\t\t\t\t\t<\/div>\n\t\t\t\t<\/div>\n\t\t\t\t<\/div>\n\t\t","protected":false},"excerpt":{"rendered":"<p>Vin mousseux blanc Vin mousseux blanc \u00ab\u00a0Filips Country Liste des ingr\u00e9dients Raisins Mo\u00fbt de raisin concentr\u00e9 rectifi\u00e9 M\u00e9tabisulfite de potassium Acide L-ascorbique Acide citrique Gomme arabique Polyaspartate de potassium Mannoprot\u00e9ines de levure Liste des ingr\u00e9dients \u00c9l\u00e9ments nutritifs ou \u00e9nerg\u00e9tiques Apports de r\u00e9f\u00e9rence \u00c9nergie 290Kj\/100ml &#8211; 70 Kcal\/100ml Mati\u00e8res grasses totales 0,0g dont acides gras satur\u00e9s [&hellip;]<\/p>\n","protected":false},"author":1,"featured_media":0,"parent":0,"menu_order":0,"comment_status":"closed","ping_status":"closed","template":"elementor_canvas","meta":{"footnotes":""},"class_list":["post-884","page","type-page","status-publish","hentry"],"yoast_head":"<!-- This site is optimized with the Yoast SEO plugin v24.2 - https:\/\/yoast.com\/wordpress\/plugins\/seo\/ -->\n<title>Vin mousseux blanc - Ai Prati di Lazise<\/title>\n<meta name=\"robots\" content=\"index, follow, max-snippet:-1, max-image-preview:large, max-video-preview:-1\" \/>\n<link rel=\"canonical\" href=\"https:\/\/aipratidilazise.com\/fr\/vin-mousseux-blanc\/\" \/>\n<meta property=\"og:locale\" content=\"fr_FR\" \/>\n<meta property=\"og:type\" content=\"article\" \/>\n<meta property=\"og:title\" content=\"Vin mousseux blanc - Ai Prati di Lazise\" \/>\n<meta property=\"og:description\" content=\"Vin mousseux blanc Vin mousseux blanc \u00ab\u00a0Filips Country Liste des ingr\u00e9dients Raisins Mo\u00fbt de raisin concentr\u00e9 rectifi\u00e9 M\u00e9tabisulfite de potassium Acide L-ascorbique Acide citrique Gomme arabique Polyaspartate de potassium Mannoprot\u00e9ines de levure Liste des ingr\u00e9dients \u00c9l\u00e9ments nutritifs ou \u00e9nerg\u00e9tiques Apports de r\u00e9f\u00e9rence \u00c9nergie 290Kj\/100ml &#8211; 70 Kcal\/100ml Mati\u00e8res grasses totales 0,0g dont acides gras satur\u00e9s [&hellip;]\" \/>\n<meta property=\"og:url\" content=\"https:\/\/aipratidilazise.com\/fr\/vin-mousseux-blanc\/\" \/>\n<meta property=\"og:site_name\" content=\"Ai Prati di Lazise\" \/>\n<meta property=\"article:publisher\" content=\"https:\/\/www.facebook.com\/pages\/Agriturismo-Ai-Prati\/651156518307877?sk=timeline\" \/>\n<meta property=\"article:modified_time\" content=\"2024-10-19T14:18:18+00:00\" \/>\n<meta name=\"twitter:card\" content=\"summary_large_image\" \/>\n<meta name=\"twitter:label1\" content=\"Dur\u00e9e de lecture estim\u00e9e\" \/>\n\t<meta name=\"twitter:data1\" content=\"1 minute\" \/>\n<script type=\"application\/ld+json\" class=\"yoast-schema-graph\">{\"@context\":\"https:\/\/schema.org\",\"@graph\":[{\"@type\":\"WebPage\",\"@id\":\"https:\/\/aipratidilazise.com\/fr\/vin-mousseux-blanc\/\",\"url\":\"https:\/\/aipratidilazise.com\/fr\/vin-mousseux-blanc\/\",\"name\":\"Vin mousseux blanc - Ai Prati di Lazise\",\"isPartOf\":{\"@id\":\"https:\/\/aipratidilazise.com\/fr\/#website\"},\"datePublished\":\"2024-10-19T14:12:36+00:00\",\"dateModified\":\"2024-10-19T14:18:18+00:00\",\"breadcrumb\":{\"@id\":\"https:\/\/aipratidilazise.com\/fr\/vin-mousseux-blanc\/#breadcrumb\"},\"inLanguage\":\"fr-FR\",\"potentialAction\":[{\"@type\":\"ReadAction\",\"target\":[\"https:\/\/aipratidilazise.com\/fr\/vin-mousseux-blanc\/\"]}]},{\"@type\":\"BreadcrumbList\",\"@id\":\"https:\/\/aipratidilazise.com\/fr\/vin-mousseux-blanc\/#breadcrumb\",\"itemListElement\":[{\"@type\":\"ListItem\",\"position\":1,\"name\":\"Home\",\"item\":\"https:\/\/aipratidilazise.com\/fr\/\"},{\"@type\":\"ListItem\",\"position\":2,\"name\":\"Vin mousseux blanc\"}]},{\"@type\":\"WebSite\",\"@id\":\"https:\/\/aipratidilazise.com\/fr\/#website\",\"url\":\"https:\/\/aipratidilazise.com\/fr\/\",\"name\":\"Ai Prati di Lazise\",\"description\":\"Agriturimo e Agricampeggio\",\"potentialAction\":[{\"@type\":\"SearchAction\",\"target\":{\"@type\":\"EntryPoint\",\"urlTemplate\":\"https:\/\/aipratidilazise.com\/fr\/?s={search_term_string}\"},\"query-input\":{\"@type\":\"PropertyValueSpecification\",\"valueRequired\":true,\"valueName\":\"search_term_string\"}}],\"inLanguage\":\"fr-FR\"}]}<\/script>\n<!-- \/ Yoast SEO plugin. -->","yoast_head_json":{"title":"Vin mousseux blanc - Ai Prati di Lazise","robots":{"index":"index","follow":"follow","max-snippet":"max-snippet:-1","max-image-preview":"max-image-preview:large","max-video-preview":"max-video-preview:-1"},"canonical":"https:\/\/aipratidilazise.com\/fr\/vin-mousseux-blanc\/","og_locale":"fr_FR","og_type":"article","og_title":"Vin mousseux blanc - Ai Prati di Lazise","og_description":"Vin mousseux blanc Vin mousseux blanc \u00ab\u00a0Filips Country Liste des ingr\u00e9dients Raisins Mo\u00fbt de raisin concentr\u00e9 rectifi\u00e9 M\u00e9tabisulfite de potassium Acide L-ascorbique Acide citrique Gomme arabique Polyaspartate de potassium Mannoprot\u00e9ines de levure Liste des ingr\u00e9dients \u00c9l\u00e9ments nutritifs ou \u00e9nerg\u00e9tiques Apports de r\u00e9f\u00e9rence \u00c9nergie 290Kj\/100ml &#8211; 70 Kcal\/100ml Mati\u00e8res grasses totales 0,0g dont acides gras satur\u00e9s [&hellip;]","og_url":"https:\/\/aipratidilazise.com\/fr\/vin-mousseux-blanc\/","og_site_name":"Ai Prati di Lazise","article_publisher":"https:\/\/www.facebook.com\/pages\/Agriturismo-Ai-Prati\/651156518307877?sk=timeline","article_modified_time":"2024-10-19T14:18:18+00:00","twitter_card":"summary_large_image","twitter_misc":{"Dur\u00e9e de lecture estim\u00e9e":"1 minute"},"schema":{"@context":"https:\/\/schema.org","@graph":[{"@type":"WebPage","@id":"https:\/\/aipratidilazise.com\/fr\/vin-mousseux-blanc\/","url":"https:\/\/aipratidilazise.com\/fr\/vin-mousseux-blanc\/","name":"Vin mousseux blanc - Ai Prati di Lazise","isPartOf":{"@id":"https:\/\/aipratidilazise.com\/fr\/#website"},"datePublished":"2024-10-19T14:12:36+00:00","dateModified":"2024-10-19T14:18:18+00:00","breadcrumb":{"@id":"https:\/\/aipratidilazise.com\/fr\/vin-mousseux-blanc\/#breadcrumb"},"inLanguage":"fr-FR","potentialAction":[{"@type":"ReadAction","target":["https:\/\/aipratidilazise.com\/fr\/vin-mousseux-blanc\/"]}]},{"@type":"BreadcrumbList","@id":"https:\/\/aipratidilazise.com\/fr\/vin-mousseux-blanc\/#breadcrumb","itemListElement":[{"@type":"ListItem","position":1,"name":"Home","item":"https:\/\/aipratidilazise.com\/fr\/"},{"@type":"ListItem","position":2,"name":"Vin mousseux blanc"}]},{"@type":"WebSite","@id":"https:\/\/aipratidilazise.com\/fr\/#website","url":"https:\/\/aipratidilazise.com\/fr\/","name":"Ai Prati di Lazise","description":"Agriturimo e Agricampeggio","potentialAction":[{"@type":"SearchAction","target":{"@type":"EntryPoint","urlTemplate":"https:\/\/aipratidilazise.com\/fr\/?s={search_term_string}"},"query-input":{"@type":"PropertyValueSpecification","valueRequired":true,"valueName":"search_term_string"}}],"inLanguage":"fr-FR"}]}},"_links":{"self":[{"href":"https:\/\/aipratidilazise.com\/fr\/wp-json\/wp\/v2\/pages\/884","targetHints":{"allow":["GET"]}}],"collection":[{"href":"https:\/\/aipratidilazise.com\/fr\/wp-json\/wp\/v2\/pages"}],"about":[{"href":"https:\/\/aipratidilazise.com\/fr\/wp-json\/wp\/v2\/types\/page"}],"author":[{"embeddable":true,"href":"https:\/\/aipratidilazise.com\/fr\/wp-json\/wp\/v2\/users\/1"}],"replies":[{"embeddable":true,"href":"https:\/\/aipratidilazise.com\/fr\/wp-json\/wp\/v2\/comments?post=884"}],"version-history":[{"count":1,"href":"https:\/\/aipratidilazise.com\/fr\/wp-json\/wp\/v2\/pages\/884\/revisions"}],"predecessor-version":[{"id":885,"href":"https:\/\/aipratidilazise.com\/fr\/wp-json\/wp\/v2\/pages\/884\/revisions\/885"}],"wp:attachment":[{"href":"https:\/\/aipratidilazise.com\/fr\/wp-json\/wp\/v2\/media?parent=884"}],"curies":[{"name":"wp","href":"https:\/\/api.w.org\/{rel}","templated":true}]}}