{"id":987,"date":"2024-10-19T18:21:15","date_gmt":"2024-10-19T16:21:15","guid":{"rendered":"https:\/\/aipratidilazise.com\/politique-en-matiere-de-cookies\/"},"modified":"2025-03-12T11:03:14","modified_gmt":"2025-03-12T10:03:14","slug":"politique-en-matiere-de-cookies","status":"publish","type":"page","link":"https:\/\/aipratidilazise.com\/fr\/politique-en-matiere-de-cookies\/","title":{"rendered":"Politique en mati\u00e8re de cookies"},"content":{"rendered":"\t\t<div data-elementor-type=\"wp-page\" data-elementor-id=\"987\" class=\"elementor elementor-987 elementor-979\" data-elementor-post-type=\"page\">\n\t\t\t\t<div class=\"elementor-element elementor-element-a971409 e-flex e-con-boxed e-con e-parent\" data-id=\"a971409\" data-element_type=\"container\" data-settings=\"{&quot;background_background&quot;:&quot;classic&quot;}\">\n\t\t\t\t\t<div class=\"e-con-inner\">\n\t\t\t\t\t<\/div>\n\t\t\t\t<\/div>\n\t\t<div class=\"elementor-element elementor-element-39551ce2 e-flex e-con-boxed e-con e-parent\" data-id=\"39551ce2\" data-element_type=\"container\">\n\t\t\t\t\t<div class=\"e-con-inner\">\n\t\t\t\t<div class=\"elementor-element elementor-element-7075f4bc elementor-widget elementor-widget-text-editor\" data-id=\"7075f4bc\" data-element_type=\"widget\" data-widget_type=\"text-editor.default\">\n\t\t\t\t<div class=\"elementor-widget-container\">\n\t\t\t\t\t\t\t\t\t<h1><strong>Politique en mati\u00e8re de cookies de Ai Prati di Lazise<\/strong><\/h1>\n\n<hr>\n\nCe site web utilise des cookies afin de garantir \u00e0 l&rsquo;utilisateur une utilisation correcte du site et une meilleure exp\u00e9rience de navigation.\n<h4><b>Qu&rsquo;est-ce qu&rsquo;un biscuit ?<\/b><\/h4>\nLes cookies sont de petits fichiers texte stock\u00e9s sur les terminaux des utilisateurs par le serveur du site web qu&rsquo;ils visitent. Ils contiennent des informations relatives \u00e0 la navigation de l&rsquo;utilisateur qui peuvent \u00eatre lues par le serveur qui les a envoy\u00e9s lors de sessions de navigation ult\u00e9rieures. \n<h4><b>Types de cookies<\/b><\/h4>\n<b>Cookies techniques<\/b>: ils sont utilis\u00e9s pour effectuer l&rsquo;authentification de l&rsquo;ordinateur, surveiller les sessions et stocker des informations sp\u00e9cifiques sur les utilisateurs qui acc\u00e8dent \u00e0 une page web.\n\nCes cookies sont souvent utiles, car ils peuvent rendre la navigation et l&rsquo;utilisation du web plus rapides, car ils interviennent pour faciliter certaines proc\u00e9dures.\n\n<b>Cookies fonctionnels<\/b>: ils permettent au site de m\u00e9moriser les choix effectu\u00e9s par l&rsquo;utilisateur (par exemple la langue ou la zone g\u00e9ographique dans laquelle il se trouve) et de les reproposer lors d&rsquo;acc\u00e8s ult\u00e9rieurs afin de fournir des services meilleurs et personnalis\u00e9s (par exemple, ils peuvent \u00eatre utilis\u00e9s pour proposer des contenus similaires \u00e0 ceux demand\u00e9s pr\u00e9c\u00e9demment par l&rsquo;utilisateur).\n\n<b>Cookies statistiques<\/b>: utilis\u00e9s par les op\u00e9rateurs de sites web pour collecter des informations, sous forme agr\u00e9g\u00e9e, sur le nombre d&rsquo;utilisateurs et la mani\u00e8re dont ils visitent le site, et ainsi compiler des statistiques g\u00e9n\u00e9rales sur le service et son utilisation.\n\n<b>Cookies de profilage<\/b>: utilis\u00e9s pour suivre et profiler les utilisateurs pendant la navigation, \u00e9tudier leurs mouvements et leurs habitudes de navigation ou de consommation sur le web, \u00e9galement dans le but d&rsquo;envoyer des publicit\u00e9s de services cibl\u00e9es et personnalis\u00e9es.\n\nEn fonction de l&rsquo;entit\u00e9 qui installe les cookies sur le terminal de l&rsquo;utilisateur, on distingue les cookies de <b>\u00ab\u00a0premi\u00e8re partie\u00a0\u00bb<\/b> et les <b>cookies de \u00ab\u00a0tierce partie\u00a0\u00bb.<\/b>\n\nLes cookies de premi\u00e8re partie sont install\u00e9s directement par l&rsquo;op\u00e9rateur du site lui-m\u00eame.\n\nLes cookies tiers, en revanche, sont des cookies g\u00e9r\u00e9s par un site autre que celui sur lequel l&rsquo;utilisateur navigue mais li\u00e9 \u00e0 lui, pour la gestion de certains types de contenus. Il s&rsquo;agit g\u00e9n\u00e9ralement d&rsquo;images, de sons, de liens ou d&rsquo;autres \u00e9l\u00e9ments qui r\u00e9sident en dehors du site visit\u00e9. \n<h4><b>Description de la mani\u00e8re de consentir \u00e0 l&rsquo;installation de cookies<\/b><\/h4>\nEn acc\u00e9dant \u00e0 ce site pour la premi\u00e8re fois, l&rsquo;utilisateur trouvera une banni\u00e8re avec une courte notice d&rsquo;information contenant un lien vers cette notice d&rsquo;information \u00e9tendue. Dans cette notice d&rsquo;information \u00e9tendue, l&rsquo;utilisateur trouvera plus d&rsquo;informations sur la description et les caract\u00e9ristiques des diff\u00e9rentes cat\u00e9gories de cookies install\u00e9s par le Propri\u00e9taire et par des tiers et aura la possibilit\u00e9 de d\u00e9cider de mani\u00e8re autonome quels cookies autoriser. Le consentement de l&rsquo;utilisateur n&rsquo;est pas requis pour l&rsquo;utilisation des cookies techniques. Pour les autres cookies, en revanche, le consentement est requis. En tout \u00e9tat de cause, l&rsquo;utilisateur peut \u00e0 tout moment modifier ses pr\u00e9f\u00e9rences en mati\u00e8re de cookies, y compris en refusant de consentir \u00e0 l&rsquo;utilisation de tout cookie (y compris les cookies install\u00e9s par des tiers) sur le site.    \t\t\t\t\t\t\t\t<\/div>\n\t\t\t\t<\/div>\n\t\t\t\t<div class=\"elementor-element elementor-element-7ea9ad6 elementor-widget elementor-widget-html\" data-id=\"7ea9ad6\" data-element_type=\"widget\" data-widget_type=\"html.default\">\n\t\t\t\t<div class=\"elementor-widget-container\">\n\t\t\t\t\t<script>document.addEventListener(\"DOMContentLoaded\", function() {\n    function copyCookieYesContent() {\n        var cookieYesContent = document.querySelector('.cky-accordion-wrapper');\n        var myContainer = document.getElementById('cookie_utilizzati');\n\n        if (cookieYesContent && myContainer) {\n            \/\/ Copia il contenuto HTML\n            myContainer.innerHTML = cookieYesContent.innerHTML;\n\n            \/\/ Rimuovi gli elementi con le classi specificate\n            var classesToRemove = ['.cky-switch', '.cky-always-active', '.cky-accordion-header-des'];\n            classesToRemove.forEach(function(className) {\n                var elements = myContainer.querySelectorAll(className);\n                elements.forEach(function(element) {\n                    element.parentNode.removeChild(element);\n                });\n            });\n\n            \/\/ Mostra gli elementi con classe .cky-accordion-body\n            var accordionBodies = myContainer.querySelectorAll('.cky-accordion-body');\n            accordionBodies.forEach(function(element) {\n                element.style.display = 'block';\n            });\n        } else {\n            \/\/ Riprova dopo un breve ritardo se gli elementi non sono ancora disponibili\n            setTimeout(copyCookieYesContent, 500);\n        }\n    }\n\n    copyCookieYesContent();\n});\n<\/script>\t\t\t\t<\/div>\n\t\t\t\t<\/div>\n\t\t\t\t<div class=\"elementor-element elementor-element-bc6a3e7 elementor-widget elementor-widget-n-accordion\" data-id=\"bc6a3e7\" data-element_type=\"widget\" data-settings=\"{&quot;default_state&quot;:&quot;all_collapsed&quot;,&quot;max_items_expended&quot;:&quot;one&quot;,&quot;n_accordion_animation_duration&quot;:{&quot;unit&quot;:&quot;ms&quot;,&quot;size&quot;:400,&quot;sizes&quot;:[]}}\" data-widget_type=\"nested-accordion.default\">\n\t\t\t\t<div class=\"elementor-widget-container\">\n\t\t\t\t\t\t\t<div class=\"e-n-accordion\" aria-label=\"Accordion. Open links with Enter or Space, close with Escape, and navigate with Arrow Keys\">\n\t\t\t\t\t\t<details id=\"e-n-accordion-item-1970\" class=\"e-n-accordion-item\" >\n\t\t\t\t<summary class=\"e-n-accordion-item-title\" data-accordion-index=\"1\" tabindex=\"0\" aria-expanded=\"false\" aria-controls=\"e-n-accordion-item-1970\" >\n\t\t\t\t\t<span class='e-n-accordion-item-title-header'><div class=\"e-n-accordion-item-title-text\"> Cookies utilis\u00e9s sur ce site <\/div><\/span>\n\t\t\t\t\t\t\t<span class='e-n-accordion-item-title-icon'>\n\t\t\t<span class='e-opened' ><svg aria-hidden=\"true\" class=\"e-font-icon-svg e-fas-minus\" viewBox=\"0 0 448 512\" xmlns=\"http:\/\/www.w3.org\/2000\/svg\"><path d=\"M416 208H32c-17.67 0-32 14.33-32 32v32c0 17.67 14.33 32 32 32h384c17.67 0 32-14.33 32-32v-32c0-17.67-14.33-32-32-32z\"><\/path><\/svg><\/span>\n\t\t\t<span class='e-closed'><svg aria-hidden=\"true\" class=\"e-font-icon-svg e-fas-plus\" viewBox=\"0 0 448 512\" xmlns=\"http:\/\/www.w3.org\/2000\/svg\"><path d=\"M416 208H272V64c0-17.67-14.33-32-32-32h-32c-17.67 0-32 14.33-32 32v144H32c-17.67 0-32 14.33-32 32v32c0 17.67 14.33 32 32 32h144v144c0 17.67 14.33 32 32 32h32c17.67 0 32-14.33 32-32V304h144c17.67 0 32-14.33 32-32v-32c0-17.67-14.33-32-32-32z\"><\/path><\/svg><\/span>\n\t\t<\/span>\n\n\t\t\t\t\t\t<\/summary>\n\t\t\t\t<div role=\"region\" aria-labelledby=\"e-n-accordion-item-1970\" class=\"elementor-element elementor-element-2a0b2e4 e-con-full e-flex e-con e-child\" data-id=\"2a0b2e4\" data-element_type=\"container\" id=\"cookie_utilizzati\">\n\t\t\t\t<\/div>\n\t\t\t\t\t<\/details>\n\t\t\t\t\t<\/div>\n\t\t\t\t\t\t<\/div>\n\t\t\t\t<\/div>\n\t\t\t\t<div class=\"elementor-element elementor-element-6e4d416 elementor-widget elementor-widget-text-editor\" data-id=\"6e4d416\" data-element_type=\"widget\" data-widget_type=\"text-editor.default\">\n\t\t\t\t<div class=\"elementor-widget-container\">\n\t\t\t\t\t\t\t\t\t<h4><strong>Mises \u00e0 jour de la politique en mati\u00e8re de cookies<\/strong><\/h4>\nNous nous r\u00e9servons le droit de modifier la pr\u00e9sente politique en mati\u00e8re de cookies. Nous vous invitons donc \u00e0 consulter r\u00e9guli\u00e8rement cette page pour \u00eatre inform\u00e9 de tout changement. \n<h4><strong>Contact<\/strong><\/h4>\nSi vous avez des informations ou des questions concernant la pr\u00e9sente politique en mati\u00e8re de cookies, veuillez nous contacter par courrier \u00e9lectronique :\n\n<strong><a rel=\"noopener\">aipratidilazise@gmail.com<\/a><\/strong>\n\n<hr>\n\n<em>Derni\u00e8re mise \u00e0 jour : 19 octobre 2024<\/em>\t\t\t\t\t\t\t\t<\/div>\n\t\t\t\t<\/div>\n\t\t\t\t\t<\/div>\n\t\t\t\t<\/div>\n\t\t\t\t<\/div>\n\t\t","protected":false},"excerpt":{"rendered":"<p>Politique en mati\u00e8re de cookies de Ai Prati di Lazise Ce site web utilise des cookies afin de garantir \u00e0 l&rsquo;utilisateur une utilisation correcte du site et une meilleure exp\u00e9rience de navigation. Qu&rsquo;est-ce qu&rsquo;un biscuit ? Les cookies sont de petits fichiers texte stock\u00e9s sur les terminaux des utilisateurs par le serveur du site web [&hellip;]<\/p>\n","protected":false},"author":1,"featured_media":0,"parent":0,"menu_order":0,"comment_status":"closed","ping_status":"closed","template":"","meta":{"footnotes":""},"class_list":["post-987","page","type-page","status-publish","hentry"],"yoast_head":"<!-- This site is optimized with the Yoast SEO plugin v24.2 - https:\/\/yoast.com\/wordpress\/plugins\/seo\/ -->\n<title>Politique en mati\u00e8re de cookies - Ai Prati di Lazise<\/title>\n<meta name=\"robots\" content=\"index, follow, max-snippet:-1, max-image-preview:large, max-video-preview:-1\" \/>\n<link rel=\"canonical\" href=\"https:\/\/aipratidilazise.com\/fr\/politique-en-matiere-de-cookies\/\" \/>\n<meta property=\"og:locale\" content=\"fr_FR\" \/>\n<meta property=\"og:type\" content=\"article\" \/>\n<meta property=\"og:title\" content=\"Politique en mati\u00e8re de cookies - Ai Prati di Lazise\" \/>\n<meta property=\"og:description\" content=\"Politique en mati\u00e8re de cookies de Ai Prati di Lazise Ce site web utilise des cookies afin de garantir \u00e0 l&rsquo;utilisateur une utilisation correcte du site et une meilleure exp\u00e9rience de navigation. Qu&rsquo;est-ce qu&rsquo;un biscuit ? Les cookies sont de petits fichiers texte stock\u00e9s sur les terminaux des utilisateurs par le serveur du site web [&hellip;]\" \/>\n<meta property=\"og:url\" content=\"https:\/\/aipratidilazise.com\/fr\/politique-en-matiere-de-cookies\/\" \/>\n<meta property=\"og:site_name\" content=\"Ai Prati di Lazise\" \/>\n<meta property=\"article:publisher\" content=\"https:\/\/www.facebook.com\/pages\/Agriturismo-Ai-Prati\/651156518307877?sk=timeline\" \/>\n<meta property=\"article:modified_time\" content=\"2025-03-12T10:03:14+00:00\" \/>\n<meta name=\"twitter:card\" content=\"summary_large_image\" \/>\n<meta name=\"twitter:label1\" content=\"Dur\u00e9e de lecture estim\u00e9e\" \/>\n\t<meta name=\"twitter:data1\" content=\"3 minutes\" \/>\n<script type=\"application\/ld+json\" class=\"yoast-schema-graph\">{\"@context\":\"https:\/\/schema.org\",\"@graph\":[{\"@type\":\"WebPage\",\"@id\":\"https:\/\/aipratidilazise.com\/fr\/politique-en-matiere-de-cookies\/\",\"url\":\"https:\/\/aipratidilazise.com\/fr\/politique-en-matiere-de-cookies\/\",\"name\":\"Politique en mati\u00e8re de cookies - Ai Prati di Lazise\",\"isPartOf\":{\"@id\":\"https:\/\/aipratidilazise.com\/fr\/#website\"},\"datePublished\":\"2024-10-19T16:21:15+00:00\",\"dateModified\":\"2025-03-12T10:03:14+00:00\",\"breadcrumb\":{\"@id\":\"https:\/\/aipratidilazise.com\/fr\/politique-en-matiere-de-cookies\/#breadcrumb\"},\"inLanguage\":\"fr-FR\",\"potentialAction\":[{\"@type\":\"ReadAction\",\"target\":[\"https:\/\/aipratidilazise.com\/fr\/politique-en-matiere-de-cookies\/\"]}]},{\"@type\":\"BreadcrumbList\",\"@id\":\"https:\/\/aipratidilazise.com\/fr\/politique-en-matiere-de-cookies\/#breadcrumb\",\"itemListElement\":[{\"@type\":\"ListItem\",\"position\":1,\"name\":\"Home\",\"item\":\"https:\/\/aipratidilazise.com\/fr\/\"},{\"@type\":\"ListItem\",\"position\":2,\"name\":\"Politique en mati\u00e8re de cookies\"}]},{\"@type\":\"WebSite\",\"@id\":\"https:\/\/aipratidilazise.com\/fr\/#website\",\"url\":\"https:\/\/aipratidilazise.com\/fr\/\",\"name\":\"Ai Prati di Lazise\",\"description\":\"Agriturimo e Agricampeggio\",\"potentialAction\":[{\"@type\":\"SearchAction\",\"target\":{\"@type\":\"EntryPoint\",\"urlTemplate\":\"https:\/\/aipratidilazise.com\/fr\/?s={search_term_string}\"},\"query-input\":{\"@type\":\"PropertyValueSpecification\",\"valueRequired\":true,\"valueName\":\"search_term_string\"}}],\"inLanguage\":\"fr-FR\"}]}<\/script>\n<!-- \/ Yoast SEO plugin. -->","yoast_head_json":{"title":"Politique en mati\u00e8re de cookies - Ai Prati di Lazise","robots":{"index":"index","follow":"follow","max-snippet":"max-snippet:-1","max-image-preview":"max-image-preview:large","max-video-preview":"max-video-preview:-1"},"canonical":"https:\/\/aipratidilazise.com\/fr\/politique-en-matiere-de-cookies\/","og_locale":"fr_FR","og_type":"article","og_title":"Politique en mati\u00e8re de cookies - Ai Prati di Lazise","og_description":"Politique en mati\u00e8re de cookies de Ai Prati di Lazise Ce site web utilise des cookies afin de garantir \u00e0 l&rsquo;utilisateur une utilisation correcte du site et une meilleure exp\u00e9rience de navigation. Qu&rsquo;est-ce qu&rsquo;un biscuit ? Les cookies sont de petits fichiers texte stock\u00e9s sur les terminaux des utilisateurs par le serveur du site web [&hellip;]","og_url":"https:\/\/aipratidilazise.com\/fr\/politique-en-matiere-de-cookies\/","og_site_name":"Ai Prati di Lazise","article_publisher":"https:\/\/www.facebook.com\/pages\/Agriturismo-Ai-Prati\/651156518307877?sk=timeline","article_modified_time":"2025-03-12T10:03:14+00:00","twitter_card":"summary_large_image","twitter_misc":{"Dur\u00e9e de lecture estim\u00e9e":"3 minutes"},"schema":{"@context":"https:\/\/schema.org","@graph":[{"@type":"WebPage","@id":"https:\/\/aipratidilazise.com\/fr\/politique-en-matiere-de-cookies\/","url":"https:\/\/aipratidilazise.com\/fr\/politique-en-matiere-de-cookies\/","name":"Politique en mati\u00e8re de cookies - Ai Prati di Lazise","isPartOf":{"@id":"https:\/\/aipratidilazise.com\/fr\/#website"},"datePublished":"2024-10-19T16:21:15+00:00","dateModified":"2025-03-12T10:03:14+00:00","breadcrumb":{"@id":"https:\/\/aipratidilazise.com\/fr\/politique-en-matiere-de-cookies\/#breadcrumb"},"inLanguage":"fr-FR","potentialAction":[{"@type":"ReadAction","target":["https:\/\/aipratidilazise.com\/fr\/politique-en-matiere-de-cookies\/"]}]},{"@type":"BreadcrumbList","@id":"https:\/\/aipratidilazise.com\/fr\/politique-en-matiere-de-cookies\/#breadcrumb","itemListElement":[{"@type":"ListItem","position":1,"name":"Home","item":"https:\/\/aipratidilazise.com\/fr\/"},{"@type":"ListItem","position":2,"name":"Politique en mati\u00e8re de cookies"}]},{"@type":"WebSite","@id":"https:\/\/aipratidilazise.com\/fr\/#website","url":"https:\/\/aipratidilazise.com\/fr\/","name":"Ai Prati di Lazise","description":"Agriturimo e Agricampeggio","potentialAction":[{"@type":"SearchAction","target":{"@type":"EntryPoint","urlTemplate":"https:\/\/aipratidilazise.com\/fr\/?s={search_term_string}"},"query-input":{"@type":"PropertyValueSpecification","valueRequired":true,"valueName":"search_term_string"}}],"inLanguage":"fr-FR"}]}},"_links":{"self":[{"href":"https:\/\/aipratidilazise.com\/fr\/wp-json\/wp\/v2\/pages\/987","targetHints":{"allow":["GET"]}}],"collection":[{"href":"https:\/\/aipratidilazise.com\/fr\/wp-json\/wp\/v2\/pages"}],"about":[{"href":"https:\/\/aipratidilazise.com\/fr\/wp-json\/wp\/v2\/types\/page"}],"author":[{"embeddable":true,"href":"https:\/\/aipratidilazise.com\/fr\/wp-json\/wp\/v2\/users\/1"}],"replies":[{"embeddable":true,"href":"https:\/\/aipratidilazise.com\/fr\/wp-json\/wp\/v2\/comments?post=987"}],"version-history":[{"count":4,"href":"https:\/\/aipratidilazise.com\/fr\/wp-json\/wp\/v2\/pages\/987\/revisions"}],"predecessor-version":[{"id":2516,"href":"https:\/\/aipratidilazise.com\/fr\/wp-json\/wp\/v2\/pages\/987\/revisions\/2516"}],"wp:attachment":[{"href":"https:\/\/aipratidilazise.com\/fr\/wp-json\/wp\/v2\/media?parent=987"}],"curies":[{"name":"wp","href":"https:\/\/api.w.org\/{rel}","templated":true}]}}